{"id":269448,"date":"2022-07-06T07:47:06","date_gmt":"2022-07-06T07:47:06","guid":{"rendered":"https:\/\/thefourwinds.com\/marcela-lobos-lebenslauf\/"},"modified":"2022-07-06T07:47:08","modified_gmt":"2022-07-06T07:47:08","slug":"marcela-lobos-lebenslauf","status":"publish","type":"page","link":"https:\/\/thefourwinds.com\/de\/marcela-lobos-lebenslauf\/","title":{"rendered":"Marcela Lobos &#8211; Lebenslauf"},"content":{"rendered":"<p>[et_pb_section fb_built=&#8220;1&#8243; _builder_version=&#8220;3.22&#8243; global_colors_info=&#8220;{}&#8220;][et_pb_row _builder_version=&#8220;3.25&#8243; background_size=&#8220;initial&#8220; background_position=&#8220;top_left&#8220; background_repeat=&#8220;repeat&#8220; global_colors_info=&#8220;{}&#8220;][et_pb_column type=&#8220;4_4&#8243; _builder_version=&#8220;3.25&#8243; custom_padding=&#8220;|||&#8220; global_colors_info=&#8220;{}&#8220; custom_padding__hover=&#8220;|||&#8220;][et_pb_text _builder_version=&#8220;4.10.2&#8243; background_size=&#8220;initial&#8220; background_position=&#8220;top_left&#8220; background_repeat=&#8220;repeat&#8220; global_colors_info=&#8220;{}&#8220;]<\/p>\n<h3 style=\"text-align: left;\">Dies ist meine Geschichte<\/h3>\n<p style=\"text-align: left;\">Ich kam mit zwanzig Jahren ins Hippie-Kalifornien. Weizengrassaft, Hang-Loose-Surfen und behaarte Achselh\u00f6hlen von Frauen boten mir eine Freiheit, von der ich nicht wusste, dass sie m\u00f6glich war. Das Studium von Yoga, Massage und Ayurveda \u00f6ffnete mir die Augen f\u00fcr ein ganzheitliches Leben. Trotz all dieser Aufbr\u00fcche haben meine Ehe und meine baldige Mutterschaft meine unverarbeiteten Kindheitstraumata und Generationsverletzungen wieder aufleben lassen.<\/p>\n<p style=\"text-align: left;\">Im Alter von drei\u00dfig Jahren, w\u00e4hrend ich elendig im dunklen Pool meiner \u00c4ngste ertrank, wurde ich ersch\u00f6pft an die Gestade des schamanischen Pfades gesp\u00fclt. Mit der Kraft und Geschwindigkeit eines Blitzes nahm mein Leben eine scharfe Wendung in Richtung meiner eigenen Heilung und meines Verst\u00e4ndnisses der Heldenreise. Nach einem Jahrzehnt hatte ich das Kernst\u00fcck der Alchemisierung meines Schmerzes und meiner Sorgen in Quellen der Weisheit und des Mitgef\u00fchls abgeschlossen. Ich wurde zun\u00e4chst im Rahmen der Four Winds Society in die Mysterienlehren eingeweiht, und dann direkt von den Weisheitsbewahrern der peruanischen Anden und des Amazonasdschungels.<\/p>\n<p>[\/et_pb_text][\/et_pb_column][\/et_pb_row][\/et_pb_section][et_pb_section fb_built=&#8220;1&#8243; _builder_version=&#8220;4.10.2&#8243; _module_preset=&#8220;default&#8220; background_image=&#8220;https:\/\/thefourwinds.com\/wp-content\/uploads\/2021\/08\/Background-Marcela-2.jpg&#8220; parallax=&#8220;on&#8220; parallax_method=&#8220;off&#8220; custom_padding=&#8220;95px||83px|||&#8220; global_colors_info=&#8220;{}&#8220;][et_pb_row column_structure=&#8220;1_2,1_2&#8243; _builder_version=&#8220;4.10.2&#8243; _module_preset=&#8220;default&#8220; global_colors_info=&#8220;{}&#8220;][et_pb_column type=&#8220;1_2&#8243; _builder_version=&#8220;4.10.2&#8243; _module_preset=&#8220;default&#8220; global_colors_info=&#8220;{}&#8220;][\/et_pb_column][et_pb_column type=&#8220;1_2&#8243; _builder_version=&#8220;4.10.2&#8243; _module_preset=&#8220;default&#8220; global_colors_info=&#8220;{}&#8220;][et_pb_text _builder_version=&#8220;4.10.2&#8243; _module_preset=&#8220;default&#8220; hover_enabled=&#8220;0&#8243; global_colors_info=&#8220;{}&#8220; sticky_enabled=&#8220;0&#8243;]<\/p>\n<h3>&#8222;Das Herz des Mutterleibs impliziert, dass das Leben ein Kontinuum ist; nur wenn wir wirklich wissen, wie wir sterben oder uns unserer Metamorphose hingeben, haben wir gelernt zu leben.&#8220;<\/h3>\n<p>&nbsp;<\/p>\n<h6 style=\"text-align: center;\">&#8211; Marcela Lobos<\/h6>\n<p>[\/et_pb_text][\/et_pb_column][\/et_pb_row][\/et_pb_section][et_pb_section fb_built=&#8220;1&#8243; _builder_version=&#8220;3.22&#8243; global_colors_info=&#8220;{}&#8220;][et_pb_row _builder_version=&#8220;3.25&#8243; background_size=&#8220;initial&#8220; background_position=&#8220;top_left&#8220; background_repeat=&#8220;repeat&#8220; global_colors_info=&#8220;{}&#8220;][et_pb_column type=&#8220;4_4&#8243; _builder_version=&#8220;3.25&#8243; custom_padding=&#8220;|||&#8220; global_colors_info=&#8220;{}&#8220; custom_padding__hover=&#8220;|||&#8220;][et_pb_text _builder_version=&#8220;4.10.2&#8243; background_size=&#8220;initial&#8220; background_position=&#8220;top_left&#8220; background_repeat=&#8220;repeat&#8220; global_colors_info=&#8220;{}&#8220;]<\/p>\n<p style=\"text-align: left;\">In der Zwischenzeit kehrte ich nach Chile zur\u00fcck, studierte bei den Medizinfrauen des S\u00fcdens und gr\u00fcndete ein R\u00fcckzugszentrum in den Bergen &#8211; zusammen mit meinem zweiten Mann, Alberto Villoldo, Schamane, Autor und Gr\u00fcnder der Mysterienschule, die ich besuchte.<\/p>\n<p style=\"text-align: left;\">W\u00e4hrend all dieser Jahre wuchs in meinem Herzen das Verlangen, die tiefste Wahrheit der Realit\u00e4t zu sp\u00fcren und sich mit ihr zu verbinden. In meinen Vierzigern kultivierte ich tantrische und buddhistische Praktiken, die ich mit Liebe und Freude mit meinen \u00fcbrigen Ritualen verwebe.<\/p>\n<p style=\"text-align: left;\">Heute ist es meine Leidenschaft, \u00fcber die Landkarten zu lehren, die uns zur Selbstverwirklichung f\u00fchren, und ich freue mich, \u00dcbergangsriten f\u00fcr Frauen zu gestalten, damit sie in ihre eigene Sch\u00f6nheit, Kraft und Weisheit eintreten k\u00f6nnen.<\/p>\n<p style=\"text-align: left;\">Im Jahr 2009 gr\u00fcndeten Alberto und ich Los Cuatro Caminos, eine Schule, die auf Spanisch alte schamanische Lehren mit zeitgen\u00f6ssischer Weisheit verbindet. Seitdem haben wir Hunderte von Sch\u00fclern durch das Medizinrad- und das Munay-Ki-Programm gef\u00fchrt.<\/p>\n<p style=\"text-align: left;\">Wenn ich nicht gerade schreibe, liebe ich die Landschaftsgestaltung im Los Lobos Sanctuary, unserem R\u00fcckzugszentrum in den Bergen Chiles. Und schlie\u00dflich bin ich sehr stolz auf meine beiden S\u00f6hne, die auf ihrer Suche nach der Wahrheit Physiker und Dichter geworden sind.<\/p>\n<p style=\"text-align: left;\">[\/et_pb_text][\/et_pb_column][\/et_pb_row][\/et_pb_section][et_pb_section fb_built=&#8220;1&#8243; _builder_version=&#8220;4.10.2&#8243; _module_preset=&#8220;default&#8220; background_image=&#8220;https:\/\/thefourwinds.com\/wp-content\/uploads\/2021\/08\/Background-Marcela-3-2.jpg&#8220; parallax=&#8220;on&#8220; parallax_method=&#8220;off&#8220; custom_padding=&#8220;128px||83px|||&#8220; global_colors_info=&#8220;{}&#8220;][et_pb_row column_structure=&#8220;1_2,1_2&#8243; _builder_version=&#8220;4.10.2&#8243; _module_preset=&#8220;default&#8220; global_colors_info=&#8220;{}&#8220;][et_pb_column type=&#8220;1_2&#8243; _builder_version=&#8220;4.10.2&#8243; _module_preset=&#8220;default&#8220; global_colors_info=&#8220;{}&#8220;][et_pb_text _builder_version=&#8220;4.10.2&#8243; _module_preset=&#8220;default&#8220; global_colors_info=&#8220;{}&#8220;]<\/p>\n<h3>W\u00e4hrend meiner Arbeit mit Pflanzenheilkunde im Dschungel von Per\u00fa begegnete ich der Linie erneut. W\u00e4hrend einer n\u00e4chtlichen Zeremonie sagten sie deutlich: &#8222;Marcela, du bist bereit, unsere Einweihung und unsere Botschaft an die Frauen weiterzugeben. Wir werden Ihnen unsere \u00dcbertragung geben.&#8220;<\/h3>\n<p>[\/et_pb_text][\/et_pb_column][et_pb_column type=&#8220;1_2&#8243; _builder_version=&#8220;4.10.2&#8243; _module_preset=&#8220;default&#8220; global_colors_info=&#8220;{}&#8220;][\/et_pb_column][\/et_pb_row][\/et_pb_section]<\/p>\n","protected":false},"excerpt":{"rendered":"<p>Dies ist meine Geschichte Ich kam mit zwanzig Jahren ins Hippie-Kalifornien. Weizengrassaft, Hang-Loose-Surfen und behaarte Achselh\u00f6hlen von Frauen boten mir eine Freiheit, von der ich nicht wusste, dass sie m\u00f6glich [&hellip;]<\/p>\n","protected":false},"author":283,"featured_media":0,"parent":0,"menu_order":0,"comment_status":"closed","ping_status":"closed","template":"","meta":{"_et_pb_use_builder":"on","_et_pb_old_content":"","_et_gb_content_width":"","_price":"","_stock":"","_tribe_ticket_header":"","_tribe_default_ticket_provider":"","_tribe_ticket_capacity":"0","_ticket_start_date":"","_ticket_end_date":"","_tribe_ticket_show_description":"","_tribe_ticket_show_not_going":false,"_tribe_ticket_use_global_stock":"","_tribe_ticket_global_stock_level":"","_global_stock_mode":"","_global_stock_cap":"","_tribe_rsvp_for_event":"","_tribe_ticket_going_count":"","_tribe_ticket_not_going_count":"","_tribe_tickets_list":"[]","_tribe_ticket_has_attendee_info_fields":false,"footnotes":"","_tec_slr_enabled":"","_tec_slr_layout":""},"class_list":["post-269448","page","type-page","status-publish","hentry"],"yoast_head":"<!-- This site is optimized with the Yoast SEO plugin v27.4 - https:\/\/yoast.com\/product\/yoast-seo-wordpress\/ -->\n<title>Marcela Lobos - Lebenslauf - The Four Winds<\/title>\n<meta name=\"robots\" content=\"index, follow, max-snippet:-1, max-image-preview:large, max-video-preview:-1\" \/>\n<link rel=\"canonical\" href=\"https:\/\/thefourwinds.com\/de\/marcela-lobos-lebenslauf\/\" \/>\n<meta property=\"og:locale\" content=\"de_DE\" \/>\n<meta property=\"og:type\" content=\"article\" \/>\n<meta property=\"og:title\" content=\"Marcela Lobos - Lebenslauf - The Four Winds\" \/>\n<meta property=\"og:description\" content=\"Dies ist meine Geschichte Ich kam mit zwanzig Jahren ins Hippie-Kalifornien. Weizengrassaft, Hang-Loose-Surfen und behaarte Achselh\u00f6hlen von Frauen boten mir eine Freiheit, von der ich nicht wusste, dass sie m\u00f6glich [&hellip;]\" \/>\n<meta property=\"og:url\" content=\"https:\/\/thefourwinds.com\/de\/marcela-lobos-lebenslauf\/\" \/>\n<meta property=\"og:site_name\" content=\"The Four Winds\" \/>\n<meta property=\"article:modified_time\" content=\"2022-07-06T07:47:08+00:00\" \/>\n<meta name=\"twitter:card\" content=\"summary_large_image\" \/>\n<meta name=\"twitter:label1\" content=\"Gesch\u00e4tzte Lesezeit\" \/>\n\t<meta name=\"twitter:data1\" content=\"4\u00a0Minuten\" \/>\n<script type=\"application\/ld+json\" class=\"yoast-schema-graph\">{\"@context\":\"https:\\\/\\\/schema.org\",\"@graph\":[{\"@type\":\"WebPage\",\"@id\":\"https:\\\/\\\/thefourwinds.com\\\/de\\\/marcela-lobos-lebenslauf\\\/\",\"url\":\"https:\\\/\\\/thefourwinds.com\\\/de\\\/marcela-lobos-lebenslauf\\\/\",\"name\":\"Marcela Lobos - Lebenslauf - The Four Winds\",\"isPartOf\":{\"@id\":\"https:\\\/\\\/thefourwinds.com\\\/de\\\/#website\"},\"datePublished\":\"2022-07-06T07:47:06+00:00\",\"dateModified\":\"2022-07-06T07:47:08+00:00\",\"breadcrumb\":{\"@id\":\"https:\\\/\\\/thefourwinds.com\\\/de\\\/marcela-lobos-lebenslauf\\\/#breadcrumb\"},\"inLanguage\":\"de\",\"potentialAction\":[{\"@type\":\"ReadAction\",\"target\":[\"https:\\\/\\\/thefourwinds.com\\\/de\\\/marcela-lobos-lebenslauf\\\/\"]}]},{\"@type\":\"BreadcrumbList\",\"@id\":\"https:\\\/\\\/thefourwinds.com\\\/de\\\/marcela-lobos-lebenslauf\\\/#breadcrumb\",\"itemListElement\":[{\"@type\":\"ListItem\",\"position\":1,\"name\":\"Home\",\"item\":\"https:\\\/\\\/thefourwinds.com\\\/de\\\/\"},{\"@type\":\"ListItem\",\"position\":2,\"name\":\"Marcela Lobos &#8211; Lebenslauf\"}]},{\"@type\":\"WebSite\",\"@id\":\"https:\\\/\\\/thefourwinds.com\\\/de\\\/#website\",\"url\":\"https:\\\/\\\/thefourwinds.com\\\/de\\\/\",\"name\":\"The Four Winds\",\"description\":\"World&#039;s Most Renowned School of Energy Medicine\",\"potentialAction\":[{\"@type\":\"SearchAction\",\"target\":{\"@type\":\"EntryPoint\",\"urlTemplate\":\"https:\\\/\\\/thefourwinds.com\\\/de\\\/?s={search_term_string}\"},\"query-input\":{\"@type\":\"PropertyValueSpecification\",\"valueRequired\":true,\"valueName\":\"search_term_string\"}}],\"inLanguage\":\"de\"}]}<\/script>\n<!-- \/ Yoast SEO plugin. -->","yoast_head_json":{"title":"Marcela Lobos - Lebenslauf - The Four Winds","robots":{"index":"index","follow":"follow","max-snippet":"max-snippet:-1","max-image-preview":"max-image-preview:large","max-video-preview":"max-video-preview:-1"},"canonical":"https:\/\/thefourwinds.com\/de\/marcela-lobos-lebenslauf\/","og_locale":"de_DE","og_type":"article","og_title":"Marcela Lobos - Lebenslauf - The Four Winds","og_description":"Dies ist meine Geschichte Ich kam mit zwanzig Jahren ins Hippie-Kalifornien. Weizengrassaft, Hang-Loose-Surfen und behaarte Achselh\u00f6hlen von Frauen boten mir eine Freiheit, von der ich nicht wusste, dass sie m\u00f6glich [&hellip;]","og_url":"https:\/\/thefourwinds.com\/de\/marcela-lobos-lebenslauf\/","og_site_name":"The Four Winds","article_modified_time":"2022-07-06T07:47:08+00:00","twitter_card":"summary_large_image","twitter_misc":{"Gesch\u00e4tzte Lesezeit":"4\u00a0Minuten"},"schema":{"@context":"https:\/\/schema.org","@graph":[{"@type":"WebPage","@id":"https:\/\/thefourwinds.com\/de\/marcela-lobos-lebenslauf\/","url":"https:\/\/thefourwinds.com\/de\/marcela-lobos-lebenslauf\/","name":"Marcela Lobos - Lebenslauf - The Four Winds","isPartOf":{"@id":"https:\/\/thefourwinds.com\/de\/#website"},"datePublished":"2022-07-06T07:47:06+00:00","dateModified":"2022-07-06T07:47:08+00:00","breadcrumb":{"@id":"https:\/\/thefourwinds.com\/de\/marcela-lobos-lebenslauf\/#breadcrumb"},"inLanguage":"de","potentialAction":[{"@type":"ReadAction","target":["https:\/\/thefourwinds.com\/de\/marcela-lobos-lebenslauf\/"]}]},{"@type":"BreadcrumbList","@id":"https:\/\/thefourwinds.com\/de\/marcela-lobos-lebenslauf\/#breadcrumb","itemListElement":[{"@type":"ListItem","position":1,"name":"Home","item":"https:\/\/thefourwinds.com\/de\/"},{"@type":"ListItem","position":2,"name":"Marcela Lobos &#8211; Lebenslauf"}]},{"@type":"WebSite","@id":"https:\/\/thefourwinds.com\/de\/#website","url":"https:\/\/thefourwinds.com\/de\/","name":"The Four Winds","description":"World&#039;s Most Renowned School of Energy Medicine","potentialAction":[{"@type":"SearchAction","target":{"@type":"EntryPoint","urlTemplate":"https:\/\/thefourwinds.com\/de\/?s={search_term_string}"},"query-input":{"@type":"PropertyValueSpecification","valueRequired":true,"valueName":"search_term_string"}}],"inLanguage":"de"}]}},"ticketed":false,"_links":{"self":[{"href":"https:\/\/thefourwinds.com\/de\/wp-json\/wp\/v2\/pages\/269448","targetHints":{"allow":["GET"]}}],"collection":[{"href":"https:\/\/thefourwinds.com\/de\/wp-json\/wp\/v2\/pages"}],"about":[{"href":"https:\/\/thefourwinds.com\/de\/wp-json\/wp\/v2\/types\/page"}],"author":[{"embeddable":true,"href":"https:\/\/thefourwinds.com\/de\/wp-json\/wp\/v2\/users\/283"}],"replies":[{"embeddable":true,"href":"https:\/\/thefourwinds.com\/de\/wp-json\/wp\/v2\/comments?post=269448"}],"version-history":[{"count":0,"href":"https:\/\/thefourwinds.com\/de\/wp-json\/wp\/v2\/pages\/269448\/revisions"}],"wp:attachment":[{"href":"https:\/\/thefourwinds.com\/de\/wp-json\/wp\/v2\/media?parent=269448"}],"curies":[{"name":"wp","href":"https:\/\/api.w.org\/{rel}","templated":true}]}}