{"id":269637,"date":"2022-07-06T07:48:51","date_gmt":"2022-07-06T07:48:51","guid":{"rendered":"https:\/\/thefourwinds.com\/einkehrtage-fuer-schriftsteller-und-kuenstler-tagesablauf\/"},"modified":"2022-07-06T07:48:56","modified_gmt":"2022-07-06T07:48:56","slug":"einkehrtage-fuer-schriftsteller-und-kuenstler-tagesablauf","status":"publish","type":"page","link":"https:\/\/thefourwinds.com\/de\/vier-winde-expeditionen\/rueckzug-der-schriftsteller-und-kuenstler\/einkehrtage-fuer-schriftsteller-und-kuenstler-tagesablauf\/","title":{"rendered":"EINKEHRTAGE F\u00dcR SCHRIFTSTELLER UND K\u00dcNSTLER &#8211; TAGESABLAUF"},"content":{"rendered":"<p>[et_pb_section fb_built=&#8220;1&#8243; admin_label=&#8220;section&#8220; _builder_version=&#8220;3.22&#8243; global_colors_info=&#8220;{}&#8220;][et_pb_row admin_label=&#8220;Zeile&#8220; _builder_version=&#8220;3.25&#8243; background_size=&#8220;initial&#8220; background_position=&#8220;top_left&#8220; background_repeat=&#8220;repeat&#8220; global_colors_info=&#8220;{}&#8220;][et_pb_column type=&#8220;4_4&#8243; _builder_version=&#8220;3.25&#8243; custom_padding=&#8220;|||&#8220; global_colors_info=&#8220;{}&#8220; custom_padding__hover=&#8220;|||&#8220;][et_pb_text admin_label=&#8220;Text&#8220; _builder_version=&#8220;3.27.4&#8243; background_size=&#8220;initial&#8220; background_position=&#8220;top_left&#8220; background_repeat=&#8220;repeat&#8220; global_colors_info=&#8220;{}&#8220;]<\/p>\n<p><span style=\"color: #000000;\">Moderiert von Dr. Alberto Villoldo<\/span><\/p>\n<p><span style=\"color: #000000;\"><strong><em>Beispielhafte Reiseroute. Die genauen Zeiten und Aktivit\u00e4ten k\u00f6nnen sich noch \u00e4ndern.<\/em><\/strong><\/span><\/p>\n<p><span style=\"color: #000000;\"><strong>Tag 1: <\/strong>Ankunft und Einchecken im Los Lobos Sanctuary. Mittagessen um 13:00 Uhr, Treffen zum Abendessen im Haupthaus.<\/span><\/p>\n<p><span style=\"color: #000000;\"><strong>Tag 2-13:  <\/strong><\/span><\/p>\n<table style=\"width: 777px; height: 230px;\">\n<tbody>\n<tr style=\"height: 26px;\">\n<td style=\"width: 174.267px; height: 26px; text-align: left;\"><span style=\"color: #000000;\">  7:40 AM  <\/span><\/td>\n<td style=\"width: 585.733px; height: 26px; text-align: left;\"><span style=\"color: #000000;\">Spaziergang in der Natur<\/span><\/td>\n<\/tr>\n<tr style=\"height: 26px;\">\n<td style=\"width: 174.267px; text-align: left; height: 26px;\"><span style=\"color: #000000;\">  8:30-9:30 UHR  <\/span><\/td>\n<td style=\"width: 585.733px; text-align: left; height: 26px;\"><span style=\"color: #000000;\">Morgen-Yoga in der Yogahalle<\/span><\/td>\n<\/tr>\n<tr style=\"height: 26px;\">\n<td style=\"width: 174.267px; text-align: left; height: 26px;\"><span style=\"color: #000000;\">  10:00 AM  <\/span><\/td>\n<td style=\"width: 585.733px; text-align: left; height: 26px;\"><span style=\"color: #000000;\">Schreiben und kreative Zeit  <\/span><\/td>\n<\/tr>\n<tr style=\"height: 26px;\">\n<td style=\"width: 174.267px; text-align: left; height: 26px;\"><span style=\"color: #000000;\">  13:00 UHR  <\/span><\/td>\n<td style=\"width: 585.733px; text-align: left; height: 26px;\"><span style=\"color: #000000;\">Mittagessen im Haupthaus<\/span><\/td>\n<\/tr>\n<tr style=\"height: 26px;\">\n<td style=\"width: 174.267px; text-align: left; height: 26px;\"><span style=\"color: #000000;\">  14:00-18:30 UHR  <\/span><\/td>\n<td style=\"width: 585.733px; text-align: left; height: 26px;\"><span style=\"color: #000000;\">Schreiben und kreative Zeit<\/span><\/td>\n<\/tr>\n<tr style=\"height: 26px;\">\n<td style=\"width: 174.267px; text-align: left; height: 26px;\"><span style=\"color: #000000;\">  19:00 UHR  <\/span><\/td>\n<td style=\"width: 585.733px; text-align: left; height: 26px;\"><span style=\"color: #000000;\">Abendessen im Haupthaus<\/span><\/td>\n<\/tr>\n<tr style=\"height: 12.7px;\">\n<td style=\"width: 174.267px; text-align: left; height: 12.7px;\"><span style=\"color: #000000;\">  8:00-9:30 PM  <\/span><\/td>\n<td style=\"width: 585.733px; text-align: left; height: 12.7px;\"><span style=\"color: #000000;\">Abendprogramm<\/span><\/td>\n<\/tr>\n<\/tbody>\n<\/table>\n<p><span style=\"color: #000000; font-size: 10pt;\"><em><strong>Beispielhafte Reiseroute. Die genauen Zeiten und Aktivit\u00e4ten k\u00f6nnen sich noch \u00e4ndern.<\/strong><\/em><\/span><\/p>\n<p style=\"padding-left: 30px;\">\n<p>[\/et_pb_text][\/et_pb_column][\/et_pb_row][\/et_pb_section]<\/p>\n","protected":false},"excerpt":{"rendered":"<p>Moderiert von Dr. Alberto Villoldo Beispielhafte Reiseroute. Die genauen Zeiten und Aktivit\u00e4ten k\u00f6nnen sich noch \u00e4ndern. Tag 1: Ankunft und Einchecken im Los Lobos Sanctuary. Mittagessen um 13:00 Uhr, Treffen [&hellip;]<\/p>\n","protected":false},"author":283,"featured_media":0,"parent":269659,"menu_order":0,"comment_status":"closed","ping_status":"closed","template":"","meta":{"_et_pb_use_builder":"on","_et_pb_old_content":"","_et_gb_content_width":"","_price":"","_stock":"","_tribe_ticket_header":"","_tribe_default_ticket_provider":"","_tribe_ticket_capacity":"0","_ticket_start_date":"","_ticket_end_date":"","_tribe_ticket_show_description":"","_tribe_ticket_show_not_going":false,"_tribe_ticket_use_global_stock":"","_tribe_ticket_global_stock_level":"","_global_stock_mode":"","_global_stock_cap":"","_tribe_rsvp_for_event":"","_tribe_ticket_going_count":"","_tribe_ticket_not_going_count":"","_tribe_tickets_list":"[]","_tribe_ticket_has_attendee_info_fields":false,"footnotes":"","_tec_slr_enabled":"","_tec_slr_layout":""},"class_list":["post-269637","page","type-page","status-publish","hentry"],"yoast_head":"<!-- This site is optimized with the Yoast SEO plugin v27.4 - https:\/\/yoast.com\/product\/yoast-seo-wordpress\/ -->\n<title>EINKEHRTAGE F\u00dcR SCHRIFTSTELLER UND K\u00dcNSTLER - TAGESABLAUF - The Four Winds<\/title>\n<meta name=\"robots\" content=\"index, follow, max-snippet:-1, max-image-preview:large, max-video-preview:-1\" \/>\n<link rel=\"canonical\" href=\"https:\/\/thefourwinds.com\/de\/vier-winde-expeditionen\/rueckzug-der-schriftsteller-und-kuenstler\/einkehrtage-fuer-schriftsteller-und-kuenstler-tagesablauf\/\" \/>\n<meta property=\"og:locale\" content=\"de_DE\" \/>\n<meta property=\"og:type\" content=\"article\" \/>\n<meta property=\"og:title\" content=\"EINKEHRTAGE F\u00dcR SCHRIFTSTELLER UND K\u00dcNSTLER - TAGESABLAUF - The Four Winds\" \/>\n<meta property=\"og:description\" content=\"Moderiert von Dr. Alberto Villoldo Beispielhafte Reiseroute. Die genauen Zeiten und Aktivit\u00e4ten k\u00f6nnen sich noch \u00e4ndern. Tag 1: Ankunft und Einchecken im Los Lobos Sanctuary. Mittagessen um 13:00 Uhr, Treffen [&hellip;]\" \/>\n<meta property=\"og:url\" content=\"https:\/\/thefourwinds.com\/de\/vier-winde-expeditionen\/rueckzug-der-schriftsteller-und-kuenstler\/einkehrtage-fuer-schriftsteller-und-kuenstler-tagesablauf\/\" \/>\n<meta property=\"og:site_name\" content=\"The Four Winds\" \/>\n<meta property=\"article:modified_time\" content=\"2022-07-06T07:48:56+00:00\" \/>\n<meta name=\"twitter:card\" content=\"summary_large_image\" \/>\n<meta name=\"twitter:label1\" content=\"Gesch\u00e4tzte Lesezeit\" \/>\n\t<meta name=\"twitter:data1\" content=\"1\u00a0Minute\" \/>\n<script type=\"application\/ld+json\" class=\"yoast-schema-graph\">{\"@context\":\"https:\\\/\\\/schema.org\",\"@graph\":[{\"@type\":\"WebPage\",\"@id\":\"https:\\\/\\\/thefourwinds.com\\\/de\\\/vier-winde-expeditionen\\\/rueckzug-der-schriftsteller-und-kuenstler\\\/einkehrtage-fuer-schriftsteller-und-kuenstler-tagesablauf\\\/\",\"url\":\"https:\\\/\\\/thefourwinds.com\\\/de\\\/vier-winde-expeditionen\\\/rueckzug-der-schriftsteller-und-kuenstler\\\/einkehrtage-fuer-schriftsteller-und-kuenstler-tagesablauf\\\/\",\"name\":\"EINKEHRTAGE F\u00dcR SCHRIFTSTELLER UND K\u00dcNSTLER - TAGESABLAUF - The Four Winds\",\"isPartOf\":{\"@id\":\"https:\\\/\\\/thefourwinds.com\\\/de\\\/#website\"},\"datePublished\":\"2022-07-06T07:48:51+00:00\",\"dateModified\":\"2022-07-06T07:48:56+00:00\",\"breadcrumb\":{\"@id\":\"https:\\\/\\\/thefourwinds.com\\\/de\\\/vier-winde-expeditionen\\\/rueckzug-der-schriftsteller-und-kuenstler\\\/einkehrtage-fuer-schriftsteller-und-kuenstler-tagesablauf\\\/#breadcrumb\"},\"inLanguage\":\"de\",\"potentialAction\":[{\"@type\":\"ReadAction\",\"target\":[\"https:\\\/\\\/thefourwinds.com\\\/de\\\/vier-winde-expeditionen\\\/rueckzug-der-schriftsteller-und-kuenstler\\\/einkehrtage-fuer-schriftsteller-und-kuenstler-tagesablauf\\\/\"]}]},{\"@type\":\"BreadcrumbList\",\"@id\":\"https:\\\/\\\/thefourwinds.com\\\/de\\\/vier-winde-expeditionen\\\/rueckzug-der-schriftsteller-und-kuenstler\\\/einkehrtage-fuer-schriftsteller-und-kuenstler-tagesablauf\\\/#breadcrumb\",\"itemListElement\":[{\"@type\":\"ListItem\",\"position\":1,\"name\":\"Home\",\"item\":\"https:\\\/\\\/thefourwinds.com\\\/de\\\/\"},{\"@type\":\"ListItem\",\"position\":2,\"name\":\"VIER-WINDE-EXPEDITIONEN\",\"item\":\"https:\\\/\\\/thefourwinds.com\\\/de\\\/vier-winde-expeditionen\\\/\"},{\"@type\":\"ListItem\",\"position\":3,\"name\":\"R\u00dcCKZUG DER SCHRIFTSTELLER UND K\u00dcNSTLER\",\"item\":\"https:\\\/\\\/thefourwinds.com\\\/de\\\/expeditions\\\/writers-and-artists-retreat-chile\\\/\"},{\"@type\":\"ListItem\",\"position\":4,\"name\":\"EINKEHRTAGE F\u00dcR SCHRIFTSTELLER UND K\u00dcNSTLER &#8211; TAGESABLAUF\"}]},{\"@type\":\"WebSite\",\"@id\":\"https:\\\/\\\/thefourwinds.com\\\/de\\\/#website\",\"url\":\"https:\\\/\\\/thefourwinds.com\\\/de\\\/\",\"name\":\"The Four Winds\",\"description\":\"World&#039;s Most Renowned School of Energy Medicine\",\"potentialAction\":[{\"@type\":\"SearchAction\",\"target\":{\"@type\":\"EntryPoint\",\"urlTemplate\":\"https:\\\/\\\/thefourwinds.com\\\/de\\\/?s={search_term_string}\"},\"query-input\":{\"@type\":\"PropertyValueSpecification\",\"valueRequired\":true,\"valueName\":\"search_term_string\"}}],\"inLanguage\":\"de\"}]}<\/script>\n<!-- \/ Yoast SEO plugin. -->","yoast_head_json":{"title":"EINKEHRTAGE F\u00dcR SCHRIFTSTELLER UND K\u00dcNSTLER - TAGESABLAUF - The Four Winds","robots":{"index":"index","follow":"follow","max-snippet":"max-snippet:-1","max-image-preview":"max-image-preview:large","max-video-preview":"max-video-preview:-1"},"canonical":"https:\/\/thefourwinds.com\/de\/vier-winde-expeditionen\/rueckzug-der-schriftsteller-und-kuenstler\/einkehrtage-fuer-schriftsteller-und-kuenstler-tagesablauf\/","og_locale":"de_DE","og_type":"article","og_title":"EINKEHRTAGE F\u00dcR SCHRIFTSTELLER UND K\u00dcNSTLER - TAGESABLAUF - The Four Winds","og_description":"Moderiert von Dr. Alberto Villoldo Beispielhafte Reiseroute. Die genauen Zeiten und Aktivit\u00e4ten k\u00f6nnen sich noch \u00e4ndern. Tag 1: Ankunft und Einchecken im Los Lobos Sanctuary. Mittagessen um 13:00 Uhr, Treffen [&hellip;]","og_url":"https:\/\/thefourwinds.com\/de\/vier-winde-expeditionen\/rueckzug-der-schriftsteller-und-kuenstler\/einkehrtage-fuer-schriftsteller-und-kuenstler-tagesablauf\/","og_site_name":"The Four Winds","article_modified_time":"2022-07-06T07:48:56+00:00","twitter_card":"summary_large_image","twitter_misc":{"Gesch\u00e4tzte Lesezeit":"1\u00a0Minute"},"schema":{"@context":"https:\/\/schema.org","@graph":[{"@type":"WebPage","@id":"https:\/\/thefourwinds.com\/de\/vier-winde-expeditionen\/rueckzug-der-schriftsteller-und-kuenstler\/einkehrtage-fuer-schriftsteller-und-kuenstler-tagesablauf\/","url":"https:\/\/thefourwinds.com\/de\/vier-winde-expeditionen\/rueckzug-der-schriftsteller-und-kuenstler\/einkehrtage-fuer-schriftsteller-und-kuenstler-tagesablauf\/","name":"EINKEHRTAGE F\u00dcR SCHRIFTSTELLER UND K\u00dcNSTLER - TAGESABLAUF - The Four Winds","isPartOf":{"@id":"https:\/\/thefourwinds.com\/de\/#website"},"datePublished":"2022-07-06T07:48:51+00:00","dateModified":"2022-07-06T07:48:56+00:00","breadcrumb":{"@id":"https:\/\/thefourwinds.com\/de\/vier-winde-expeditionen\/rueckzug-der-schriftsteller-und-kuenstler\/einkehrtage-fuer-schriftsteller-und-kuenstler-tagesablauf\/#breadcrumb"},"inLanguage":"de","potentialAction":[{"@type":"ReadAction","target":["https:\/\/thefourwinds.com\/de\/vier-winde-expeditionen\/rueckzug-der-schriftsteller-und-kuenstler\/einkehrtage-fuer-schriftsteller-und-kuenstler-tagesablauf\/"]}]},{"@type":"BreadcrumbList","@id":"https:\/\/thefourwinds.com\/de\/vier-winde-expeditionen\/rueckzug-der-schriftsteller-und-kuenstler\/einkehrtage-fuer-schriftsteller-und-kuenstler-tagesablauf\/#breadcrumb","itemListElement":[{"@type":"ListItem","position":1,"name":"Home","item":"https:\/\/thefourwinds.com\/de\/"},{"@type":"ListItem","position":2,"name":"VIER-WINDE-EXPEDITIONEN","item":"https:\/\/thefourwinds.com\/de\/vier-winde-expeditionen\/"},{"@type":"ListItem","position":3,"name":"R\u00dcCKZUG DER SCHRIFTSTELLER UND K\u00dcNSTLER","item":"https:\/\/thefourwinds.com\/de\/expeditions\/writers-and-artists-retreat-chile\/"},{"@type":"ListItem","position":4,"name":"EINKEHRTAGE F\u00dcR SCHRIFTSTELLER UND K\u00dcNSTLER &#8211; TAGESABLAUF"}]},{"@type":"WebSite","@id":"https:\/\/thefourwinds.com\/de\/#website","url":"https:\/\/thefourwinds.com\/de\/","name":"The Four Winds","description":"World&#039;s Most Renowned School of Energy Medicine","potentialAction":[{"@type":"SearchAction","target":{"@type":"EntryPoint","urlTemplate":"https:\/\/thefourwinds.com\/de\/?s={search_term_string}"},"query-input":{"@type":"PropertyValueSpecification","valueRequired":true,"valueName":"search_term_string"}}],"inLanguage":"de"}]}},"ticketed":false,"_links":{"self":[{"href":"https:\/\/thefourwinds.com\/de\/wp-json\/wp\/v2\/pages\/269637","targetHints":{"allow":["GET"]}}],"collection":[{"href":"https:\/\/thefourwinds.com\/de\/wp-json\/wp\/v2\/pages"}],"about":[{"href":"https:\/\/thefourwinds.com\/de\/wp-json\/wp\/v2\/types\/page"}],"author":[{"embeddable":true,"href":"https:\/\/thefourwinds.com\/de\/wp-json\/wp\/v2\/users\/283"}],"replies":[{"embeddable":true,"href":"https:\/\/thefourwinds.com\/de\/wp-json\/wp\/v2\/comments?post=269637"}],"version-history":[{"count":0,"href":"https:\/\/thefourwinds.com\/de\/wp-json\/wp\/v2\/pages\/269637\/revisions"}],"up":[{"embeddable":true,"href":"https:\/\/thefourwinds.com\/de\/wp-json\/wp\/v2\/pages\/269659"}],"wp:attachment":[{"href":"https:\/\/thefourwinds.com\/de\/wp-json\/wp\/v2\/media?parent=269637"}],"curies":[{"name":"wp","href":"https:\/\/api.w.org\/{rel}","templated":true}]}}