{"id":269746,"date":"2022-07-06T07:48:53","date_gmt":"2022-07-06T07:48:53","guid":{"rendered":"https:\/\/thefourwinds.com\/erweiterung-des-heiligen-tals\/erweiterung-des-heiligen-tals-tag-fuer-tag\/"},"modified":"2022-07-06T07:48:56","modified_gmt":"2022-07-06T07:48:56","slug":"erweiterung-des-heiligen-tals-tag-fuer-tag","status":"publish","type":"page","link":"https:\/\/thefourwinds.com\/de\/vier-winde-expeditionen\/erweiterung-des-heiligen-tals\/erweiterung-des-heiligen-tals-tag-fuer-tag\/","title":{"rendered":"ERWEITERUNG DES HEILIGEN TALS &#8211; TAG F\u00dcR TAG"},"content":{"rendered":"<p>[et_pb_section fb_built=&#8220;1&#8243; admin_label=&#8220;section&#8220; _builder_version=&#8220;3.22&#8243; global_colors_info=&#8220;{}&#8220;][et_pb_row admin_label=&#8220;Zeile&#8220; _builder_version=&#8220;3.25&#8243; background_size=&#8220;initial&#8220; background_position=&#8220;top_left&#8220; background_repeat=&#8220;repeat&#8220; global_colors_info=&#8220;{}&#8220;][et_pb_column type=&#8220;4_4&#8243; _builder_version=&#8220;3.25&#8243; custom_padding=&#8220;|||&#8220; global_colors_info=&#8220;{}&#8220; custom_padding__hover=&#8220;|||&#8220;][et_pb_text admin_label=&#8220;Text&#8220; _builder_version=&#8220;3.27.4&#8243; background_size=&#8220;initial&#8220; background_position=&#8220;top_left&#8220; background_repeat=&#8220;repeat&#8220; global_colors_info=&#8220;{}&#8220;]<\/p>\n<p><span style=\"color: #000000;\">Moderiert von <span style=\"color: #993300;\"><strong>Dr. Alberto Villoldo<\/strong> <\/span> <\/span><\/p>\n<p><span style=\"color: #ffffff;\">.<\/span><\/p>\n<p><span style=\"font-size: 14pt; color: #000000;\"><strong>UNTERK\u00dcNFTE<\/strong><\/span><\/p>\n<p><span style=\"color: #000000;\">Das Aranwa Sacred Valley Hotel &amp; Wellness wurde am Ufer des Vilcanota-Flusses auf dem Gel\u00e4nde einer alten kolonialen Hacienda aus dem 17. Jahrhundert erbaut, die vollst\u00e4ndig restauriert wurde, um luxuri\u00f6se Unterk\u00fcnfte zu bieten, wobei die urspr\u00fcnglichen Details aus dieser Zeit erhalten blieben. Zelte werden w\u00e4hrend des Campingteils zur Verf\u00fcgung gestellt.<\/span><\/p>\n<p><span style=\"color: #993300;\"><a style=\"color: #993300;\" href=\"https:\/\/aranwahotels.com\/en\/hotels\/aranwa-sacred-valley-hotel-wellness\/\" target=\"_blank\" rel=\"noopener noreferrer\">https:\/\/aranwahotels.com\/en\/hotels\/aranwa-sacred-valley-hotel-wellness\/<\/a><\/span><\/p>\n<p><span style=\"color: #000000;\">Bei allgemeinen Fragen k\u00f6nnen Sie sich an das Hotel wenden, w\u00e4hrend die Zimmerzuweisung von der Four Winds Society vorgenommen wird.<\/span><\/p>\n<p>&nbsp;<\/p>\n<hr>\n<p><span style=\"font-size: 14pt; color: #000000;\"><strong>TAG F\u00dcR TAG<\/strong><\/span><br \/><span style=\"color: #000000;\"><strong><em>\u00c4nderungen der Reiseroute bleiben vorbehalten.<\/em><\/strong><\/span><\/p>\n<p><span style=\"color: #000000;\"><strong>Tag 1:<\/strong> Nachmittags Treffen in unserem Hotel. Vorstellung der Schamanen und \u00dcberblick \u00fcber die Ziele und Aufgaben der Expedition. Abendliche Feuerzeremonie.<\/span><\/p>\n<p><span style=\"color: #000000;\"><strong>Tag 2:<\/strong> Wanderung zum Berg Pumamarca f\u00fcr eine Heilungszeremonie und die Berufung auf die Medizin des Jaguars und seine Lehren f\u00fcr die Reise \u00fcber den Tod hinaus.<\/span><\/p>\n<p><span style=\"color: #000000;\"><strong>Tag 3:<\/strong> Besuch des Tipon-Tempels, des &#8222;Blumenpalastes&#8220; und Zeremonie im Sonnentempel auf dem Gipfel der arch\u00e4ologischen St\u00e4tte. Nach einem Picknick-Mittagessen fahren wir durch das Tal zum Fu\u00df des Berges Pachatusan und zu unserem Lager, das unsere Mitarbeiter f\u00fcr uns vorbereitet haben. Abendessen und \u00dcbernachtung im Camp. Camping-Tag.<\/span><\/p>\n<p><span style=\"color: #000000;\"><strong>Tag 4:<\/strong> Morgengebet an den Lagunen, Treffen mit dem H\u00fcter des Heiligen Berges. Heilungszeremonien und eine Lesung der Prophezeiung \u00fcber die kommende Zeit. Dies ist eine Gelegenheit, die Begrenzungen zu \u00fcberwinden, die in jedem von uns leben, und den Bann des Alptraums der Geschichte zu brechen, in dem wir leben. Camping-Tag.<\/span><\/p>\n<p><span style=\"color: #000000;\"><strong>Tag 5:<\/strong> Einweihungszeremonien als Earthkeepers. Ein Erm\u00e4chtigungsritus, bei dem wir in eine Linie von Medizinm\u00e4nnern und -frauen eingeweiht werden, die sich dem Wohlergehen aller Wesen widmen, \u00e4hnlich wie die buddhistischen Bodhisattvas. Die Schamanen \u00fcbertragen jedem Menschen die Weisheit, die G\u00fcte und den Mut, eine neue Welt ins Leben zu rufen. Nachmittags R\u00fcckkehr zum Hotel.<\/span><\/p>\n<p><span style=\"color: #000000;\"><strong>Tag 6:<\/strong> Gem\u00fctlicher Vormittag in unserem Hotel, um die Erfahrungen der letzten Tage zu verarbeiten und zu integrieren. Abschlussvortrag und Zeremonie mit Alberto und den Schamanen. Das Programm endet um 13:00 Uhr.<\/span><\/p>\n<p><span style=\"color: #000000;\"><strong><em>\u00c4nderungen der Reiseroute bleiben vorbehalten.<\/em><\/strong><\/span><\/p>\n<p><span style=\"color: #ffffff;\">.<\/span><\/p>\n<p>[\/et_pb_text][\/et_pb_column][\/et_pb_row][\/et_pb_section]<\/p>\n","protected":false},"excerpt":{"rendered":"<p>Moderiert von Dr. Alberto Villoldo . UNTERK\u00dcNFTE Das Aranwa Sacred Valley Hotel &amp; Wellness wurde am Ufer des Vilcanota-Flusses auf dem Gel\u00e4nde einer alten kolonialen Hacienda aus dem 17. Jahrhundert [&hellip;]<\/p>\n","protected":false},"author":283,"featured_media":0,"parent":269668,"menu_order":0,"comment_status":"closed","ping_status":"closed","template":"","meta":{"_et_pb_use_builder":"on","_et_pb_old_content":"","_et_gb_content_width":"","_price":"","_stock":"","_tribe_ticket_header":"","_tribe_default_ticket_provider":"","_tribe_ticket_capacity":"0","_ticket_start_date":"","_ticket_end_date":"","_tribe_ticket_show_description":"","_tribe_ticket_show_not_going":false,"_tribe_ticket_use_global_stock":"","_tribe_ticket_global_stock_level":"","_global_stock_mode":"","_global_stock_cap":"","_tribe_rsvp_for_event":"","_tribe_ticket_going_count":"","_tribe_ticket_not_going_count":"","_tribe_tickets_list":"[]","_tribe_ticket_has_attendee_info_fields":false,"footnotes":"","_tec_slr_enabled":"","_tec_slr_layout":""},"class_list":["post-269746","page","type-page","status-publish","hentry"],"yoast_head":"<!-- This site is optimized with the Yoast SEO plugin v27.4 - https:\/\/yoast.com\/product\/yoast-seo-wordpress\/ -->\n<title>ERWEITERUNG DES HEILIGEN TALS - TAG F\u00dcR TAG - The Four Winds<\/title>\n<meta name=\"robots\" content=\"index, follow, max-snippet:-1, max-image-preview:large, max-video-preview:-1\" \/>\n<link rel=\"canonical\" href=\"https:\/\/thefourwinds.com\/de\/vier-winde-expeditionen\/erweiterung-des-heiligen-tals\/erweiterung-des-heiligen-tals-tag-fuer-tag\/\" \/>\n<meta property=\"og:locale\" content=\"de_DE\" \/>\n<meta property=\"og:type\" content=\"article\" \/>\n<meta property=\"og:title\" content=\"ERWEITERUNG DES HEILIGEN TALS - TAG F\u00dcR TAG - The Four Winds\" \/>\n<meta property=\"og:description\" content=\"Moderiert von Dr. Alberto Villoldo . UNTERK\u00dcNFTE Das Aranwa Sacred Valley Hotel &amp; Wellness wurde am Ufer des Vilcanota-Flusses auf dem Gel\u00e4nde einer alten kolonialen Hacienda aus dem 17. Jahrhundert [&hellip;]\" \/>\n<meta property=\"og:url\" content=\"https:\/\/thefourwinds.com\/de\/vier-winde-expeditionen\/erweiterung-des-heiligen-tals\/erweiterung-des-heiligen-tals-tag-fuer-tag\/\" \/>\n<meta property=\"og:site_name\" content=\"The Four Winds\" \/>\n<meta property=\"article:modified_time\" content=\"2022-07-06T07:48:56+00:00\" \/>\n<meta name=\"twitter:card\" content=\"summary_large_image\" \/>\n<meta name=\"twitter:label1\" content=\"Gesch\u00e4tzte Lesezeit\" \/>\n\t<meta name=\"twitter:data1\" content=\"2\u00a0Minuten\" \/>\n<script type=\"application\/ld+json\" class=\"yoast-schema-graph\">{\"@context\":\"https:\\\/\\\/schema.org\",\"@graph\":[{\"@type\":\"WebPage\",\"@id\":\"https:\\\/\\\/thefourwinds.com\\\/de\\\/vier-winde-expeditionen\\\/erweiterung-des-heiligen-tals\\\/erweiterung-des-heiligen-tals-tag-fuer-tag\\\/\",\"url\":\"https:\\\/\\\/thefourwinds.com\\\/de\\\/vier-winde-expeditionen\\\/erweiterung-des-heiligen-tals\\\/erweiterung-des-heiligen-tals-tag-fuer-tag\\\/\",\"name\":\"ERWEITERUNG DES HEILIGEN TALS - TAG F\u00dcR TAG - The Four Winds\",\"isPartOf\":{\"@id\":\"https:\\\/\\\/thefourwinds.com\\\/de\\\/#website\"},\"datePublished\":\"2022-07-06T07:48:53+00:00\",\"dateModified\":\"2022-07-06T07:48:56+00:00\",\"breadcrumb\":{\"@id\":\"https:\\\/\\\/thefourwinds.com\\\/de\\\/vier-winde-expeditionen\\\/erweiterung-des-heiligen-tals\\\/erweiterung-des-heiligen-tals-tag-fuer-tag\\\/#breadcrumb\"},\"inLanguage\":\"de\",\"potentialAction\":[{\"@type\":\"ReadAction\",\"target\":[\"https:\\\/\\\/thefourwinds.com\\\/de\\\/vier-winde-expeditionen\\\/erweiterung-des-heiligen-tals\\\/erweiterung-des-heiligen-tals-tag-fuer-tag\\\/\"]}]},{\"@type\":\"BreadcrumbList\",\"@id\":\"https:\\\/\\\/thefourwinds.com\\\/de\\\/vier-winde-expeditionen\\\/erweiterung-des-heiligen-tals\\\/erweiterung-des-heiligen-tals-tag-fuer-tag\\\/#breadcrumb\",\"itemListElement\":[{\"@type\":\"ListItem\",\"position\":1,\"name\":\"Home\",\"item\":\"https:\\\/\\\/thefourwinds.com\\\/de\\\/\"},{\"@type\":\"ListItem\",\"position\":2,\"name\":\"VIER-WINDE-EXPEDITIONEN\",\"item\":\"https:\\\/\\\/thefourwinds.com\\\/de\\\/vier-winde-expeditionen\\\/\"},{\"@type\":\"ListItem\",\"position\":3,\"name\":\"ERWEITERUNG DES HEILIGEN TALS\",\"item\":\"https:\\\/\\\/thefourwinds.com\\\/de\\\/vier-winde-expeditionen\\\/erweiterung-des-heiligen-tals\\\/\"},{\"@type\":\"ListItem\",\"position\":4,\"name\":\"ERWEITERUNG DES HEILIGEN TALS &#8211; TAG F\u00dcR TAG\"}]},{\"@type\":\"WebSite\",\"@id\":\"https:\\\/\\\/thefourwinds.com\\\/de\\\/#website\",\"url\":\"https:\\\/\\\/thefourwinds.com\\\/de\\\/\",\"name\":\"The Four Winds\",\"description\":\"World&#039;s Most Renowned School of Energy Medicine\",\"potentialAction\":[{\"@type\":\"SearchAction\",\"target\":{\"@type\":\"EntryPoint\",\"urlTemplate\":\"https:\\\/\\\/thefourwinds.com\\\/de\\\/?s={search_term_string}\"},\"query-input\":{\"@type\":\"PropertyValueSpecification\",\"valueRequired\":true,\"valueName\":\"search_term_string\"}}],\"inLanguage\":\"de\"}]}<\/script>\n<!-- \/ Yoast SEO plugin. -->","yoast_head_json":{"title":"ERWEITERUNG DES HEILIGEN TALS - TAG F\u00dcR TAG - The Four Winds","robots":{"index":"index","follow":"follow","max-snippet":"max-snippet:-1","max-image-preview":"max-image-preview:large","max-video-preview":"max-video-preview:-1"},"canonical":"https:\/\/thefourwinds.com\/de\/vier-winde-expeditionen\/erweiterung-des-heiligen-tals\/erweiterung-des-heiligen-tals-tag-fuer-tag\/","og_locale":"de_DE","og_type":"article","og_title":"ERWEITERUNG DES HEILIGEN TALS - TAG F\u00dcR TAG - The Four Winds","og_description":"Moderiert von Dr. Alberto Villoldo . UNTERK\u00dcNFTE Das Aranwa Sacred Valley Hotel &amp; Wellness wurde am Ufer des Vilcanota-Flusses auf dem Gel\u00e4nde einer alten kolonialen Hacienda aus dem 17. Jahrhundert [&hellip;]","og_url":"https:\/\/thefourwinds.com\/de\/vier-winde-expeditionen\/erweiterung-des-heiligen-tals\/erweiterung-des-heiligen-tals-tag-fuer-tag\/","og_site_name":"The Four Winds","article_modified_time":"2022-07-06T07:48:56+00:00","twitter_card":"summary_large_image","twitter_misc":{"Gesch\u00e4tzte Lesezeit":"2\u00a0Minuten"},"schema":{"@context":"https:\/\/schema.org","@graph":[{"@type":"WebPage","@id":"https:\/\/thefourwinds.com\/de\/vier-winde-expeditionen\/erweiterung-des-heiligen-tals\/erweiterung-des-heiligen-tals-tag-fuer-tag\/","url":"https:\/\/thefourwinds.com\/de\/vier-winde-expeditionen\/erweiterung-des-heiligen-tals\/erweiterung-des-heiligen-tals-tag-fuer-tag\/","name":"ERWEITERUNG DES HEILIGEN TALS - TAG F\u00dcR TAG - The Four Winds","isPartOf":{"@id":"https:\/\/thefourwinds.com\/de\/#website"},"datePublished":"2022-07-06T07:48:53+00:00","dateModified":"2022-07-06T07:48:56+00:00","breadcrumb":{"@id":"https:\/\/thefourwinds.com\/de\/vier-winde-expeditionen\/erweiterung-des-heiligen-tals\/erweiterung-des-heiligen-tals-tag-fuer-tag\/#breadcrumb"},"inLanguage":"de","potentialAction":[{"@type":"ReadAction","target":["https:\/\/thefourwinds.com\/de\/vier-winde-expeditionen\/erweiterung-des-heiligen-tals\/erweiterung-des-heiligen-tals-tag-fuer-tag\/"]}]},{"@type":"BreadcrumbList","@id":"https:\/\/thefourwinds.com\/de\/vier-winde-expeditionen\/erweiterung-des-heiligen-tals\/erweiterung-des-heiligen-tals-tag-fuer-tag\/#breadcrumb","itemListElement":[{"@type":"ListItem","position":1,"name":"Home","item":"https:\/\/thefourwinds.com\/de\/"},{"@type":"ListItem","position":2,"name":"VIER-WINDE-EXPEDITIONEN","item":"https:\/\/thefourwinds.com\/de\/vier-winde-expeditionen\/"},{"@type":"ListItem","position":3,"name":"ERWEITERUNG DES HEILIGEN TALS","item":"https:\/\/thefourwinds.com\/de\/vier-winde-expeditionen\/erweiterung-des-heiligen-tals\/"},{"@type":"ListItem","position":4,"name":"ERWEITERUNG DES HEILIGEN TALS &#8211; TAG F\u00dcR TAG"}]},{"@type":"WebSite","@id":"https:\/\/thefourwinds.com\/de\/#website","url":"https:\/\/thefourwinds.com\/de\/","name":"The Four Winds","description":"World&#039;s Most Renowned School of Energy Medicine","potentialAction":[{"@type":"SearchAction","target":{"@type":"EntryPoint","urlTemplate":"https:\/\/thefourwinds.com\/de\/?s={search_term_string}"},"query-input":{"@type":"PropertyValueSpecification","valueRequired":true,"valueName":"search_term_string"}}],"inLanguage":"de"}]}},"ticketed":false,"_links":{"self":[{"href":"https:\/\/thefourwinds.com\/de\/wp-json\/wp\/v2\/pages\/269746","targetHints":{"allow":["GET"]}}],"collection":[{"href":"https:\/\/thefourwinds.com\/de\/wp-json\/wp\/v2\/pages"}],"about":[{"href":"https:\/\/thefourwinds.com\/de\/wp-json\/wp\/v2\/types\/page"}],"author":[{"embeddable":true,"href":"https:\/\/thefourwinds.com\/de\/wp-json\/wp\/v2\/users\/283"}],"replies":[{"embeddable":true,"href":"https:\/\/thefourwinds.com\/de\/wp-json\/wp\/v2\/comments?post=269746"}],"version-history":[{"count":0,"href":"https:\/\/thefourwinds.com\/de\/wp-json\/wp\/v2\/pages\/269746\/revisions"}],"up":[{"embeddable":true,"href":"https:\/\/thefourwinds.com\/de\/wp-json\/wp\/v2\/pages\/269668"}],"wp:attachment":[{"href":"https:\/\/thefourwinds.com\/de\/wp-json\/wp\/v2\/media?parent=269746"}],"curies":[{"name":"wp","href":"https:\/\/api.w.org\/{rel}","templated":true}]}}