{"id":270017,"date":"2022-07-06T07:49:06","date_gmt":"2022-07-06T07:49:06","guid":{"rendered":"https:\/\/thefourwinds.com\/reise-mitbringsel-chile\/"},"modified":"2022-07-06T07:49:10","modified_gmt":"2022-07-06T07:49:10","slug":"reise-mitbringsel-chile","status":"publish","type":"page","link":"https:\/\/thefourwinds.com\/de\/reise-mitbringsel-chile\/","title":{"rendered":"REISE &amp; MITBRINGSEL &#8211; CHILE"},"content":{"rendered":"<p>[et_pb_section fb_built=&#8220;1&#8243; _builder_version=&#8220;3.22&#8243;][et_pb_row _builder_version=&#8220;3.25&#8243; background_size=&#8220;initial&#8220; background_position=&#8220;top_left&#8220; background_repeat=&#8220;repeat&#8220;][et_pb_column type=&#8220;4_4&#8243; _builder_version=&#8220;3.25&#8243; custom_padding=&#8220;|||&#8220; custom_padding__hover=&#8220;|||&#8220;][et_pb_text _builder_version=&#8220;3.27.4&#8243; background_size=&#8220;initial&#8220; background_position=&#8220;top_left&#8220; background_repeat=&#8220;repeat&#8220;]<span style=\"color: #000000;\"><strong>1. Reisepass: <\/strong>F\u00fcr die Einreise nach Chile ist ein g\u00fcltiger Reisepass erforderlich. Eine Touristenkarte wird am internationalen Einreisehafen ausgestellt. Alle Teilnehmer sollten eine Fotokopie der Personaldatenseite ihres Reisepasses mit sich f\u00fchren. Eine Fotokopie Ihres Passes ist der einfachste Weg, Ihre Identit\u00e4t nachzuweisen, falls Sie Ihren Pass verlieren.<\/span><\/p>\n<p><span style=\"color: #000000;\">Da sich die Anforderungen f\u00fcr Touristen \u00e4ndern k\u00f6nnen, erkundigen Sie sich bitte bei der chilenischen Botschaft oder dem Konsulat in Ihrem Land nach den Visabestimmungen f\u00fcr die Einreise nach Chile.<\/span><br \/>\n<!--<span style=\"color: #000000;\">For more information on Chile\u2019s tourist permit requirements, go to<\/span> <span style=\"color: #993300;\"><a style=\"color: #993300;\" href=\"http:\/\/chile.gob.cl\/en\/consulados\/tramites\/para-extranjeros\/obtencion-visas\/\" target=\"_blank\" rel=\"noopener noreferrer\">http:\/\/chile.gob.cl\/en\/consulados\/tramites\/para-extranjeros\/obtencion-visas\/<\/a><\/span><span style=\"color: #000000;\">. (As tourist requirements may change, please contact the Chilean embassy or consulate in your country for the most up-to-date information prior to your travel.)<\/span>--><\/p>\n<p><span style=\"color: #000000;\"><strong>2. Buchen Sie Ihren Flug: <\/strong>Sie buchen Ihre eigenen internationalen Fl\u00fcge nach Santiago, Chile. Wenn Sie vor dem Beginn der Reise ankommen, sind Sie selbst f\u00fcr Ihren Taxitransfer und Ihre Hotelunterkunft vor Reisebeginn verantwortlich.<\/span><\/p>\n<p><span style=\"color: #000000;\"><strong>3. Zusatzn\u00e4chte: <\/strong>Wenn Sie sich entscheiden, fr\u00fcher anzureisen oder wenn Ihr Flugplan es erfordert, dass Sie einen oder mehrere zus\u00e4tzliche Tage oder N\u00e4chte in Chile bleiben, k\u00f6nnen Sie mit vorheriger Reservierung und Best\u00e4tigung der Verf\u00fcgbarkeit in Los Lobos bleiben. Ansonsten empfehlen wir das W Hotel oder Hyatt Hotel in Santiago oder das Holiday Inn am Flughafen Santiago.<\/span><\/p>\n<p><span style=\"color: #000000;\"><strong>4. Kr\u00e4uter und Nahrungserg\u00e4nzungsmittel: <\/strong>Bringen Sie Ihre t\u00e4glichen Nahrungserg\u00e4nzungsmittel mit, wenn Sie welche einnehmen. Achten Sie darauf, Kr\u00e4uter, Honig, Fr\u00fcchte oder Pflanzen bei der Zollabfertigung zu deklarieren, um Geldstrafen zu vermeiden.<\/span><\/p>\n<p><span style=\"color: #000000;\"><strong>5. Essen und Wasser: <\/strong>W\u00e4hrend Ihres Aufenthalts in Chile sollten Sie kein Leitungswasser trinken, da Ihr K\u00f6rper an die lokale Flora nicht gew\u00f6hnt sein k\u00f6nnte. Im Los Lobos Sanctuary angekommen, ist das Wasser rein und sauber, und es werden Mahlzeiten f\u00fcr besondere Ern\u00e4hrungsbed\u00fcrfnisse wie Gluten- oder Laktoseintoleranz angeboten.<\/span><\/p>\n<p><span style=\"color: #000000;\"><strong>6. Reiseversicherung: <\/strong>Wenn Sie Ihre Reise aus unvorhergesehenen Gr\u00fcnden stornieren m\u00fcssen, wird Ihre Anzahlung nicht zur\u00fcckerstattet. Die Four Winds Society empfiehlt Ihnen dringend, eine Reiseversicherung abzuschlie\u00dfen. Eine M\u00f6glichkeit ist die Travelex-Versicherung, die Reiser\u00fccktritts-, Reiseunterbrechungs-, Reiseversp\u00e4tungs- und Reisegep\u00e4ckversicherung anbietet. Wir empfehlen Ihnen, die Reiseversicherung innerhalb von drei Wochen nach Ihrer ersten Einzahlung abzuschlie\u00dfen, um den besten Schutz zu erhalten. Ausf\u00fchrliche Informationen finden Sie unter: <span style=\"color: #993300;\"><br \/>\n  <a style=\"color: #993300;\" href=\"http:\/\/www.travelexinsurance.com\" target=\"_blank\" rel=\"noopener noreferrer\">www.travelexinsurance.com<\/a><br \/>\n<\/span> oder rufen Sie den Kundendienst unter 1-800-228-9792 von Montag bis Freitag zwischen 8 und 19 Uhr CST an. Bitte beachten Sie den Standort 09-0821.<\/span><\/p>\n<p><span style=\"color: #000000;\"><strong>7. Geld: <\/strong>Erw\u00e4gen Sie den Umtausch von 200 bis 400 Dollar am Flughafen. Wenn wir in der Lodge ankommen, sind wir eine halbe Stunde Fahrt vom n\u00e4chsten Geldautomaten entfernt. Vergewissern Sie sich, dass die Dollarnoten, die Sie nach Chile mitbringen, keine Risse oder Spr\u00fcnge aufweisen. Es kann ein Problem sein, diese umzutauschen.<\/span><\/p>\n<p><span style=\"color: #000000;\"><strong>8. Trinkgeld: <\/strong>Trinkgelder sind nicht in der Workshop-Geb\u00fchr enthalten. Ein empfohlenes Trinkgeld in H\u00f6he von 5 % des Gesamtbetrags f\u00fcr Unterkunft und Dienstleistungen wird auf Ihre Rechnung aufgeschlagen und ist an der Kasse zu zahlen.<\/span><\/p>\n<p><span style=\"color: #000000;\"><strong>9. Gesundheit: <\/strong>Chile hat eine erstklassige medizinische Versorgung und keine Bedrohung der \u00f6ffentlichen Gesundheit. Wenn Sie verschreibungspflichtige Medikamente einnehmen, sollten Sie gen\u00fcgend f\u00fcr Ihre Reise mitnehmen. Die Beh\u00e4ltnisse sollten deutlich mit den Rezeptformularen beschriftet sein, um Probleme beim Zoll zu vermeiden. Eine Reiseapotheke ist ratsam, ebenso wie die Mitnahme Ihrer pers\u00f6nlichen &#8222;Lieblingsheilmittel&#8220;. Denken Sie daran, dass Sie selbst f\u00fcr Ihre Gesundheit verantwortlich sind.<\/span><\/p>\n<p><span style=\"color: #000000;\"><strong>10. Was Sie mitbringen sollten:<\/strong><\/span><\/p>\n<p style=\"padding-left: 30px;\"><span style=\"color: #000000;\">\u25cf Sonnenschutz: Sonnenbrille, Hut, Sonnenschutzmittel (LSF \u00fcber 30).<\/span><\/p>\n<p style=\"padding-left: 30px;\"><span style=\"color: #000000;\">\u25cf Leichte Kleidung f\u00fcr tags\u00fcber und warme Kleidung f\u00fcr abends,<br \/>\n<span style=\"color: #ffffff;\">-.  <\/span>sehr bequeme Kleidung f\u00fcr Yoga und Bewegung<br \/>\n<\/span><\/p>\n<p style=\"padding-left: 30px;\"><span style=\"color: #000000;\">\u25cf Leichte Wanderschuhe (am besten mit Kn\u00f6chelst\u00fctze) und gute Wandersocken<\/span><\/p>\n<p style=\"padding-left: 30px;\"><span style=\"color: #000000;\">\u25cf Tevas oder geschn\u00fcrte Wandersandalen (optional)<\/span><\/p>\n<p style=\"padding-left: 30px;\"><span style=\"color: #000000;\">\u25cf Tagesrucksack oder H\u00fcfttasche.<\/span><\/p>\n<p style=\"padding-left: 30px;\"><span style=\"color: #000000;\">\u25cf Wasserflasche<\/span><\/p>\n<p style=\"padding-left: 30px;\"><span style=\"color: #000000;\">\u25cf Tagebuch zum Schreiben<\/span><\/p>\n<p style=\"padding-left: 30px;\"><span style=\"color: #000000;\">\u25cf Badeanzug<\/span><\/p>\n<p style=\"padding-left: 30px;\"><span style=\"color: #000000;\">\u25cf Kleine Taschenlampe mit zus\u00e4tzlichen Batterien ist praktisch<\/span><\/p>\n<p style=\"padding-left: 30px;\"><span style=\"color: #000000;\">\u25cf Kamera und zus\u00e4tzliche SD-Karte\/Batterien<\/span><\/p>\n<p style=\"padding-left: 30px;\"><span style=\"color: #000000;\">\u25cf Spannungsadapter f\u00fcr Ihre elektronischen Ger\u00e4te<\/span><\/p>\n<p style=\"padding-left: 30px;\"><span style=\"color: #000000;\">\u25cf Pers\u00f6nliche Gegenst\u00e4nde und Toilettenartikel. Bringen Sie Kleenex, Feuchtt\u00fccher und verschlie\u00dfbare Beutel f\u00fcr<br \/>\n<span style=\"color: #ffffff;\">-.<\/span>Tageswanderungen &#8211; wie bei allem, was man auf einer Wanderung IN tr\u00e4gt &#8211; muss man auch OUT bringen  <\/span><br \/>\n<span style=\"color: #000000;\"><span style=\"color: #ffffff;\">-.<\/span>und ordnungsgem\u00e4\u00df entsorgt.<\/span><\/p>\n<p style=\"padding-left: 30px;\"><span style=\"color: #000000;\">\u25cf Bringen Sie ein Kleid, einen Rock, eine Hose, ein Hemd usw. f\u00fcr besondere Momente mit.<br \/>\n<\/span><\/p>\n<p><span style=\"color: #000000;\"><br \/>\n<\/span><span style=\"color: #000000;\"><strong>11. Die Temperaturen: <\/strong>Der Fr\u00fchling f\u00e4llt in die Zeit von September bis November, eine milde und gem\u00e4\u00dfigte Jahreszeit, in der die Pflanzen bl\u00fchen. Die Temperaturen reichen von mindestens 6 Grad Celsius bis 23 Grad Celsius (73 Grad F).<\/span><\/p>\n<p><span style=\"color: #000000;\">Der Sommer dauert von Dezember bis Februar und zeichnet sich durch hei\u00dfe und trockene Temperaturen aus, die tags\u00fcber zwischen 12 und 34 Grad Celsius liegen (mit deutlicher Abk\u00fchlung in der Nacht).<\/span><\/p>\n<p><span style=\"color: #000000;\">Der Herbst erstreckt sich von M\u00e4rz bis Mai. In dieser Zeit sinken die Temperaturen allm\u00e4hlich und reichen von 7 Grad Celsius bis zu einem Maximum von 22 Grad Celsius.<\/span><\/p>\n<p><span style=\"color: #000000;\">Der Winter beginnt im Juni und dauert bis September, wenn die Temperaturen selten 15 Grad Celsius \u00fcbersteigen. Obwohl dies die k\u00fchlste Zeit des Jahres ist, fallen die Durchschnittstemperaturen selten unter den Gefrierpunkt.<\/span><\/p>\n<p><span style=\"color: #000000;\">Die H\u00f6he betr\u00e4gt etwa 800 Meter (2.400 Fu\u00df).<\/span><\/p>\n<p><span style=\"color: #000000;\"><strong>12. Kontakt: <\/strong>Wenn Sie weitere Fragen haben, wenden Sie sich bitte an unsere Hauptgesch\u00e4ftsstelle unter 1 (888) 437-4077 oder 1 (435) 647-5988.<\/span><\/p>\n<p><span style=\"color: #993300;\"><strong><em>Danke, dass Sie mit uns unterwegs sind!<\/em><\/strong><\/span><br \/>\n[\/et_pb_text][\/et_pb_column][\/et_pb_row][\/et_pb_section]<\/p>\n","protected":false},"excerpt":{"rendered":"<p>1. Reisepass: F\u00fcr die Einreise nach Chile ist ein g\u00fcltiger Reisepass erforderlich. Eine Touristenkarte wird am internationalen Einreisehafen ausgestellt. Alle Teilnehmer sollten eine Fotokopie der Personaldatenseite ihres Reisepasses mit sich [&hellip;]<\/p>\n","protected":false},"author":283,"featured_media":0,"parent":0,"menu_order":0,"comment_status":"closed","ping_status":"closed","template":"","meta":{"_et_pb_use_builder":"on","_et_pb_old_content":"","_et_gb_content_width":"","_price":"","_stock":"","_tribe_ticket_header":"","_tribe_default_ticket_provider":"","_tribe_ticket_capacity":"0","_ticket_start_date":"","_ticket_end_date":"","_tribe_ticket_show_description":"","_tribe_ticket_show_not_going":false,"_tribe_ticket_use_global_stock":"","_tribe_ticket_global_stock_level":"","_global_stock_mode":"","_global_stock_cap":"","_tribe_rsvp_for_event":"","_tribe_ticket_going_count":"","_tribe_ticket_not_going_count":"","_tribe_tickets_list":"[]","_tribe_ticket_has_attendee_info_fields":false,"footnotes":"","_tec_slr_enabled":"","_tec_slr_layout":""},"class_list":["post-270017","page","type-page","status-publish","hentry"],"yoast_head":"<!-- This site is optimized with the Yoast SEO plugin v27.2 - https:\/\/yoast.com\/product\/yoast-seo-wordpress\/ -->\n<title>REISE &amp; MITBRINGSEL - CHILE - The Four Winds<\/title>\n<meta name=\"robots\" content=\"index, follow, max-snippet:-1, max-image-preview:large, max-video-preview:-1\" \/>\n<link rel=\"canonical\" href=\"https:\/\/thefourwinds.com\/de\/reise-mitbringsel-chile\/\" \/>\n<meta property=\"og:locale\" content=\"de_DE\" \/>\n<meta property=\"og:type\" content=\"article\" \/>\n<meta property=\"og:title\" content=\"REISE &amp; MITBRINGSEL - CHILE - The Four Winds\" \/>\n<meta property=\"og:description\" content=\"1. Reisepass: F\u00fcr die Einreise nach Chile ist ein g\u00fcltiger Reisepass erforderlich. Eine Touristenkarte wird am internationalen Einreisehafen ausgestellt. Alle Teilnehmer sollten eine Fotokopie der Personaldatenseite ihres Reisepasses mit sich [&hellip;]\" \/>\n<meta property=\"og:url\" content=\"https:\/\/thefourwinds.com\/de\/reise-mitbringsel-chile\/\" \/>\n<meta property=\"og:site_name\" content=\"The Four Winds\" \/>\n<meta property=\"article:modified_time\" content=\"2022-07-06T07:49:10+00:00\" \/>\n<meta name=\"twitter:card\" content=\"summary_large_image\" \/>\n<meta name=\"twitter:label1\" content=\"Gesch\u00e4tzte Lesezeit\" \/>\n\t<meta name=\"twitter:data1\" content=\"4\u00a0Minuten\" \/>\n<script type=\"application\/ld+json\" class=\"yoast-schema-graph\">{\"@context\":\"https:\/\/schema.org\",\"@graph\":[{\"@type\":\"WebPage\",\"@id\":\"https:\/\/thefourwinds.com\/de\/reise-mitbringsel-chile\/\",\"url\":\"https:\/\/thefourwinds.com\/de\/reise-mitbringsel-chile\/\",\"name\":\"REISE &amp; MITBRINGSEL - CHILE - The Four Winds\",\"isPartOf\":{\"@id\":\"https:\/\/thefourwinds.com\/de\/#website\"},\"datePublished\":\"2022-07-06T07:49:06+00:00\",\"dateModified\":\"2022-07-06T07:49:10+00:00\",\"breadcrumb\":{\"@id\":\"https:\/\/thefourwinds.com\/de\/reise-mitbringsel-chile\/#breadcrumb\"},\"inLanguage\":\"de\",\"potentialAction\":[{\"@type\":\"ReadAction\",\"target\":[\"https:\/\/thefourwinds.com\/de\/reise-mitbringsel-chile\/\"]}]},{\"@type\":\"BreadcrumbList\",\"@id\":\"https:\/\/thefourwinds.com\/de\/reise-mitbringsel-chile\/#breadcrumb\",\"itemListElement\":[{\"@type\":\"ListItem\",\"position\":1,\"name\":\"Home\",\"item\":\"https:\/\/thefourwinds.com\/de\/\"},{\"@type\":\"ListItem\",\"position\":2,\"name\":\"REISE &amp; MITBRINGSEL &#8211; CHILE\"}]},{\"@type\":\"WebSite\",\"@id\":\"https:\/\/thefourwinds.com\/de\/#website\",\"url\":\"https:\/\/thefourwinds.com\/de\/\",\"name\":\"The Four Winds\",\"description\":\"World&#039;s Most Renowned School of Energy Medicine\",\"potentialAction\":[{\"@type\":\"SearchAction\",\"target\":{\"@type\":\"EntryPoint\",\"urlTemplate\":\"https:\/\/thefourwinds.com\/de\/?s={search_term_string}\"},\"query-input\":{\"@type\":\"PropertyValueSpecification\",\"valueRequired\":true,\"valueName\":\"search_term_string\"}}],\"inLanguage\":\"de\"}]}<\/script>\n<!-- \/ Yoast SEO plugin. -->","yoast_head_json":{"title":"REISE &amp; MITBRINGSEL - CHILE - The Four Winds","robots":{"index":"index","follow":"follow","max-snippet":"max-snippet:-1","max-image-preview":"max-image-preview:large","max-video-preview":"max-video-preview:-1"},"canonical":"https:\/\/thefourwinds.com\/de\/reise-mitbringsel-chile\/","og_locale":"de_DE","og_type":"article","og_title":"REISE &amp; MITBRINGSEL - CHILE - The Four Winds","og_description":"1. Reisepass: F\u00fcr die Einreise nach Chile ist ein g\u00fcltiger Reisepass erforderlich. Eine Touristenkarte wird am internationalen Einreisehafen ausgestellt. Alle Teilnehmer sollten eine Fotokopie der Personaldatenseite ihres Reisepasses mit sich [&hellip;]","og_url":"https:\/\/thefourwinds.com\/de\/reise-mitbringsel-chile\/","og_site_name":"The Four Winds","article_modified_time":"2022-07-06T07:49:10+00:00","twitter_card":"summary_large_image","twitter_misc":{"Gesch\u00e4tzte Lesezeit":"4\u00a0Minuten"},"schema":{"@context":"https:\/\/schema.org","@graph":[{"@type":"WebPage","@id":"https:\/\/thefourwinds.com\/de\/reise-mitbringsel-chile\/","url":"https:\/\/thefourwinds.com\/de\/reise-mitbringsel-chile\/","name":"REISE &amp; MITBRINGSEL - CHILE - The Four Winds","isPartOf":{"@id":"https:\/\/thefourwinds.com\/de\/#website"},"datePublished":"2022-07-06T07:49:06+00:00","dateModified":"2022-07-06T07:49:10+00:00","breadcrumb":{"@id":"https:\/\/thefourwinds.com\/de\/reise-mitbringsel-chile\/#breadcrumb"},"inLanguage":"de","potentialAction":[{"@type":"ReadAction","target":["https:\/\/thefourwinds.com\/de\/reise-mitbringsel-chile\/"]}]},{"@type":"BreadcrumbList","@id":"https:\/\/thefourwinds.com\/de\/reise-mitbringsel-chile\/#breadcrumb","itemListElement":[{"@type":"ListItem","position":1,"name":"Home","item":"https:\/\/thefourwinds.com\/de\/"},{"@type":"ListItem","position":2,"name":"REISE &amp; MITBRINGSEL &#8211; CHILE"}]},{"@type":"WebSite","@id":"https:\/\/thefourwinds.com\/de\/#website","url":"https:\/\/thefourwinds.com\/de\/","name":"The Four Winds","description":"World&#039;s Most Renowned School of Energy Medicine","potentialAction":[{"@type":"SearchAction","target":{"@type":"EntryPoint","urlTemplate":"https:\/\/thefourwinds.com\/de\/?s={search_term_string}"},"query-input":{"@type":"PropertyValueSpecification","valueRequired":true,"valueName":"search_term_string"}}],"inLanguage":"de"}]}},"ticketed":false,"_links":{"self":[{"href":"https:\/\/thefourwinds.com\/de\/wp-json\/wp\/v2\/pages\/270017","targetHints":{"allow":["GET"]}}],"collection":[{"href":"https:\/\/thefourwinds.com\/de\/wp-json\/wp\/v2\/pages"}],"about":[{"href":"https:\/\/thefourwinds.com\/de\/wp-json\/wp\/v2\/types\/page"}],"author":[{"embeddable":true,"href":"https:\/\/thefourwinds.com\/de\/wp-json\/wp\/v2\/users\/283"}],"replies":[{"embeddable":true,"href":"https:\/\/thefourwinds.com\/de\/wp-json\/wp\/v2\/comments?post=270017"}],"version-history":[{"count":0,"href":"https:\/\/thefourwinds.com\/de\/wp-json\/wp\/v2\/pages\/270017\/revisions"}],"wp:attachment":[{"href":"https:\/\/thefourwinds.com\/de\/wp-json\/wp\/v2\/media?parent=270017"}],"curies":[{"name":"wp","href":"https:\/\/api.w.org\/{rel}","templated":true}]}}