{"id":270114,"date":"2022-07-06T07:49:09","date_gmt":"2022-07-06T07:49:09","guid":{"rendered":"https:\/\/thefourwinds.com\/das-kore-programm\/"},"modified":"2022-07-06T07:49:11","modified_gmt":"2022-07-06T07:49:11","slug":"das-kore-programm","status":"publish","type":"page","link":"https:\/\/thefourwinds.com\/de\/das-kore-programm\/","title":{"rendered":"Das Kore-Programm"},"content":{"rendered":"<p>[et_pb_section fb_built=&#8220;1&#8243; _builder_version=&#8220;3.22&#8243; global_colors_info=&#8220;{}&#8220;][et_pb_row _builder_version=&#8220;3.25&#8243; background_size=&#8220;initial&#8220; background_position=&#8220;top_left&#8220; background_repeat=&#8220;repeat&#8220; global_colors_info=&#8220;{}&#8220;][et_pb_column type=&#8220;4_4&#8243; _builder_version=&#8220;3.25&#8243; custom_padding=&#8220;|||&#8220; global_colors_info=&#8220;{}&#8220; custom_padding__hover=&#8220;|||&#8220;][et_pb_text _builder_version=&#8220;4.10.4&#8243; background_size=&#8220;initial&#8220; background_position=&#8220;top_left&#8220; background_repeat=&#8220;repeat&#8220; hover_enabled=&#8220;0&#8243; global_colors_info=&#8220;{}&#8220; sticky_enabled=&#8220;0&#8243;]<\/p>\n<p><span style=\"color: #000000;\">Kore war die antike griechische G\u00f6ttin des Fr\u00fchlings. Das Kore-Programm repariert Ihre Mitochondrien, die schon vor Ihrer Geburt durch Pestizide und Toxine in Wasser und Luft angegriffen wurden. Ihr Gehirnnebel l\u00f6st sich auf, w\u00e4hrend Sie entgiften und innerhalb weniger Tage ein neues Ma\u00df an Energie und Wohlbefinden erlangen.<\/span><\/p>\n<p><span style=\"color: #000000;\">Organische Superfoods und antioxidative Therapien regen die Stammzellenproduktion in Ihrem Gehirn an und erneuern jedes Organ in Ihrem K\u00f6rper. Energiemedizinische Behandlungen durch unsere Schamanen helfen, Ihr Biofeld von den Pr\u00e4gungen der Krankheit zu befreien. Mit dem Besten aus alter und moderner Wissenschaft helfen wir Ihnen, einen gesunden K\u00f6rper und einen strahlenden Geist zu entwickeln.<\/span><\/p>\n<p><span style=\"color: #000000;\">Alle Programme werden von Dr. Alberto Villoldo betreut.<\/span><\/p>\n<p><strong><span style=\"color: #000000;\">Enth\u00e4lt:<\/span><\/strong><\/p>\n<table style=\"height: 142px;\" width=\"481\">\n<tbody>\n<tr>\n<td style=\"width: 389.833px;\">1 Erstuntersuchung Energiemedizin w. Alberto<\/td>\n<td style=\"width: 75.1667px;\">50 min.<\/td>\n<\/tr>\n<tr>\n<td style=\"width: 389.833px;\">2 Energiemedizinische Behandlungen<\/td>\n<td style=\"width: 75.1667px;\">50 min.<\/td>\n<\/tr>\n<tr>\n<td style=\"width: 389.833px;\">4 Sitzungen Sauerstofftherapie (nur Los Lobos)<\/td>\n<td style=\"width: 75.1667px;\">50 min.<\/td>\n<\/tr>\n<tr>\n<td style=\"width: 389.833px;\">3 Glutathion-Infusionen<\/td>\n<td style=\"width: 75.1667px;\">50 min.<\/td>\n<\/tr>\n<\/tbody>\n<\/table>\n<p>&nbsp;<\/p>\n<p><span style=\"color: #000000;\">T\u00e4gliche Antioxidantien und Neuro-N\u00e4hrstoffe aus der BRAIN BAR<\/span><br \/><span style=\"color: #000000;\">T\u00e4gliche Formeln zur Reparatur der Mitochondrien<\/span><br \/><span style=\"color: #000000;\">T\u00e4gliche Entgiftungsgetr\u00e4nke<\/span><br \/><span style=\"color: #000000;\">T\u00e4glich gr\u00fcne Getr\u00e4nke und Proteinshakes<\/span><br \/><span style=\"color: #000000;\">T\u00e4gliche Darm-Mikroflora-Formulierungen<\/span><\/p>\n<p class=\"p1\"><span style=\"color: #000000;\">F\u00fcr weitere Informationen \u00fcber unser Kore-Programm wenden Sie sich bitte an unsere Studienberater unter <strong>877-892-9247<\/strong><\/span>, oder <a href=\"mailto:fourwinds@thefourwinds.com\"><br \/>\n  <span style=\"color: #993300;\">fourwinds@thefourwinds.com<\/span><br \/>\n<\/a>.<\/p>\n<p>[\/et_pb_text][\/et_pb_column][\/et_pb_row][\/et_pb_section]<\/p>\n","protected":false},"excerpt":{"rendered":"<p>Kore war die antike griechische G\u00f6ttin des Fr\u00fchlings. Das Kore-Programm repariert Ihre Mitochondrien, die schon vor Ihrer Geburt durch Pestizide und Toxine in Wasser und Luft angegriffen wurden. Ihr Gehirnnebel [&hellip;]<\/p>\n","protected":false},"author":283,"featured_media":0,"parent":0,"menu_order":0,"comment_status":"closed","ping_status":"closed","template":"","meta":{"_et_pb_use_builder":"on","_et_pb_old_content":"","_et_gb_content_width":"","_price":"","_stock":"","_tribe_ticket_header":"","_tribe_default_ticket_provider":"","_tribe_ticket_capacity":"0","_ticket_start_date":"","_ticket_end_date":"","_tribe_ticket_show_description":"","_tribe_ticket_show_not_going":false,"_tribe_ticket_use_global_stock":"","_tribe_ticket_global_stock_level":"","_global_stock_mode":"","_global_stock_cap":"","_tribe_rsvp_for_event":"","_tribe_ticket_going_count":"","_tribe_ticket_not_going_count":"","_tribe_tickets_list":"[]","_tribe_ticket_has_attendee_info_fields":false,"footnotes":"","_tec_slr_enabled":"","_tec_slr_layout":""},"class_list":["post-270114","page","type-page","status-publish","hentry"],"yoast_head":"<!-- This site is optimized with the Yoast SEO plugin v27.2 - https:\/\/yoast.com\/product\/yoast-seo-wordpress\/ -->\n<title>Das Kore-Programm - The Four Winds<\/title>\n<meta name=\"robots\" content=\"index, follow, max-snippet:-1, max-image-preview:large, max-video-preview:-1\" \/>\n<link rel=\"canonical\" href=\"https:\/\/thefourwinds.com\/de\/das-kore-programm\/\" \/>\n<meta property=\"og:locale\" content=\"de_DE\" \/>\n<meta property=\"og:type\" content=\"article\" \/>\n<meta property=\"og:title\" content=\"Das Kore-Programm - The Four Winds\" \/>\n<meta property=\"og:description\" content=\"Kore war die antike griechische G\u00f6ttin des Fr\u00fchlings. Das Kore-Programm repariert Ihre Mitochondrien, die schon vor Ihrer Geburt durch Pestizide und Toxine in Wasser und Luft angegriffen wurden. Ihr Gehirnnebel [&hellip;]\" \/>\n<meta property=\"og:url\" content=\"https:\/\/thefourwinds.com\/de\/das-kore-programm\/\" \/>\n<meta property=\"og:site_name\" content=\"The Four Winds\" \/>\n<meta property=\"article:modified_time\" content=\"2022-07-06T07:49:11+00:00\" \/>\n<meta name=\"twitter:card\" content=\"summary_large_image\" \/>\n<meta name=\"twitter:label1\" content=\"Gesch\u00e4tzte Lesezeit\" \/>\n\t<meta name=\"twitter:data1\" content=\"1\u00a0Minute\" \/>\n<script type=\"application\/ld+json\" class=\"yoast-schema-graph\">{\"@context\":\"https:\/\/schema.org\",\"@graph\":[{\"@type\":\"WebPage\",\"@id\":\"https:\/\/thefourwinds.com\/de\/das-kore-programm\/\",\"url\":\"https:\/\/thefourwinds.com\/de\/das-kore-programm\/\",\"name\":\"Das Kore-Programm - The Four Winds\",\"isPartOf\":{\"@id\":\"https:\/\/thefourwinds.com\/de\/#website\"},\"datePublished\":\"2022-07-06T07:49:09+00:00\",\"dateModified\":\"2022-07-06T07:49:11+00:00\",\"breadcrumb\":{\"@id\":\"https:\/\/thefourwinds.com\/de\/das-kore-programm\/#breadcrumb\"},\"inLanguage\":\"de\",\"potentialAction\":[{\"@type\":\"ReadAction\",\"target\":[\"https:\/\/thefourwinds.com\/de\/das-kore-programm\/\"]}]},{\"@type\":\"BreadcrumbList\",\"@id\":\"https:\/\/thefourwinds.com\/de\/das-kore-programm\/#breadcrumb\",\"itemListElement\":[{\"@type\":\"ListItem\",\"position\":1,\"name\":\"Home\",\"item\":\"https:\/\/thefourwinds.com\/de\/\"},{\"@type\":\"ListItem\",\"position\":2,\"name\":\"Das Kore-Programm\"}]},{\"@type\":\"WebSite\",\"@id\":\"https:\/\/thefourwinds.com\/de\/#website\",\"url\":\"https:\/\/thefourwinds.com\/de\/\",\"name\":\"The Four Winds\",\"description\":\"World&#039;s Most Renowned School of Energy Medicine\",\"potentialAction\":[{\"@type\":\"SearchAction\",\"target\":{\"@type\":\"EntryPoint\",\"urlTemplate\":\"https:\/\/thefourwinds.com\/de\/?s={search_term_string}\"},\"query-input\":{\"@type\":\"PropertyValueSpecification\",\"valueRequired\":true,\"valueName\":\"search_term_string\"}}],\"inLanguage\":\"de\"}]}<\/script>\n<!-- \/ Yoast SEO plugin. -->","yoast_head_json":{"title":"Das Kore-Programm - The Four Winds","robots":{"index":"index","follow":"follow","max-snippet":"max-snippet:-1","max-image-preview":"max-image-preview:large","max-video-preview":"max-video-preview:-1"},"canonical":"https:\/\/thefourwinds.com\/de\/das-kore-programm\/","og_locale":"de_DE","og_type":"article","og_title":"Das Kore-Programm - The Four Winds","og_description":"Kore war die antike griechische G\u00f6ttin des Fr\u00fchlings. Das Kore-Programm repariert Ihre Mitochondrien, die schon vor Ihrer Geburt durch Pestizide und Toxine in Wasser und Luft angegriffen wurden. Ihr Gehirnnebel [&hellip;]","og_url":"https:\/\/thefourwinds.com\/de\/das-kore-programm\/","og_site_name":"The Four Winds","article_modified_time":"2022-07-06T07:49:11+00:00","twitter_card":"summary_large_image","twitter_misc":{"Gesch\u00e4tzte Lesezeit":"1\u00a0Minute"},"schema":{"@context":"https:\/\/schema.org","@graph":[{"@type":"WebPage","@id":"https:\/\/thefourwinds.com\/de\/das-kore-programm\/","url":"https:\/\/thefourwinds.com\/de\/das-kore-programm\/","name":"Das Kore-Programm - The Four Winds","isPartOf":{"@id":"https:\/\/thefourwinds.com\/de\/#website"},"datePublished":"2022-07-06T07:49:09+00:00","dateModified":"2022-07-06T07:49:11+00:00","breadcrumb":{"@id":"https:\/\/thefourwinds.com\/de\/das-kore-programm\/#breadcrumb"},"inLanguage":"de","potentialAction":[{"@type":"ReadAction","target":["https:\/\/thefourwinds.com\/de\/das-kore-programm\/"]}]},{"@type":"BreadcrumbList","@id":"https:\/\/thefourwinds.com\/de\/das-kore-programm\/#breadcrumb","itemListElement":[{"@type":"ListItem","position":1,"name":"Home","item":"https:\/\/thefourwinds.com\/de\/"},{"@type":"ListItem","position":2,"name":"Das Kore-Programm"}]},{"@type":"WebSite","@id":"https:\/\/thefourwinds.com\/de\/#website","url":"https:\/\/thefourwinds.com\/de\/","name":"The Four Winds","description":"World&#039;s Most Renowned School of Energy Medicine","potentialAction":[{"@type":"SearchAction","target":{"@type":"EntryPoint","urlTemplate":"https:\/\/thefourwinds.com\/de\/?s={search_term_string}"},"query-input":{"@type":"PropertyValueSpecification","valueRequired":true,"valueName":"search_term_string"}}],"inLanguage":"de"}]}},"ticketed":false,"_links":{"self":[{"href":"https:\/\/thefourwinds.com\/de\/wp-json\/wp\/v2\/pages\/270114","targetHints":{"allow":["GET"]}}],"collection":[{"href":"https:\/\/thefourwinds.com\/de\/wp-json\/wp\/v2\/pages"}],"about":[{"href":"https:\/\/thefourwinds.com\/de\/wp-json\/wp\/v2\/types\/page"}],"author":[{"embeddable":true,"href":"https:\/\/thefourwinds.com\/de\/wp-json\/wp\/v2\/users\/283"}],"replies":[{"embeddable":true,"href":"https:\/\/thefourwinds.com\/de\/wp-json\/wp\/v2\/comments?post=270114"}],"version-history":[{"count":0,"href":"https:\/\/thefourwinds.com\/de\/wp-json\/wp\/v2\/pages\/270114\/revisions"}],"wp:attachment":[{"href":"https:\/\/thefourwinds.com\/de\/wp-json\/wp\/v2\/media?parent=270114"}],"curies":[{"name":"wp","href":"https:\/\/api.w.org\/{rel}","templated":true}]}}