{"id":270160,"date":"2022-07-06T07:49:30","date_gmt":"2022-07-06T07:49:30","guid":{"rendered":"https:\/\/thefourwinds.com\/gebet-zur-oeffnung-des-heiligen-raums\/"},"modified":"2022-07-06T07:49:37","modified_gmt":"2022-07-06T07:49:37","slug":"gebet-zur-oeffnung-des-heiligen-raums","status":"publish","type":"page","link":"https:\/\/thefourwinds.com\/de\/gebet-zur-oeffnung-des-heiligen-raums\/","title":{"rendered":"Gebet zur \u00d6ffnung des heiligen Raums"},"content":{"rendered":"<p>[et_pb_section fb_built=&#8220;1&#8243; _builder_version=&#8220;3.22&#8243;][et_pb_row _builder_version=&#8220;3.25&#8243; background_size=&#8220;initial&#8220; background_position=&#8220;top_left&#8220; background_repeat=&#8220;repeat&#8220;][et_pb_column type=&#8220;4_4&#8243; _builder_version=&#8220;3.25&#8243; custom_padding=&#8220;|||&#8220; custom_padding__hover=&#8220;|||&#8220;][et_pb_text _builder_version=&#8220;3.27.4&#8243; background_size=&#8220;initial&#8220; background_position=&#8220;top_left&#8220; background_repeat=&#8220;repeat&#8220;]<\/p>\n<p style=\"padding-left: 60px;\"><span style=\"color: #000000; font-family: 'times new roman', times, serif; font-size: 18pt;\"><span style=\"color: #ffffff;\">&#8230;..<\/span>Gebet f\u00fcr<\/span><br \/>\n<span style=\"font-size: 36pt; color: #732a73;\"> <span style=\"font-family: 'times new roman', times, serif;\"> Er\u00f6ffnung <\/span><span style=\"font-family: 'times new roman', times, serif;\">Heiliger Raum<\/span><\/span><\/p>\n<hr>\n<p><img loading=\"lazy\" decoding=\"async\" class=\"alignright size-full wp-image-1199\" src=\"\/wp-content\/uploads\/2016\/11\/SACRED-SPACE2.jpg\" alt=\"heiliger-raum2\" width=\"620\" height=\"900\" srcset=\"https:\/\/thefourwinds.com\/wp-content\/uploads\/2016\/11\/SACRED-SPACE2.jpg 620w, https:\/\/thefourwinds.com\/wp-content\/uploads\/2016\/11\/SACRED-SPACE2-207x300.jpg 207w\" sizes=\"(max-width: 620px) 100vw, 620px\" \/><\/p>\n<p>&nbsp;<\/p>\n<p style=\"padding-left: 90px;\"><span style=\"font-size: 14pt;\"><strong><span style=\"color: #000000;\">EINLADUNG<\/span><\/strong><\/span><\/p>\n<p style=\"padding-left: 90px;\"><span style=\"font-size: 14pt; color: #732a73;\"><strong>S\u00fcd<\/strong><\/span><br \/>\n<span style=\"color: #000000;\">Zu den Winden des S\u00fcdens<\/span><br \/>\n<span style=\"color: #000000;\">Gro\u00dfe Schlange<\/span><br \/>\n<span style=\"color: #000000;\">Wickle deine Lichtspiralen um uns<\/span><br \/>\n<span style=\"color: #000000;\">Bring uns bei, die Vergangenheit abzulegen, so wie du deine Haut ablegst<\/span><br \/>\n<span style=\"color: #000000;\">Sanft auf der Erde zu gehen<\/span><br \/>\n<span style=\"color: #000000;\">Lehren Sie uns den Weg der Sch\u00f6nheit<\/span><\/p>\n<p style=\"padding-left: 90px;\"><span style=\"font-size: 14pt; color: #732a73;\"><strong>West<\/strong><\/span><br \/>\n<span style=\"color: #000000;\">Zu den Winden des Westens<\/span><br \/>\n<span style=\"color: #000000;\">Mutter Jaguar<\/span><br \/>\n<span style=\"color: #000000;\">Sch\u00fctzen Sie unseren medizinischen Raum<\/span><br \/>\n<span style=\"color: #000000;\">Lehre uns den Weg des Friedens, untadelig zu leben<\/span><br \/>\n<span style=\"color: #000000;\">Zeige uns den Weg \u00fcber den Tod hinaus<\/span><\/p>\n<p style=\"padding-left: 90px;\"><span style=\"font-size: 14pt; color: #732a73;\"><strong>Norden<\/strong><\/span><br \/>\n<span style=\"color: #000000;\">Zu den Winden des Nordens<\/span><br \/>\n<span style=\"color: #000000;\">Kolibri, Gro\u00dfm\u00fctter und Gro\u00dfv\u00e4ter<\/span><br \/>\n<span style=\"color: #000000;\">Uralte Menschen<\/span><br \/>\n<span style=\"color: #000000;\">Kommt und w\u00e4rmt eure H\u00e4nde an unseren Feuern<\/span><br \/>\n<span style=\"color: #000000;\">Fl\u00fcstert uns der Wind zu<\/span><br \/>\n<span style=\"color: #000000;\">Wir ehren Sie, die vor uns gekommen sind<\/span><br \/>\n<span style=\"color: #000000;\">Und ihr, die ihr nach uns kommen werdet, unsere Kindeskinder<\/span><\/p>\n<p style=\"padding-left: 90px;\"><span style=\"font-size: 14pt; color: #732a73;\"><strong>Ost<\/strong><\/span><br \/>\n<span style=\"color: #000000;\">Zu den Winden des Ostens<\/span><br \/>\n<span style=\"color: #000000;\">Gro\u00dfadler, Kondor<\/span><br \/>\n<span style=\"color: #000000;\">Komm zu uns vom Ort der aufgehenden Sonne<\/span><br \/>\n<span style=\"color: #000000;\">Nimm uns unter deine Fittiche<\/span><br \/>\n<span style=\"color: #000000;\">Zeig uns die Berge, von denen wir nur zu tr\u00e4umen wagen<\/span><br \/>\n<span style=\"color: #000000;\">Lehre uns, mit dem Gro\u00dfen Geist von Fl\u00fcgel zu Fl\u00fcgel zu fliegen<\/span><\/p>\n<p style=\"padding-left: 90px;\"><span style=\"font-size: 14pt; color: #732a73;\"><strong>Mutter Erde<\/strong><\/span><br \/>\n<span style=\"color: #000000;\">Wir haben uns versammelt, um alle eure Kinder zu ehren<\/span><br \/>\n<span style=\"color: #000000;\">Die Steinmenschen, die Pflanzenmenschen<\/span><br \/>\n<span style=\"color: #000000;\">Die Vierbeiner, die Zweibeiner, die Krabbeltiere<\/span><br \/>\n<span style=\"color: #000000;\">Die Flossigen, die Behaarten und die Gefl\u00fcgelten<\/span><br \/>\n<span style=\"color: #000000;\">Alle unsere Beziehungen<\/span><\/p>\n<p style=\"padding-left: 90px;\"><span style=\"font-size: 14pt; color: #732a73;\"><strong>Vater Sonne<\/strong><\/span><br \/>\n<span style=\"color: #000000;\">Vater Sonne, Gro\u00dfmutter Mond, zu den Sternenv\u00f6lkern<\/span><br \/>\n<span style=\"color: #000000;\">Gro\u00dfer Geist, du, der du unter tausend Namen bekannt bist<\/span><br \/>\n<span style=\"color: #000000;\">Und du, der du der Unnennbare bist<\/span><br \/>\n<span style=\"color: #000000;\">Danke, dass Sie uns zusammengebracht haben<\/span><br \/>\n<span style=\"color: #000000;\">Und uns erlaubt, das Lied des Lebens zu singen<\/span><\/p>\n<p style=\"padding-left: 90px;\"><span style=\"color: #ffffff;\">.<\/span><\/p>\n<hr>\n<p style=\"padding-left: 90px;\">\n<p style=\"padding-left: 90px;\"><span style=\"font-family: 'times new roman', times, serif; font-size: 36pt; color: #732a73;\">Feuer-Zeremonie<\/span><\/p>\n<p style=\"padding-left: 90px;\"><span style=\"color: #000000;\">Bei den Inka, den Hopi, den Tibetern, den Maya und anderen indigenen V\u00f6lkern auf der ganzen Welt setzen die \u00c4ltesten die Tradition fort, sich bei Vollmond um ein Feuer zu versammeln und von einer Welt zu tr\u00e4umen, die sie ihren Kindeskindern hinterlassen m\u00f6chten. An diesem Abend finden sie sich in aller Stille in einem Kreis von Tr\u00e4umern ein, denn sie wissen, dass das, was sie zu bieten haben, zwar nur ein winziges Teil des gro\u00dfen Puzzles ist, dass es aber wichtig ist, dass sie auftauchen  <\/span><span style=\"color: #000000;\">mit Liebe und Absicht und beteiligen Sie sich an dem Prozess des Tr\u00e4umens.<\/span><\/p>\n<p style=\"padding-left: 90px;\"><span style=\"color: #000000;\">Bei der Schlange (auf der physischen Ebene) wissen sie, dass sie am Feuer sitzen m\u00fcssen. Beim Jaguar (auf der emotionalen Ebene) erkennen sie, dass sie ihre Liebe und Neugier mitbringen m\u00fcssen. Auf der Kolibri-Ebene (auf der mythischen Ebene) bieten sie ihren Beitrag an, ohne zu verstehen, wie er in den kollektiven Traum passt. Auf der Ebene des Adlers (auf der Ebene des Geistes) sehen sie das gr\u00f6\u00dfere Bild vor sich und verstehen die Gesamtheit des Traums, ohne ihn ausdr\u00fccken oder definieren zu k\u00f6nnen. Sie f\u00fchlen sich in die Liebe eingetaucht und mit allem verbunden. Nein  <\/span><span style=\"color: #000000;\">nicht mehr das &#8222;Ich&#8220;, sondern die Kraft und das Wunder des Geistes erleben. Sie werden zum Mond und zu den Sternen, zum Feuer und zum Rauch, zueinander und zu sich selbst, zu niemandem und zu allen.<\/span><\/p>\n<p style=\"padding-left: 90px;\"><span style=\"color: #000000;\">Die Zeremonie mit dem Transformationsfeuer wird bei Vollmond eines jeden Monats durchgef\u00fchrt. Traditionell nahm man etwa drei Jahre lang an einer Feuerzeremonie teil, bevor man begann, sie selbst durchzuf\u00fchren. Dann folgten weitere drei Jahre, in denen man es allein (oder mit seinem Lehrer) tat, bevor man  <\/span><span style=\"color: #000000;\">versucht hat, es f\u00fcr andere zu tun. Bis vor kurzem war dies der Ausbildungsprozess f\u00fcr diese Zeremonie. Nun sagen die Schamanen, dass f\u00fcr diesen langwierigen Prozess &#8222;keine Zeit&#8220; ist, dass die Erde und unsere Zivilisation in  <\/span><span style=\"color: #000000;\">Die Gefahr ist so gro\u00df, dass die Sch\u00fcler mit der Feuerzeremonie beginnen sollten, sobald sie dazu angeleitet werden. Meiner Erfahrung nach wird das Feuer dann zum Lehrer. Sie wird Sie sofort wissen lassen, wenn Ihre Absicht oder Einstellung nicht rein oder im Einklang mit der Tradition ist.<\/span><\/p>\n<p style=\"padding-left: 150px;\"><span style=\"color: #000000;\"><span style=\"color: #732a73;\">\u25cf <\/span>Bevor Sie zum Feuerkreis kommen, bringen Sie eine Opfergabe aus brennbaren Materialien. Dieser Geistpfeil oder Todespfeil steht f\u00fcr ein Problem oder etwas, das Sie loslassen wollen. Blasen Sie das Thema ins Angebot. Sie dient dazu, die Aufmerksamkeit in einer aktiven Meditation zu fokussieren.<\/span><\/p>\n<p style=\"padding-left: 150px;\"><span style=\"color: #000000;\"><span style=\"color: #732a73;\">\u25cf <\/span>W\u00e4hlen Sie einen Pachamama-Stab, der am Feuer f\u00fcr Gebete f\u00fcr Pachamama verteilt wird (dieser Stab ist<\/span><br \/>\n<span style=\"color: #000000;\">dicker und gehaltvoller als ein pers\u00f6nlicher Opferstock).<\/span><\/p>\n<p style=\"padding-left: 150px;\"><span style=\"color: #000000;\"><span style=\"color: #732a73;\">\u25cf<\/span> Offenen heiligen Raum.<\/span><\/p>\n<p style=\"padding-left: 150px;\"><span style=\"color: #000000;\"><span style=\"color: #732a73;\">\u25cf<\/span> Bereiten Sie das Feuer vor. Legen Sie das Anz\u00fcndholz zun\u00e4chst in Form eines Kreuzes des S\u00fcdens und dann<\/span><br \/>\n<span style=\"color: #000000;\">ein Tipi aus Holz bauen.<\/span><\/p>\n<p style=\"padding-left: 150px;\"><span style=\"color: #000000;\"><span style=\"color: #732a73;\">\u25cf<\/span> Das Feuer anz\u00fcnden. Eine Person sollte sich um das Feuer f\u00fcr den Abend k\u00fcmmern.<\/span><\/p>\n<p style=\"padding-left: 150px;\"><span style=\"color: #000000;\"><span style=\"color: #732a73;\">\u25cf<\/span> Beginne den Gesang, um den Geist der Gew\u00e4sser unter der Erde anzurufen:<\/span><\/p>\n<p style=\"padding-left: 180px;\"><span style=\"color: #000000;\">Nitche Tai Tai, N-U-Y<\/span><br \/>\n<span style=\"color: #000000;\">Oro Nika Oro Nika<\/span><br \/>\n<span style=\"color: #000000;\">Hey Hey&#8230;Hey Hey<\/span><br \/>\n<span style=\"color: #000000;\">Ooo Ai.<\/span><\/p>\n<p style=\"padding-left: 180px;\"><span style=\"color: #000000;\">Der folgende Text ist keine w\u00f6rtliche \u00dcbersetzung, sondern gibt das Wesentliche wieder:<\/span><\/p>\n<p style=\"padding-left: 180px;\"><span style=\"color: #000000;\">O Gro\u00dfe Mutter, Mutter der Gew\u00e4sser<\/span><br \/>\n<span style=\"color: #000000;\">Wir rufen dich an, Wasser unserer Geburt<\/span><br \/>\n<span style=\"color: #000000;\">Das Wasser unseres Lebensunterhalts<\/span><br \/>\n<span style=\"color: #000000;\">Wasser, das uns nach unserem Tod reinigt<\/span><br \/>\n<span style=\"color: #000000;\">Das Wasser des Lebens<\/span><\/p>\n<p style=\"padding-left: 150px;\"><span style=\"color: #000000;\"><span style=\"color: #732a73;\">\u25cf<\/span> Das Feuer dreimal mit Oliven\u00f6l f\u00fcttern: zuerst den vier Himmelsrichtungen, dann dem Himmel und der Erde, und zuletzt den Kreis mit dem Feuer verbinden, indem &#8222;alle&#8220; Anwesenden geehrt werden.<\/span><\/p>\n<p style=\"padding-left: 150px;\"><span style=\"color: #000000;\"><span style=\"color: #732a73;\">\u25cf<\/span> Testen Sie das Feuer auf Freundlichkeit. In dem Moment, in dem das Feuer freundlich wird, \u00e4ndert es seine Farbe und  <\/span><span style=\"color: #000000;\">brennt auf eine andere Art und Weise. Diese Ver\u00e4nderung wird durch direkte Beobachtung und<\/span><br \/>\n<span style=\"color: #000000;\">Erfahrung mit dem Feuer; sie wird von den Sch\u00fclern entdeckt.<\/span><\/p>\n<p style=\"padding-left: 150px;\"><span style=\"color: #000000;\">Wenn das Feuer freundlich ist, er\u00f6ffnet der Platzhalter die Opferzeremonie, indem er dem Feuer seine Opfergabe darbringt (mit jemandem in seinem R\u00fccken).<\/span><\/p>\n<p style=\"padding-left: 150px;\"><span style=\"color: #000000;\">Alle anderen bringen ihre Opfergaben dem Feuer dar, das aus den vier Himmelsrichtungen hereinkommt. Eine Person<\/span><br \/>\n<span style=\"color: #000000;\">h\u00e4lt Platz hinter jedem von ihnen. Jede Person n\u00e4hert sich dem Feuer und legt schweigend ihre  <\/span><span style=\"color: #000000;\">Opfergabe in das Feuer (mit jemandem in ihrem R\u00fccken). Dann f\u00fchren sie ihre H\u00e4nde kurz durch das Feuer und ziehen die Energie des Feuers in den Bauch, dann in das Herz und schlie\u00dflich in die Stirn. Der einzige Schutz bei der Ber\u00fchrung des Feuers besteht darin, mit einem reinen Herzen vor das Feuer zu treten. Man kann sie leicht ber\u00fchren oder tief in die Flamme gehen. Es soll nicht sensationell oder dramatisch sein, sondern eher ein Weg, die Aufmerksamkeit und Energie auf die eigene Transformation zu richten.<\/span><\/p>\n<p style=\"padding-left: 150px;\"><span style=\"color: #000000;\">W\u00e4hrenddessen wird der Pachamama-Stock im Kreis herumgereicht, damit alle ihren Segen geben k\u00f6nnen. Nachdem alle Opfergaben gebracht wurden, legt die \u00e4lteste oder die j\u00fcngste Person den Pachamama-Stab ins Feuer.<\/span><\/p>\n<p style=\"padding-left: 150px;\"><span style=\"color: #000000;\"><span style=\"color: #732a73;\">\u25cf<\/span> Heiliger Raum schlie\u00dfen<\/span><\/p>\n<p style=\"padding-left: 150px;\"><span style=\"color: #000000;\"><span style=\"color: #732a73;\">\u25cf<\/span> Mindestens zwei Personen, idealerweise ein Mann und eine Frau, bleiben beim Feuer, bis es nur noch gl\u00fcht &#8211; kein Wasser auf das Feuer.<\/span><\/p>\n<p style=\"padding-left: 90px;\"><span style=\"color: #000000;\">Die Sch\u00fcler werden gebeten, diese Informationen als das &#8222;Herzst\u00fcck&#8220; der Zeremonie zu betrachten. Der Stil des eigenen Lehrers soll nicht w\u00f6rtlich nachgeahmt werden &#8211; er ist vielmehr ein Ausgangspunkt, um ein eigenes, einzigartiges Ritual zu finden, das dieser wesentlichen Zeremonie hinzugef\u00fcgt wird.<\/span><\/p>\n<p style=\"padding-left: 90px;\"><span style=\"color: #000000;\">Nach einer Feuerzeremonie gibt es einen Zeitraum von zwei Wochen, in dem &#8222;Gelegenheitsf\u00e4lle&#8220; auftreten. Diese &#8222;Instanzen&#8220; bieten die M\u00f6glichkeit, Ihre Heilungsabsicht in die Realit\u00e4t umzusetzen. Wir raten Ihnen, die Feuerzeremonie nicht als eine sofortige magische Ver\u00e4nderung zu betrachten, sondern eher als eine \u00d6ffnung f\u00fcr die Heilung ausgepr\u00e4gter Gewohnheiten und Muster. Erkennen Sie diese &#8222;\u00d6ffnung&#8220; und nutzen Sie die Gelegenheit, Ihr Verhalten in der realen Welt zu \u00e4ndern. Dann \u00fcberlassen Sie es dem Universum, sich um die Details zu k\u00fcmmern.<\/span><\/p>\n<p style=\"padding-left: 90px;\"><span style=\"color: #000000;\">Dies gilt nicht f\u00fcr Ihren pers\u00f6nlichen Archetyp Feuer. Du machst diese Feuer alleine (oder mit einem anderen Mesatr\u00e4ger aus dieser Linie).<\/span><\/p>\n<p style=\"padding-left: 90px;\"><img loading=\"lazy\" decoding=\"async\" class=\"alignright size-full wp-image-1200\" src=\"\/wp-content\/uploads\/2016\/11\/CHAMANES-ALBERTO.jpg\" alt=\"chamanes-alberto\" width=\"2137\" height=\"1088\" srcset=\"https:\/\/thefourwinds.com\/wp-content\/uploads\/2016\/11\/CHAMANES-ALBERTO.jpg 2137w, https:\/\/thefourwinds.com\/wp-content\/uploads\/2016\/11\/CHAMANES-ALBERTO-300x153.jpg 300w, https:\/\/thefourwinds.com\/wp-content\/uploads\/2016\/11\/CHAMANES-ALBERTO-768x391.jpg 768w, https:\/\/thefourwinds.com\/wp-content\/uploads\/2016\/11\/CHAMANES-ALBERTO-1024x521.jpg 1024w, https:\/\/thefourwinds.com\/wp-content\/uploads\/2016\/11\/CHAMANES-ALBERTO-700x356.jpg 700w\" sizes=\"(max-width: 2137px) 100vw, 2137px\" \/><\/p>\n<p style=\"padding-left: 90px;\"><span style=\"color: #732a73;\"><strong><a style=\"color: #732a73;\" href=\"\/wp-content\/uploads\/Opening-Sacred-Space.pdf\">DRUCKVERSION HIER HERUNTERLADEN<\/a><\/strong><\/span><\/p>\n<p>[\/et_pb_text][\/et_pb_column][\/et_pb_row][\/et_pb_section]<\/p>\n","protected":false},"excerpt":{"rendered":"<p>&#8230;..Gebet f\u00fcr Er\u00f6ffnung Heiliger Raum &nbsp; EINLADUNG S\u00fcd Zu den Winden des S\u00fcdens Gro\u00dfe Schlange Wickle deine Lichtspiralen um uns Bring uns bei, die Vergangenheit abzulegen, so wie du deine [&hellip;]<\/p>\n","protected":false},"author":283,"featured_media":0,"parent":0,"menu_order":0,"comment_status":"closed","ping_status":"closed","template":"","meta":{"_et_pb_use_builder":"on","_et_pb_old_content":"","_et_gb_content_width":"","_price":"","_stock":"","_tribe_ticket_header":"","_tribe_default_ticket_provider":"","_tribe_ticket_capacity":"0","_ticket_start_date":"","_ticket_end_date":"","_tribe_ticket_show_description":"","_tribe_ticket_show_not_going":false,"_tribe_ticket_use_global_stock":"","_tribe_ticket_global_stock_level":"","_global_stock_mode":"","_global_stock_cap":"","_tribe_rsvp_for_event":"","_tribe_ticket_going_count":"","_tribe_ticket_not_going_count":"","_tribe_tickets_list":"[]","_tribe_ticket_has_attendee_info_fields":false,"footnotes":"","_tec_slr_enabled":"","_tec_slr_layout":""},"class_list":["post-270160","page","type-page","status-publish","hentry"],"yoast_head":"<!-- This site is optimized with the Yoast SEO plugin v27.4 - https:\/\/yoast.com\/product\/yoast-seo-wordpress\/ -->\n<title>Gebet zur \u00d6ffnung des heiligen Raums - The Four Winds<\/title>\n<meta name=\"robots\" content=\"index, follow, max-snippet:-1, max-image-preview:large, max-video-preview:-1\" \/>\n<link rel=\"canonical\" href=\"https:\/\/thefourwinds.com\/de\/gebet-zur-oeffnung-des-heiligen-raums\/\" \/>\n<meta property=\"og:locale\" content=\"de_DE\" \/>\n<meta property=\"og:type\" content=\"article\" \/>\n<meta property=\"og:title\" content=\"Gebet zur \u00d6ffnung des heiligen Raums - The Four Winds\" \/>\n<meta property=\"og:description\" content=\".....Gebet f\u00fcr Er\u00f6ffnung Heiliger Raum &nbsp; EINLADUNG S\u00fcd Zu den Winden des S\u00fcdens Gro\u00dfe Schlange Wickle deine Lichtspiralen um uns Bring uns bei, die Vergangenheit abzulegen, so wie du deine [&hellip;]\" \/>\n<meta property=\"og:url\" content=\"https:\/\/thefourwinds.com\/de\/gebet-zur-oeffnung-des-heiligen-raums\/\" \/>\n<meta property=\"og:site_name\" content=\"The Four Winds\" \/>\n<meta property=\"article:modified_time\" content=\"2022-07-06T07:49:37+00:00\" \/>\n<meta name=\"twitter:card\" content=\"summary_large_image\" \/>\n<meta name=\"twitter:label1\" content=\"Gesch\u00e4tzte Lesezeit\" \/>\n\t<meta name=\"twitter:data1\" content=\"7\u00a0Minuten\" \/>\n<script type=\"application\/ld+json\" class=\"yoast-schema-graph\">{\"@context\":\"https:\\\/\\\/schema.org\",\"@graph\":[{\"@type\":\"WebPage\",\"@id\":\"https:\\\/\\\/thefourwinds.com\\\/de\\\/gebet-zur-oeffnung-des-heiligen-raums\\\/\",\"url\":\"https:\\\/\\\/thefourwinds.com\\\/de\\\/gebet-zur-oeffnung-des-heiligen-raums\\\/\",\"name\":\"Gebet zur \u00d6ffnung des heiligen Raums - The Four Winds\",\"isPartOf\":{\"@id\":\"https:\\\/\\\/thefourwinds.com\\\/de\\\/#website\"},\"datePublished\":\"2022-07-06T07:49:30+00:00\",\"dateModified\":\"2022-07-06T07:49:37+00:00\",\"breadcrumb\":{\"@id\":\"https:\\\/\\\/thefourwinds.com\\\/de\\\/gebet-zur-oeffnung-des-heiligen-raums\\\/#breadcrumb\"},\"inLanguage\":\"de\",\"potentialAction\":[{\"@type\":\"ReadAction\",\"target\":[\"https:\\\/\\\/thefourwinds.com\\\/de\\\/gebet-zur-oeffnung-des-heiligen-raums\\\/\"]}]},{\"@type\":\"BreadcrumbList\",\"@id\":\"https:\\\/\\\/thefourwinds.com\\\/de\\\/gebet-zur-oeffnung-des-heiligen-raums\\\/#breadcrumb\",\"itemListElement\":[{\"@type\":\"ListItem\",\"position\":1,\"name\":\"Home\",\"item\":\"https:\\\/\\\/thefourwinds.com\\\/de\\\/\"},{\"@type\":\"ListItem\",\"position\":2,\"name\":\"Gebet zur \u00d6ffnung des heiligen Raums\"}]},{\"@type\":\"WebSite\",\"@id\":\"https:\\\/\\\/thefourwinds.com\\\/de\\\/#website\",\"url\":\"https:\\\/\\\/thefourwinds.com\\\/de\\\/\",\"name\":\"The Four Winds\",\"description\":\"World&#039;s Most Renowned School of Energy Medicine\",\"potentialAction\":[{\"@type\":\"SearchAction\",\"target\":{\"@type\":\"EntryPoint\",\"urlTemplate\":\"https:\\\/\\\/thefourwinds.com\\\/de\\\/?s={search_term_string}\"},\"query-input\":{\"@type\":\"PropertyValueSpecification\",\"valueRequired\":true,\"valueName\":\"search_term_string\"}}],\"inLanguage\":\"de\"}]}<\/script>\n<!-- \/ Yoast SEO plugin. -->","yoast_head_json":{"title":"Gebet zur \u00d6ffnung des heiligen Raums - The Four Winds","robots":{"index":"index","follow":"follow","max-snippet":"max-snippet:-1","max-image-preview":"max-image-preview:large","max-video-preview":"max-video-preview:-1"},"canonical":"https:\/\/thefourwinds.com\/de\/gebet-zur-oeffnung-des-heiligen-raums\/","og_locale":"de_DE","og_type":"article","og_title":"Gebet zur \u00d6ffnung des heiligen Raums - The Four Winds","og_description":".....Gebet f\u00fcr Er\u00f6ffnung Heiliger Raum &nbsp; EINLADUNG S\u00fcd Zu den Winden des S\u00fcdens Gro\u00dfe Schlange Wickle deine Lichtspiralen um uns Bring uns bei, die Vergangenheit abzulegen, so wie du deine [&hellip;]","og_url":"https:\/\/thefourwinds.com\/de\/gebet-zur-oeffnung-des-heiligen-raums\/","og_site_name":"The Four Winds","article_modified_time":"2022-07-06T07:49:37+00:00","twitter_card":"summary_large_image","twitter_misc":{"Gesch\u00e4tzte Lesezeit":"7\u00a0Minuten"},"schema":{"@context":"https:\/\/schema.org","@graph":[{"@type":"WebPage","@id":"https:\/\/thefourwinds.com\/de\/gebet-zur-oeffnung-des-heiligen-raums\/","url":"https:\/\/thefourwinds.com\/de\/gebet-zur-oeffnung-des-heiligen-raums\/","name":"Gebet zur \u00d6ffnung des heiligen Raums - The Four Winds","isPartOf":{"@id":"https:\/\/thefourwinds.com\/de\/#website"},"datePublished":"2022-07-06T07:49:30+00:00","dateModified":"2022-07-06T07:49:37+00:00","breadcrumb":{"@id":"https:\/\/thefourwinds.com\/de\/gebet-zur-oeffnung-des-heiligen-raums\/#breadcrumb"},"inLanguage":"de","potentialAction":[{"@type":"ReadAction","target":["https:\/\/thefourwinds.com\/de\/gebet-zur-oeffnung-des-heiligen-raums\/"]}]},{"@type":"BreadcrumbList","@id":"https:\/\/thefourwinds.com\/de\/gebet-zur-oeffnung-des-heiligen-raums\/#breadcrumb","itemListElement":[{"@type":"ListItem","position":1,"name":"Home","item":"https:\/\/thefourwinds.com\/de\/"},{"@type":"ListItem","position":2,"name":"Gebet zur \u00d6ffnung des heiligen Raums"}]},{"@type":"WebSite","@id":"https:\/\/thefourwinds.com\/de\/#website","url":"https:\/\/thefourwinds.com\/de\/","name":"The Four Winds","description":"World&#039;s Most Renowned School of Energy Medicine","potentialAction":[{"@type":"SearchAction","target":{"@type":"EntryPoint","urlTemplate":"https:\/\/thefourwinds.com\/de\/?s={search_term_string}"},"query-input":{"@type":"PropertyValueSpecification","valueRequired":true,"valueName":"search_term_string"}}],"inLanguage":"de"}]}},"ticketed":false,"_links":{"self":[{"href":"https:\/\/thefourwinds.com\/de\/wp-json\/wp\/v2\/pages\/270160","targetHints":{"allow":["GET"]}}],"collection":[{"href":"https:\/\/thefourwinds.com\/de\/wp-json\/wp\/v2\/pages"}],"about":[{"href":"https:\/\/thefourwinds.com\/de\/wp-json\/wp\/v2\/types\/page"}],"author":[{"embeddable":true,"href":"https:\/\/thefourwinds.com\/de\/wp-json\/wp\/v2\/users\/283"}],"replies":[{"embeddable":true,"href":"https:\/\/thefourwinds.com\/de\/wp-json\/wp\/v2\/comments?post=270160"}],"version-history":[{"count":0,"href":"https:\/\/thefourwinds.com\/de\/wp-json\/wp\/v2\/pages\/270160\/revisions"}],"wp:attachment":[{"href":"https:\/\/thefourwinds.com\/de\/wp-json\/wp\/v2\/media?parent=270160"}],"curies":[{"name":"wp","href":"https:\/\/api.w.org\/{rel}","templated":true}]}}