{"id":270267,"date":"2022-07-06T07:49:34","date_gmt":"2022-07-06T07:49:34","guid":{"rendered":"https:\/\/thefourwinds.com\/alberto-villoldo-lebenslauf\/"},"modified":"2022-07-06T07:49:38","modified_gmt":"2022-07-06T07:49:38","slug":"alberto-villoldo-lebenslauf","status":"publish","type":"page","link":"https:\/\/thefourwinds.com\/de\/alberto-villoldo-lebenslauf\/","title":{"rendered":"Alberto Villoldo &#8211; Lebenslauf"},"content":{"rendered":"<p>[et_pb_section fb_built=&#8220;1&#8243; _builder_version=&#8220;3.22&#8243; global_colors_info=&#8220;{}&#8220;][et_pb_row _builder_version=&#8220;3.25&#8243; background_size=&#8220;initial&#8220; background_position=&#8220;top_left&#8220; background_repeat=&#8220;repeat&#8220; global_colors_info=&#8220;{}&#8220;][et_pb_column type=&#8220;4_4&#8243; _builder_version=&#8220;3.25&#8243; custom_padding=&#8220;|||&#8220; global_colors_info=&#8220;{}&#8220; custom_padding__hover=&#8220;|||&#8220;][et_pb_text _builder_version=&#8220;3.27.4&#8243; background_size=&#8220;initial&#8220; background_position=&#8220;top_left&#8220; background_repeat=&#8220;repeat&#8220; global_colors_info=&#8220;{}&#8220;]<\/p>\n<h3>DIE ART, WIE WIR LEBEN UND STERBEN, VER\u00c4NDERN<\/h3>\n<p>Mit Mitte 20 war Alberto Villoldo der j\u00fcngste klinische Professor an der San Francisco State University. Er leitete das Labor f\u00fcr biologische Selbstregulierung und untersuchte, wie die Energiemedizin die Chemie des Gehirns ver\u00e4ndern kann. Eines Tages erkannte Alberto in seinem Labor, dass seine Forschung nicht kleiner, sondern gr\u00f6\u00dfer werden musste, dass er durch das falsche Ende des Mikroskops schaute. Er musste ein System finden, das gr\u00f6\u00dfer ist als die neuronalen Netze des Gehirns. Viele andere studierten bereits die Hardware &#8211; Alberto wollte lernen, den Geist zu programmieren, um psychosomatische Gesundheit zu schaffen<\/p>\n<p>Anthropologische Geschichten wiesen darauf hin, dass es \u00fcberall auf der Welt Menschen gab, die behaupteten, solche Dinge zu wissen, einschlie\u00dflich der wenigen verbliebenen &#8222;Schamanen&#8220; in der heutigen modernen Welt.<\/p>\n<p>Alberto tauschte sein Labor gegen ein Paar Wanderstiefel und ein Ticket zum Amazonas &#8211; entschlossen, von Forschern zu lernen, deren Blick nicht auf die Linse eines Mikroskops beschr\u00e4nkt war, von Menschen, deren Wissen mehr umfasste als die messbare, materielle Welt, von der er gelernt hatte, dass sie die EINZIGE Realit\u00e4t sei. Er wollte die Menschen treffen, die die R\u00e4ume zwischen den Dingen sp\u00fcren und die leuchtenden Str\u00e4nge wahrnehmen, die alles Leben beleben. In den Anden und im Amazonasgebiet gab es eine Reihe von Weisen oder &#8222;Erdw\u00e4chtern&#8220;, die sich an die alten Br\u00e4uche erinnerten. Alberto reiste durch unz\u00e4hlige D\u00f6rfer und Weiler und traf sich mit zahlreichen Medizinm\u00e4nnern und -frauen. Das Fehlen eines schriftlichen Wissensbestandes bedeutete, dass jedes Dorf seine eigene Note und seinen eigenen Stil in die Heilpraktiken einbrachte, die noch erhalten sind.<\/p>\n<p><img loading=\"lazy\" decoding=\"async\" class=\"wp-image-828 alignleft\" src=\"https:\/\/thefourwinds.com\/wp-content\/uploads\/2016\/10\/Alberto-in-the-forest-200x300.jpg\" alt=\"alberto-im-wald\" width=\"325\" height=\"488\" srcset=\"https:\/\/thefourwinds.com\/wp-content\/uploads\/2016\/10\/Alberto-in-the-forest-200x300.jpg 200w, https:\/\/thefourwinds.com\/wp-content\/uploads\/2016\/10\/Alberto-in-the-forest.jpg 325w\" sizes=\"(max-width: 325px) 100vw, 325px\" \/>Mehr als 10 Jahre lang trainierte Alberto mit den Medizinm\u00e4nnern des Dschungels. Bei der Heilung seiner eigenen seelischen Wunden ging Alberto den Weg des verwundeten Heilers und lernte, alten Schmerz, Trauer, Wut und Scham in Quellen der Kraft und des Mitgef\u00fchls zu verwandeln.<\/p>\n<p>Vom Amazonas aus wanderte Alberto entlang der K\u00fcste Perus, von Nazca, dem Ort gigantischer Markierungen auf dem W\u00fcstenboden, die Krafttiere und geometrische Figuren darstellen, bis zu den sagenumwobenen Shimbe-Lagunen im Norden, der Heimat der ber\u00fchmtesten Schamanen des Landes. Am Titicacasee &#8211; dem Meer auf dem Dach der Welt &#8211; sammelte Alberto dann die Geschichten und Heilpraktiken des Volkes, aus dem der Legende nach die Inka entstanden sind.<\/p>\n<p>Dabei entdeckte Alberto eine Reihe von Technologien, die den K\u00f6rper ver\u00e4ndern, die Seele heilen und die Art, wie wir leben und sterben, ver\u00e4ndern k\u00f6nnen.<\/p>\n<p>Diese alten Lehren erkl\u00e4ren, dass uns ein Luminous Energy Field (LEF) umgibt und als Matrix oder Blaupause fungiert, die die Gesundheit und Lebendigkeit des physischen K\u00f6rpers aufrechterh\u00e4lt.<\/p>\n<p>Alberto ist Gr\u00fcnder der weltber\u00fchmten Four Winds Society und der Light Body School. In seinen Lehren und Schriften teilt er die Erfahrung der Unendlichkeit und ihre F\u00e4higkeit, uns zu heilen und zu transformieren, um uns von den zeitlichen Ketten zu befreien, die uns an Krankheit, Alter und Gebrechen fesseln.<\/p>\n<p>&nbsp;<br \/>\n[\/et_pb_text][et_pb_text _builder_version=&#8220;4.9.11&#8243; background_size=&#8220;initial&#8220; background_position=&#8220;top_left&#8220; background_repeat=&#8220;repeat&#8220; global_colors_info=&#8220;{}&#8220;]<\/p>\n<h3 style=\"text-align: center;\">Dr. Alberto Villoldo ist der Autor zahlreicher Bestseller, von denen einige in vielen Sprachen erh\u00e4ltlich sind:<\/h3>\n<p>[\/et_pb_text][\/et_pb_column][\/et_pb_row][et_pb_row column_structure=&#8220;1_2,1_2&#8243; _builder_version=&#8220;4.9.11&#8243; _module_preset=&#8220;default&#8220; global_colors_info=&#8220;{}&#8220;][et_pb_column type=&#8220;1_2&#8243; _builder_version=&#8220;4.9.11&#8243; _module_preset=&#8220;default&#8220; global_colors_info=&#8220;{}&#8220;][et_pb_text _builder_version=&#8220;4.10.2&#8243; _module_preset=&#8220;default&#8220; hover_enabled=&#8220;0&#8243; global_colors_info=&#8220;{}&#8220; sticky_enabled=&#8220;0&#8243;]<\/p>\n<ul>\n<li><em>Ein-Geist-Medizin: Uralte Wege zum ultimativen Wohlbefinden<\/em><\/li>\n<li><em>Bringen Sie Ihr Gehirn in Schwung: Die Neurowissenschaft der Erleuchtung<\/em> (mit David Perlmutter, MD)<\/li>\n<li><em>Schamanen-Heiler-Weise: Wie Sie sich und andere mit der Energiemedizin Amerikas heilen k\u00f6nnen<\/em><\/li>\n<li><em>Die vier Einsichten: Weisheit, Macht und Gnade der Erdbewahrer<\/em><\/li>\n<li><em>Die Vergangenheit heilen und die Zukunft heilen mit Soul Retrieval<\/em><\/li>\n<li><em>Erleuchtung: Der Weg des Schamanen zur Heilung<\/em><\/li>\n<li><em>Mutiges Tr\u00e4umen: Wie Schamanen die Welt ins Dasein tr\u00e4umen<\/em><\/li>\n<li><em>Die vier Winde: Die Odyssee eines Schamanen in den Amazonas<\/em> (mit Erik Jendresen)<\/li>\n<\/ul>\n<p>[\/et_pb_text][\/et_pb_column][et_pb_column type=&#8220;1_2&#8243; _builder_version=&#8220;4.9.11&#8243; _module_preset=&#8220;default&#8220; global_colors_info=&#8220;{}&#8220;][et_pb_text _builder_version=&#8220;4.10.2&#8243; _module_preset=&#8220;default&#8220; hover_enabled=&#8220;0&#8243; global_colors_info=&#8220;{}&#8220; sticky_enabled=&#8220;0&#8243;]<\/p>\n<ul>\n<li><em>Tanz der vier Winde:<\/em> Die <em>Geheimnisse des Medizinrads der Inka<\/em> (mit Erik Jendresen)<\/li>\n<li><em>Insel der Sonne: Die Beherrschung des Inka-Medizinrads<\/em> (mit Erik Jendresen)<\/li>\n<li><em>Yoga, Kraft und Geist: Patanjali der Schamane<\/em><\/li>\n<li><em>Die Bereiche der Heilung<\/em> (mit Stanley Krippner Ph.D.)<\/li>\n<li><em>Heilende Zust\u00e4nde: Eine Reise in die Welt der spirituellen Heilung und des Schamanismus<\/em> (mit Stanley Krippner Ph.D.)<\/li>\n<li><em>Skelett Frau<\/em><\/li>\n<li><em>Die erste jemals erz\u00e4hlte Geschichte<\/em> (mit Erik Jendresen)<\/li>\n<\/ul>\n<p>[\/et_pb_text][\/et_pb_column][\/et_pb_row][\/et_pb_section]<\/p>\n","protected":false},"excerpt":{"rendered":"<p>DIE ART, WIE WIR LEBEN UND STERBEN, VER\u00c4NDERN Mit Mitte 20 war Alberto Villoldo der j\u00fcngste klinische Professor an der San Francisco State University. Er leitete das Labor f\u00fcr biologische [&hellip;]<\/p>\n","protected":false},"author":283,"featured_media":0,"parent":0,"menu_order":0,"comment_status":"closed","ping_status":"closed","template":"","meta":{"_et_pb_use_builder":"on","_et_pb_old_content":"","_et_gb_content_width":"","_price":"","_stock":"","_tribe_ticket_header":"","_tribe_default_ticket_provider":"","_tribe_ticket_capacity":"0","_ticket_start_date":"","_ticket_end_date":"","_tribe_ticket_show_description":"","_tribe_ticket_show_not_going":false,"_tribe_ticket_use_global_stock":"","_tribe_ticket_global_stock_level":"","_global_stock_mode":"","_global_stock_cap":"","_tribe_rsvp_for_event":"","_tribe_ticket_going_count":"","_tribe_ticket_not_going_count":"","_tribe_tickets_list":"[]","_tribe_ticket_has_attendee_info_fields":false,"footnotes":"","_tec_slr_enabled":"","_tec_slr_layout":""},"class_list":["post-270267","page","type-page","status-publish","hentry"],"yoast_head":"<!-- This site is optimized with the Yoast SEO plugin v27.4 - https:\/\/yoast.com\/product\/yoast-seo-wordpress\/ -->\n<title>Alberto Villoldo - Lebenslauf - The Four Winds<\/title>\n<meta name=\"robots\" content=\"index, follow, max-snippet:-1, max-image-preview:large, max-video-preview:-1\" \/>\n<link rel=\"canonical\" href=\"https:\/\/thefourwinds.com\/de\/alberto-villoldo-lebenslauf\/\" \/>\n<meta property=\"og:locale\" content=\"de_DE\" \/>\n<meta property=\"og:type\" content=\"article\" \/>\n<meta property=\"og:title\" content=\"Alberto Villoldo - Lebenslauf - The Four Winds\" \/>\n<meta property=\"og:description\" content=\"DIE ART, WIE WIR LEBEN UND STERBEN, VER\u00c4NDERN Mit Mitte 20 war Alberto Villoldo der j\u00fcngste klinische Professor an der San Francisco State University. Er leitete das Labor f\u00fcr biologische [&hellip;]\" \/>\n<meta property=\"og:url\" content=\"https:\/\/thefourwinds.com\/de\/alberto-villoldo-lebenslauf\/\" \/>\n<meta property=\"og:site_name\" content=\"The Four Winds\" \/>\n<meta property=\"article:modified_time\" content=\"2022-07-06T07:49:38+00:00\" \/>\n<meta property=\"og:image\" content=\"https:\/\/thefourwinds.com\/wp-content\/uploads\/2016\/10\/Alberto-in-the-forest-200x300.jpg\" \/>\n<meta name=\"twitter:card\" content=\"summary_large_image\" \/>\n<meta name=\"twitter:label1\" content=\"Gesch\u00e4tzte Lesezeit\" \/>\n\t<meta name=\"twitter:data1\" content=\"4\u00a0Minuten\" \/>\n<script type=\"application\/ld+json\" class=\"yoast-schema-graph\">{\"@context\":\"https:\\\/\\\/schema.org\",\"@graph\":[{\"@type\":\"WebPage\",\"@id\":\"https:\\\/\\\/thefourwinds.com\\\/de\\\/alberto-villoldo-lebenslauf\\\/\",\"url\":\"https:\\\/\\\/thefourwinds.com\\\/de\\\/alberto-villoldo-lebenslauf\\\/\",\"name\":\"Alberto Villoldo - Lebenslauf - The Four Winds\",\"isPartOf\":{\"@id\":\"https:\\\/\\\/thefourwinds.com\\\/de\\\/#website\"},\"primaryImageOfPage\":{\"@id\":\"https:\\\/\\\/thefourwinds.com\\\/de\\\/alberto-villoldo-lebenslauf\\\/#primaryimage\"},\"image\":{\"@id\":\"https:\\\/\\\/thefourwinds.com\\\/de\\\/alberto-villoldo-lebenslauf\\\/#primaryimage\"},\"thumbnailUrl\":\"https:\\\/\\\/thefourwinds.com\\\/wp-content\\\/uploads\\\/2016\\\/10\\\/Alberto-in-the-forest-200x300.jpg\",\"datePublished\":\"2022-07-06T07:49:34+00:00\",\"dateModified\":\"2022-07-06T07:49:38+00:00\",\"breadcrumb\":{\"@id\":\"https:\\\/\\\/thefourwinds.com\\\/de\\\/alberto-villoldo-lebenslauf\\\/#breadcrumb\"},\"inLanguage\":\"de\",\"potentialAction\":[{\"@type\":\"ReadAction\",\"target\":[\"https:\\\/\\\/thefourwinds.com\\\/de\\\/alberto-villoldo-lebenslauf\\\/\"]}]},{\"@type\":\"ImageObject\",\"inLanguage\":\"de\",\"@id\":\"https:\\\/\\\/thefourwinds.com\\\/de\\\/alberto-villoldo-lebenslauf\\\/#primaryimage\",\"url\":\"https:\\\/\\\/thefourwinds.com\\\/wp-content\\\/uploads\\\/2016\\\/10\\\/Alberto-in-the-forest-200x300.jpg\",\"contentUrl\":\"https:\\\/\\\/thefourwinds.com\\\/wp-content\\\/uploads\\\/2016\\\/10\\\/Alberto-in-the-forest-200x300.jpg\"},{\"@type\":\"BreadcrumbList\",\"@id\":\"https:\\\/\\\/thefourwinds.com\\\/de\\\/alberto-villoldo-lebenslauf\\\/#breadcrumb\",\"itemListElement\":[{\"@type\":\"ListItem\",\"position\":1,\"name\":\"Home\",\"item\":\"https:\\\/\\\/thefourwinds.com\\\/de\\\/\"},{\"@type\":\"ListItem\",\"position\":2,\"name\":\"Alberto Villoldo &#8211; Lebenslauf\"}]},{\"@type\":\"WebSite\",\"@id\":\"https:\\\/\\\/thefourwinds.com\\\/de\\\/#website\",\"url\":\"https:\\\/\\\/thefourwinds.com\\\/de\\\/\",\"name\":\"The Four Winds\",\"description\":\"World&#039;s Most Renowned School of Energy Medicine\",\"potentialAction\":[{\"@type\":\"SearchAction\",\"target\":{\"@type\":\"EntryPoint\",\"urlTemplate\":\"https:\\\/\\\/thefourwinds.com\\\/de\\\/?s={search_term_string}\"},\"query-input\":{\"@type\":\"PropertyValueSpecification\",\"valueRequired\":true,\"valueName\":\"search_term_string\"}}],\"inLanguage\":\"de\"}]}<\/script>\n<!-- \/ Yoast SEO plugin. -->","yoast_head_json":{"title":"Alberto Villoldo - Lebenslauf - The Four Winds","robots":{"index":"index","follow":"follow","max-snippet":"max-snippet:-1","max-image-preview":"max-image-preview:large","max-video-preview":"max-video-preview:-1"},"canonical":"https:\/\/thefourwinds.com\/de\/alberto-villoldo-lebenslauf\/","og_locale":"de_DE","og_type":"article","og_title":"Alberto Villoldo - Lebenslauf - The Four Winds","og_description":"DIE ART, WIE WIR LEBEN UND STERBEN, VER\u00c4NDERN Mit Mitte 20 war Alberto Villoldo der j\u00fcngste klinische Professor an der San Francisco State University. Er leitete das Labor f\u00fcr biologische [&hellip;]","og_url":"https:\/\/thefourwinds.com\/de\/alberto-villoldo-lebenslauf\/","og_site_name":"The Four Winds","article_modified_time":"2022-07-06T07:49:38+00:00","og_image":[{"url":"https:\/\/thefourwinds.com\/wp-content\/uploads\/2016\/10\/Alberto-in-the-forest-200x300.jpg","type":"","width":"","height":""}],"twitter_card":"summary_large_image","twitter_misc":{"Gesch\u00e4tzte Lesezeit":"4\u00a0Minuten"},"schema":{"@context":"https:\/\/schema.org","@graph":[{"@type":"WebPage","@id":"https:\/\/thefourwinds.com\/de\/alberto-villoldo-lebenslauf\/","url":"https:\/\/thefourwinds.com\/de\/alberto-villoldo-lebenslauf\/","name":"Alberto Villoldo - Lebenslauf - The Four Winds","isPartOf":{"@id":"https:\/\/thefourwinds.com\/de\/#website"},"primaryImageOfPage":{"@id":"https:\/\/thefourwinds.com\/de\/alberto-villoldo-lebenslauf\/#primaryimage"},"image":{"@id":"https:\/\/thefourwinds.com\/de\/alberto-villoldo-lebenslauf\/#primaryimage"},"thumbnailUrl":"https:\/\/thefourwinds.com\/wp-content\/uploads\/2016\/10\/Alberto-in-the-forest-200x300.jpg","datePublished":"2022-07-06T07:49:34+00:00","dateModified":"2022-07-06T07:49:38+00:00","breadcrumb":{"@id":"https:\/\/thefourwinds.com\/de\/alberto-villoldo-lebenslauf\/#breadcrumb"},"inLanguage":"de","potentialAction":[{"@type":"ReadAction","target":["https:\/\/thefourwinds.com\/de\/alberto-villoldo-lebenslauf\/"]}]},{"@type":"ImageObject","inLanguage":"de","@id":"https:\/\/thefourwinds.com\/de\/alberto-villoldo-lebenslauf\/#primaryimage","url":"https:\/\/thefourwinds.com\/wp-content\/uploads\/2016\/10\/Alberto-in-the-forest-200x300.jpg","contentUrl":"https:\/\/thefourwinds.com\/wp-content\/uploads\/2016\/10\/Alberto-in-the-forest-200x300.jpg"},{"@type":"BreadcrumbList","@id":"https:\/\/thefourwinds.com\/de\/alberto-villoldo-lebenslauf\/#breadcrumb","itemListElement":[{"@type":"ListItem","position":1,"name":"Home","item":"https:\/\/thefourwinds.com\/de\/"},{"@type":"ListItem","position":2,"name":"Alberto Villoldo &#8211; Lebenslauf"}]},{"@type":"WebSite","@id":"https:\/\/thefourwinds.com\/de\/#website","url":"https:\/\/thefourwinds.com\/de\/","name":"The Four Winds","description":"World&#039;s Most Renowned School of Energy Medicine","potentialAction":[{"@type":"SearchAction","target":{"@type":"EntryPoint","urlTemplate":"https:\/\/thefourwinds.com\/de\/?s={search_term_string}"},"query-input":{"@type":"PropertyValueSpecification","valueRequired":true,"valueName":"search_term_string"}}],"inLanguage":"de"}]}},"ticketed":false,"_links":{"self":[{"href":"https:\/\/thefourwinds.com\/de\/wp-json\/wp\/v2\/pages\/270267","targetHints":{"allow":["GET"]}}],"collection":[{"href":"https:\/\/thefourwinds.com\/de\/wp-json\/wp\/v2\/pages"}],"about":[{"href":"https:\/\/thefourwinds.com\/de\/wp-json\/wp\/v2\/types\/page"}],"author":[{"embeddable":true,"href":"https:\/\/thefourwinds.com\/de\/wp-json\/wp\/v2\/users\/283"}],"replies":[{"embeddable":true,"href":"https:\/\/thefourwinds.com\/de\/wp-json\/wp\/v2\/comments?post=270267"}],"version-history":[{"count":0,"href":"https:\/\/thefourwinds.com\/de\/wp-json\/wp\/v2\/pages\/270267\/revisions"}],"wp:attachment":[{"href":"https:\/\/thefourwinds.com\/de\/wp-json\/wp\/v2\/media?parent=270267"}],"curies":[{"name":"wp","href":"https:\/\/api.w.org\/{rel}","templated":true}]}}