{"id":270439,"date":"2022-07-06T07:52:05","date_gmt":"2022-07-06T07:52:05","guid":{"rendered":"https:\/\/thefourwinds.com\/faqs-energiemedizinische-ausbildung\/"},"modified":"2022-07-06T07:52:22","modified_gmt":"2022-07-06T07:52:22","slug":"faqs-energiemedizinische-ausbildung","status":"publish","type":"page","link":"https:\/\/thefourwinds.com\/de\/faqs-energiemedizinische-ausbildung\/","title":{"rendered":"FAQ&#8217;s &#8211; Energiemedizinische Ausbildung"},"content":{"rendered":"<p>[et_pb_section fb_built=&#8220;1&#8243; _builder_version=&#8220;3.22&#8243;][et_pb_row _builder_version=&#8220;3.25&#8243; background_size=&#8220;initial&#8220; background_position=&#8220;top_left&#8220; background_repeat=&#8220;repeat&#8220;][et_pb_column type=&#8220;4_4&#8243; _builder_version=&#8220;3.25&#8243; custom_padding=&#8220;|||&#8220; custom_padding__hover=&#8220;|||&#8220;][et_pb_text _builder_version=&#8220;3.27.4&#8243; background_size=&#8220;initial&#8220; background_position=&#8220;top_left&#8220; background_repeat=&#8220;repeat&#8220;]<\/p>\n<p style=\"padding-left: 60px;\"><span style=\"color: #000000; font-size: 12pt;\"><strong>1. Kann ich die Ausbildung f\u00fcr mein pers\u00f6nliches Wachstum machen, wenn ich kein Energiemediziner werden will?<\/strong><\/span><br \/>\n<span style=\"color: #000000;\">  Viele unserer Sch\u00fcler melden sich f\u00fcr ihre eigene Heilung und zum Erlernen der Weisheitslehren des Schamanismus an. Etwa 40 % unserer Studenten gr\u00fcnden Praxen f\u00fcr Energiemedizin und schlagen eine neue Karriere ein.<\/span><\/p>\n<p style=\"padding-left: 60px;\"><span style=\"color: #000000; font-size: 12pt;\"><strong>2. Muss ich den gesamten 28-Tage-Kurs absolvieren?<\/strong><\/span><br \/>\n<span style=\"color: #000000;\">  Wir ermutigen Sie, sich f\u00fcr die gesamte vierw\u00f6chige Ausbildung anzumelden, damit Sie die tiefgreifende Wirkung der Entgiftungsdi\u00e4t, der Energiemedizin und der schamanischen Praktiken erleben k\u00f6nnen. Bei Bedarf k\u00f6nnen Sie sich f\u00fcr jeweils zweiw\u00f6chige Abschnitte anmelden. Sie k\u00f6nnen zum Beispiel die ersten zwei Wochen in Kalifornien beginnen und die letzten zwei Wochen in New York oder Chile verbringen.<\/span><\/p>\n<p style=\"padding-left: 60px;\"><span style=\"color: #000000; font-size: 12pt;\"><strong>3. Gibt es bestimmte Voraussetzungen?<\/strong><\/span><br \/>\n<span style=\"color: #000000;\">  Sie brauchen keine Vorkenntnisse in Schamanismus oder Energiemedizin, um an der Ausbildung teilzunehmen. Die einzigen Voraussetzungen sind ein offener Geist und ein offenes Herz. Sie m\u00fcssen Dr. Villoldos B\u00fccher Schamane, Heiler, Weiser und One Spirit Medicine lesen.<\/span><\/p>\n<p style=\"padding-left: 60px;\"><span style=\"color: #000000; font-size: 12pt;\"><strong>4. Kann ich an der Schulung teilnehmen, wenn ich mich in einer gesundheitlichen Krise befinde?<\/strong><\/span><br \/>\n<span style=\"color: #000000;\">  Sie sollten nur zu Ausbildungszwecken an der Schulung teilnehmen. Am besten kommen Sie, wenn Sie sich nicht in einer Krise befinden, um diese in Zukunft zu vermeiden.<\/span><\/p>\n<p style=\"padding-left: 60px;\"><span style=\"color: #000000; font-size: 12pt;\"><strong>5. Bieten Sie Stipendien und Zahlungspl\u00e4ne an?<\/strong><\/span><br \/>\n<span style=\"color: #000000;\">  Wir haben ein Stipendienprogramm, und Sie k\u00f6nnen mit einem unserer Studienberater dar\u00fcber sprechen. Wir bieten auch Zahlungspl\u00e4ne an, aber Sie m\u00fcssen den gesamten Betrag vor Beginn der Ausbildung bezahlen.<\/span><\/p>\n<p style=\"padding-left: 60px;\"><span style=\"color: #000000; font-size: 12pt;\"><strong>6. Bieten Sie eine R\u00fcckerstattung an, wenn ich die Schulung nicht abschlie\u00dfen kann?<\/strong><\/span><br \/>\n<span style=\"color: #000000;\">  Wir bieten keine R\u00fcckerstattung an, aber Sie k\u00f6nnen eine Gutschrift f\u00fcr zuk\u00fcnftige Programme erhalten, wenn Sie an einem Kurs nicht teilnehmen k\u00f6nnen.<\/span><\/p>\n<p style=\"padding-left: 60px;\"><span style=\"color: #000000; font-size: 12pt;\"><strong>7. Unterrichtet Dr. Villoldo alle Klassen?<\/strong><\/span><br \/>\n<span style=\"color: #000000;\">  Alberto und Marcela sind bei allen 300-Stunden-Ausbildungsprogrammen anwesend, es sei denn, dies ist in der Kursbeschreibung angegeben, und der Unterricht wird von ihnen und anderen Four Winds-Lehrern erteilt.<\/span><\/p>\n<p style=\"padding-left: 60px;\"><span style=\"color: #000000; font-size: 12pt;\"><strong>8. Warum sind Ihre Kurse so teuer?<\/strong><\/span><br \/>\n<span style=\"color: #000000;\">  Ein Studium in Harvard kostet 44.000 Dollar pro Jahr und dauert vier Jahre&#8230; Geld, das man spart, wenn man die Zivilisationskrankheiten wie Krebs, Alzheimer, Herzkrankheiten&#8230; vermeidet, Millionen!<\/span><\/p>\n<p style=\"padding-left: 60px;\"><span style=\"color: #f0f0f0;\">.<\/span><\/p>\n<p style=\"padding-left: 60px;\"><span style=\"font-size: 10pt; color: #993300;\"><strong><a style=\"color: #993300;\" href=\"https:\/\/thefourwinds.com\/de\/bedingungen-und-konditionen\/\">BEDINGUNGEN UND KONDITIONEN<\/a><\/strong><\/span><\/p>\n<p>[\/et_pb_text][\/et_pb_column][\/et_pb_row][\/et_pb_section]<\/p>\n","protected":false},"excerpt":{"rendered":"<p>1. Kann ich die Ausbildung f\u00fcr mein pers\u00f6nliches Wachstum machen, wenn ich kein Energiemediziner werden will? Viele unserer Sch\u00fcler melden sich f\u00fcr ihre eigene Heilung und zum Erlernen der Weisheitslehren [&hellip;]<\/p>\n","protected":false},"author":283,"featured_media":0,"parent":0,"menu_order":0,"comment_status":"closed","ping_status":"closed","template":"","meta":{"_et_pb_use_builder":"on","_et_pb_old_content":"","_et_gb_content_width":"","_price":"","_stock":"","_tribe_ticket_header":"","_tribe_default_ticket_provider":"","_tribe_ticket_capacity":"0","_ticket_start_date":"","_ticket_end_date":"","_tribe_ticket_show_description":"","_tribe_ticket_show_not_going":false,"_tribe_ticket_use_global_stock":"","_tribe_ticket_global_stock_level":"","_global_stock_mode":"","_global_stock_cap":"","_tribe_rsvp_for_event":"","_tribe_ticket_going_count":"","_tribe_ticket_not_going_count":"","_tribe_tickets_list":"[]","_tribe_ticket_has_attendee_info_fields":false,"footnotes":"","_tec_slr_enabled":"","_tec_slr_layout":""},"class_list":["post-270439","page","type-page","status-publish","hentry"],"yoast_head":"<!-- This site is optimized with the Yoast SEO plugin v27.2 - https:\/\/yoast.com\/product\/yoast-seo-wordpress\/ -->\n<title>FAQ&#039;s - Energiemedizinische Ausbildung - The Four Winds<\/title>\n<meta name=\"robots\" content=\"index, follow, max-snippet:-1, max-image-preview:large, max-video-preview:-1\" \/>\n<link rel=\"canonical\" href=\"https:\/\/thefourwinds.com\/de\/faqs-energiemedizinische-ausbildung\/\" \/>\n<meta property=\"og:locale\" content=\"de_DE\" \/>\n<meta property=\"og:type\" content=\"article\" \/>\n<meta property=\"og:title\" content=\"FAQ&#039;s - Energiemedizinische Ausbildung - The Four Winds\" \/>\n<meta property=\"og:description\" content=\"1. Kann ich die Ausbildung f\u00fcr mein pers\u00f6nliches Wachstum machen, wenn ich kein Energiemediziner werden will? Viele unserer Sch\u00fcler melden sich f\u00fcr ihre eigene Heilung und zum Erlernen der Weisheitslehren [&hellip;]\" \/>\n<meta property=\"og:url\" content=\"https:\/\/thefourwinds.com\/de\/faqs-energiemedizinische-ausbildung\/\" \/>\n<meta property=\"og:site_name\" content=\"The Four Winds\" \/>\n<meta property=\"article:modified_time\" content=\"2022-07-06T07:52:22+00:00\" \/>\n<meta name=\"twitter:card\" content=\"summary_large_image\" \/>\n<meta name=\"twitter:label1\" content=\"Gesch\u00e4tzte Lesezeit\" \/>\n\t<meta name=\"twitter:data1\" content=\"2\u00a0Minuten\" \/>\n<script type=\"application\/ld+json\" class=\"yoast-schema-graph\">{\"@context\":\"https:\/\/schema.org\",\"@graph\":[{\"@type\":\"WebPage\",\"@id\":\"https:\/\/thefourwinds.com\/de\/faqs-energiemedizinische-ausbildung\/\",\"url\":\"https:\/\/thefourwinds.com\/de\/faqs-energiemedizinische-ausbildung\/\",\"name\":\"FAQ's - Energiemedizinische Ausbildung - The Four Winds\",\"isPartOf\":{\"@id\":\"https:\/\/thefourwinds.com\/de\/#website\"},\"datePublished\":\"2022-07-06T07:52:05+00:00\",\"dateModified\":\"2022-07-06T07:52:22+00:00\",\"breadcrumb\":{\"@id\":\"https:\/\/thefourwinds.com\/de\/faqs-energiemedizinische-ausbildung\/#breadcrumb\"},\"inLanguage\":\"de\",\"potentialAction\":[{\"@type\":\"ReadAction\",\"target\":[\"https:\/\/thefourwinds.com\/de\/faqs-energiemedizinische-ausbildung\/\"]}]},{\"@type\":\"BreadcrumbList\",\"@id\":\"https:\/\/thefourwinds.com\/de\/faqs-energiemedizinische-ausbildung\/#breadcrumb\",\"itemListElement\":[{\"@type\":\"ListItem\",\"position\":1,\"name\":\"Home\",\"item\":\"https:\/\/thefourwinds.com\/de\/\"},{\"@type\":\"ListItem\",\"position\":2,\"name\":\"FAQ&#8217;s &#8211; Energiemedizinische Ausbildung\"}]},{\"@type\":\"WebSite\",\"@id\":\"https:\/\/thefourwinds.com\/de\/#website\",\"url\":\"https:\/\/thefourwinds.com\/de\/\",\"name\":\"The Four Winds\",\"description\":\"World&#039;s Most Renowned School of Energy Medicine\",\"potentialAction\":[{\"@type\":\"SearchAction\",\"target\":{\"@type\":\"EntryPoint\",\"urlTemplate\":\"https:\/\/thefourwinds.com\/de\/?s={search_term_string}\"},\"query-input\":{\"@type\":\"PropertyValueSpecification\",\"valueRequired\":true,\"valueName\":\"search_term_string\"}}],\"inLanguage\":\"de\"}]}<\/script>\n<!-- \/ Yoast SEO plugin. -->","yoast_head_json":{"title":"FAQ's - Energiemedizinische Ausbildung - The Four Winds","robots":{"index":"index","follow":"follow","max-snippet":"max-snippet:-1","max-image-preview":"max-image-preview:large","max-video-preview":"max-video-preview:-1"},"canonical":"https:\/\/thefourwinds.com\/de\/faqs-energiemedizinische-ausbildung\/","og_locale":"de_DE","og_type":"article","og_title":"FAQ's - Energiemedizinische Ausbildung - The Four Winds","og_description":"1. Kann ich die Ausbildung f\u00fcr mein pers\u00f6nliches Wachstum machen, wenn ich kein Energiemediziner werden will? Viele unserer Sch\u00fcler melden sich f\u00fcr ihre eigene Heilung und zum Erlernen der Weisheitslehren [&hellip;]","og_url":"https:\/\/thefourwinds.com\/de\/faqs-energiemedizinische-ausbildung\/","og_site_name":"The Four Winds","article_modified_time":"2022-07-06T07:52:22+00:00","twitter_card":"summary_large_image","twitter_misc":{"Gesch\u00e4tzte Lesezeit":"2\u00a0Minuten"},"schema":{"@context":"https:\/\/schema.org","@graph":[{"@type":"WebPage","@id":"https:\/\/thefourwinds.com\/de\/faqs-energiemedizinische-ausbildung\/","url":"https:\/\/thefourwinds.com\/de\/faqs-energiemedizinische-ausbildung\/","name":"FAQ's - Energiemedizinische Ausbildung - The Four Winds","isPartOf":{"@id":"https:\/\/thefourwinds.com\/de\/#website"},"datePublished":"2022-07-06T07:52:05+00:00","dateModified":"2022-07-06T07:52:22+00:00","breadcrumb":{"@id":"https:\/\/thefourwinds.com\/de\/faqs-energiemedizinische-ausbildung\/#breadcrumb"},"inLanguage":"de","potentialAction":[{"@type":"ReadAction","target":["https:\/\/thefourwinds.com\/de\/faqs-energiemedizinische-ausbildung\/"]}]},{"@type":"BreadcrumbList","@id":"https:\/\/thefourwinds.com\/de\/faqs-energiemedizinische-ausbildung\/#breadcrumb","itemListElement":[{"@type":"ListItem","position":1,"name":"Home","item":"https:\/\/thefourwinds.com\/de\/"},{"@type":"ListItem","position":2,"name":"FAQ&#8217;s &#8211; Energiemedizinische Ausbildung"}]},{"@type":"WebSite","@id":"https:\/\/thefourwinds.com\/de\/#website","url":"https:\/\/thefourwinds.com\/de\/","name":"The Four Winds","description":"World&#039;s Most Renowned School of Energy Medicine","potentialAction":[{"@type":"SearchAction","target":{"@type":"EntryPoint","urlTemplate":"https:\/\/thefourwinds.com\/de\/?s={search_term_string}"},"query-input":{"@type":"PropertyValueSpecification","valueRequired":true,"valueName":"search_term_string"}}],"inLanguage":"de"}]}},"ticketed":false,"_links":{"self":[{"href":"https:\/\/thefourwinds.com\/de\/wp-json\/wp\/v2\/pages\/270439","targetHints":{"allow":["GET"]}}],"collection":[{"href":"https:\/\/thefourwinds.com\/de\/wp-json\/wp\/v2\/pages"}],"about":[{"href":"https:\/\/thefourwinds.com\/de\/wp-json\/wp\/v2\/types\/page"}],"author":[{"embeddable":true,"href":"https:\/\/thefourwinds.com\/de\/wp-json\/wp\/v2\/users\/283"}],"replies":[{"embeddable":true,"href":"https:\/\/thefourwinds.com\/de\/wp-json\/wp\/v2\/comments?post=270439"}],"version-history":[{"count":0,"href":"https:\/\/thefourwinds.com\/de\/wp-json\/wp\/v2\/pages\/270439\/revisions"}],"wp:attachment":[{"href":"https:\/\/thefourwinds.com\/de\/wp-json\/wp\/v2\/media?parent=270439"}],"curies":[{"name":"wp","href":"https:\/\/api.w.org\/{rel}","templated":true}]}}