{"id":267878,"date":"2022-07-05T07:36:58","date_gmt":"2022-07-05T07:36:58","guid":{"rendered":"https:\/\/thefourwinds.com\/hacer-crecer-un-nuevo-cuerpo\/"},"modified":"2022-07-05T07:37:02","modified_gmt":"2022-07-05T07:37:02","slug":"hacer-crecer-un-nuevo-cuerpo","status":"publish","type":"page","link":"https:\/\/thefourwinds.com\/es\/hacer-crecer-un-nuevo-cuerpo\/","title":{"rendered":"HACER CRECER UN NUEVO CUERPO"},"content":{"rendered":"<p>[et_pb_section fb_built=\u00bb1&#8243; _builder_version=\u00bb4.10.2&#8243; _module_preset=\u00bbdefault\u00bb custom_padding=\u00bb16px|||||\u00bb bottom_divider_color=\u00bb#ffffff\u00bb bottom_divider_flip=\u00bbvertical\u00bb global_colors_info=\u00bb{}\u00bb][et_pb_row _builder_version=\u00bb4.9.10&#8243; _module_preset=\u00bbdefault\u00bb custom_margin=\u00bb-19px|auto|21px|auto||\u00bb custom_padding=\u00bb0px||0px|||\u00bb global_colors_info=\u00bb{}\u00bb][et_pb_column type=\u00bb4_4&#8243; _builder_version=\u00bb4.9.10&#8243; _module_preset=\u00bbdefault\u00bb global_colors_info=\u00bb{}\u00bb][et_pb_image src=\u00bbhttps:\/\/thefourwinds.com\/wp-content\/uploads\/2021\/08\/Icon-grow-2.png\u00bb title_text=\u00bbIcono&#8212;crecimiento-2&#8243; align=\u00bbcenter\u00bb _builder_version=\u00bb4.10.2&#8243; _module_preset=\u00bbdefault\u00bb transform_scale=\u00bb60%|60%\u00bb transform_translate=\u00bb296px|41px\u00bb transform_rotate=\u00bb0deg|0deg|344deg\u00bb custom_margin=\u00bb-34px|||||\u00bb global_colors_info=\u00bb{}\u00bb][\/et_pb_image][et_pb_text _builder_version=\u00bb4.10.2&#8243; _module_preset=\u00bbdefault\u00bb global_colors_info=\u00bb{}\u00bb]<\/p>\n<h2 style=\"text-align: center;\">CRECE UN CUERPO NUEVO &#8211; Cambia tu vida<\/h2>\n<p style=\"text-align: center;\">Desde el momento en que estamos en el vientre materno, sufrimos un da\u00f1o continuo de los radicales libres en las mitocondrias, las f\u00e1bricas de combustible de nuestras c\u00e9lulas. Este da\u00f1o comienza con la dieta de nuestra madre, y se acumula a partir de las toxinas ambientales, los pesticidas y el estr\u00e9s, hasta que se manifiesta m\u00e1s tarde como una enfermedad. El c\u00e1ncer, la diabetes, las enfermedades del coraz\u00f3n, el Alzheimer, el Parkinson y todas las enfermedades degenerativas del cerebro tienen en com\u00fan el da\u00f1o de los radicales libres y la descomposici\u00f3n de las mitocondrias.<\/p>\n<p style=\"text-align: center;\">En nuestro exclusivo retiro Grow a New Body, probar\u00e1 los alimentos y nutrientes que reparan el cerebro, regulan la producci\u00f3n de energ\u00eda celular y revierten el da\u00f1o causado por los radicales libres y el estr\u00e9s oxidativo. Los nutrac\u00e9uticos desintoxicantes, que incluyen f\u00f3rmulas antioxidantes y de reparaci\u00f3n mitocondrial, eliminar\u00e1n la niebla cerebral, aliviar\u00e1n el estr\u00e9s celular y le aportar\u00e1n mayor claridad y energ\u00eda.<\/p>\n<p style=\"text-align: center;\">La medicina energ\u00e9tica cham\u00e1nica limpiar\u00e1 las huellas de la enfermedad de tu campo energ\u00e9tico luminoso, tu \u00abmatriz vital\u00bb. El proceso de iluminaci\u00f3n enciende los genes que crean salud y apaga los genes que dan lugar a la enfermedad. Y a trav\u00e9s de la medicina energ\u00e9tica cham\u00e1nica y la recuperaci\u00f3n del alma recuperar\u00e1s partes de tu ser esencial que se perdieron como resultado de un trauma o estr\u00e9s.<\/p>\n<p>[\/et_pb_text][\/et_pb_column][\/et_pb_row][\/et_pb_section][et_pb_section fb_built=\u00bb1&#8243; _builder_version=\u00bb4.10.2&#8243; _module_preset=\u00bbdefault\u00bb background_image=\u00bbhttps:\/\/thefourwinds.com\/wp-content\/uploads\/2021\/08\/Background-Grow-Body.png\u00bb parallax=\u00bbon\u00bb parallax_method=\u00bboff\u00bb custom_padding=\u00bb0px||91px||false|false\u00bb bottom_divider_style=\u00bbcurve\u00bb bottom_divider_color=\u00bb#FFFFFF\u00bb global_colors_info=\u00bb{}\u00bb][et_pb_row _builder_version=\u00bb4.10.2&#8243; _module_preset=\u00bbdefault\u00bb background_color=\u00bbrgba(255,255,255,0.68)\u00bb custom_padding=\u00bb20px|20px|20px|20px|true|true\u00bb global_colors_info=\u00bb{}\u00bb][et_pb_column type=\u00bb4_4&#8243; _builder_version=\u00bb4.9.10&#8243; _module_preset=\u00bbdefault\u00bb global_colors_info=\u00bb{}\u00bb][et_pb_image src=\u00bbhttps:\/\/thefourwinds.com\/wp-content\/uploads\/2021\/08\/Icon-apple.png\u00bb title_text=\u00bbIcono&#8212;manzana\u00bb _builder_version=\u00bb4.10.2&#8243; _module_preset=\u00bbdefault\u00bb transform_scale=\u00bb69%|69%\u00bb transform_translate=\u00bb-46px|-318px\u00bb transform_rotate=\u00bb0deg|0deg|336deg\u00bb global_colors_info=\u00bb{}\u00bb][\/et_pb_image][et_pb_text _builder_version=\u00bb4.10.2&#8243; _module_preset=\u00bbdefault\u00bb custom_margin=\u00bb-135px|||||\u00bb global_colors_info=\u00bb{}\u00bb]<\/p>\n<p style=\"text-align: center;\">Hemos descubierto que usted puede reparar su cerebro y sanar su cuerpo en tan solo una semana reactivando sus sistemas de desintoxicaci\u00f3n celular y de eliminaci\u00f3n de radicales libres que se han apagado con la edad y activando sus prote\u00ednas de salud y longevidad (genes Sirt1).<\/p>\n<h4 style=\"text-align: center;\">APRENDE C\u00d3MO HACEMOS CRECER UN NUEVO CUERPO<br \/>CON EL DR. ALBERTO VILLOLDO<\/h4>\n<p>[\/et_pb_text][et_pb_video src=\u00bbhttps:\/\/www.youtube.com\/watch?v=GHO-XFSEXO8&#8243; _builder_version=\u00bb4.9.11&#8243; _module_preset=\u00bbdefault\u00bb global_colors_info=\u00bb{}\u00bb][\/et_pb_video][\/et_pb_column][\/et_pb_row][\/et_pb_section][et_pb_section fb_built=\u00bb1&#8243; _builder_version=\u00bb4.9.11&#8243; _module_preset=\u00bbdefault\u00bb custom_margin=\u00bb64px|||||\u00bb custom_padding=\u00bb40px||40px||false|false\u00bb global_colors_info=\u00bb{}\u00bb][et_pb_row _builder_version=\u00bb4.9.10&#8243; _module_preset=\u00bbdefault\u00bb custom_margin=\u00bb-168px|auto||auto||\u00bb custom_padding=\u00bb100px||25px|||\u00bb global_colors_info=\u00bb{}\u00bb][et_pb_column type=\u00bb4_4&#8243; _builder_version=\u00bb4.9.10&#8243; _module_preset=\u00bbdefault\u00bb global_colors_info=\u00bb{}\u00bb][et_pb_image src=\u00bbhttps:\/\/thefourwinds.com\/wp-content\/uploads\/2021\/08\/Icon-meditate-2-1.png\u00bb title_text=\u00bbIcono&#8212;meditar-2&#8243; align=\u00bbcenter\u00bb _builder_version=\u00bb4.10.2&#8243; _module_preset=\u00bbdefault\u00bb width=\u00bb51%\u00bb global_colors_info=\u00bb{}\u00bb][\/et_pb_image][et_pb_text _builder_version=\u00bb4.10.2&#8243; _module_preset=\u00bbdefault\u00bb global_colors_info=\u00bb{}\u00bb]<\/p>\n<h2 style=\"text-align: center;\">Los PROGRAMAS CRECE UN CUERPO NUEVO<\/h2>\n<h5 style=\"text-align: center;\">Elija su paquete de programas:<\/h5>\n<p style=\"text-align: center;\">[\/et_pb_text][et_pb_image src=\u00bbhttps:\/\/thefourwinds.com\/wp-content\/uploads\/2021\/08\/Icon-leaves.png\u00bb title_text=\u00bbIcono&#8230; hojas\u00bb url=\u00bbhttps:\/\/thefourwinds.com\/travel-what-to-bring-chile\/\u00bb align=\u00bbcenter\u00bb _builder_version=\u00bb4.10.2&#8243; _module_preset=\u00bbdefault\u00bb width=\u00bb9%\u00bb global_colors_info=\u00bb{}\u00bb][\/et_pb_image][et_pb_text _builder_version=\u00bb4.10.2&#8243; _module_preset=\u00bbdefault\u00bb custom_margin=\u00bb||60px|||\u00bb global_colors_info=\u00bb{}\u00bb]<\/p>\n<h5 style=\"text-align: center;\">El programa Kore<\/h5>\n<h6 style=\"text-align: center;\"><strong>Coste: 4.400 d\u00f3lares*.<\/strong><\/h6>\n<p style=\"text-align: center;\">Incluye deliciosos neuronutrientes y superalimentos para acompa\u00f1ar sus comidas org\u00e1nicas. As\u00ed como batidos de prote\u00ednas matutinos, suplementos para el cerebro y zumos de desintoxicaci\u00f3n. Aprovecha las sesiones educativas diarias con Alberto Villoldo + una consulta privada con Alberto y una sesi\u00f3n de recuperaci\u00f3n del alma. Participar en ceremonias cham\u00e1nicas, incluyendo un ritual de caba\u00f1a de sudor<span style=\"color: #bb2026;\"><br \/>\n  <strong>*<\/strong><br \/>\n<\/span> y actividades diarias de yoga y meditaci\u00f3n. Cuatro sesiones de terapia de reparaci\u00f3n mitocondrial con ox\u00edgeno.<\/p>\n<p style=\"text-align: center;\"><strong><br \/>\n  <span style=\"color: #bb2026;\">*<\/span><br \/>\n<\/strong>Tenga en cuenta que algunos servicios pueden no estar disponibles fuera del Santuario de Los Lobos en Chile.<\/p>\n<h6 style=\"text-align: center;\"><strong>*Transporte a\u00e9reo<\/strong>y alojamiento no incluidos<\/h6>\n<p>[\/et_pb_text][et_pb_image src=\u00bbhttps:\/\/thefourwinds.com\/wp-content\/uploads\/2021\/08\/Icon-tree.png\u00bb title_text=\u00bbIcono&#8212;\u00e1rbol\u00bb url=\u00bbhttps:\/\/thefourwinds.com\/travel-what-to-bring-chile\/\u00bb align=\u00bbcenter\u00bb _builder_version=\u00bb4.10.2&#8243; _module_preset=\u00bbdefault\u00bb width=\u00bb9%\u00bb global_colors_info=\u00bb{}\u00bb][\/et_pb_image][et_pb_text _builder_version=\u00bb4.10.2&#8243; _module_preset=\u00bbdefault\u00bb custom_margin=\u00bb||60px|||\u00bb global_colors_info=\u00bb{}\u00bb]<\/p>\n<h5 style=\"text-align: center;\">El programa intensivo<\/h5>\n<h6 style=\"text-align: center;\"><strong>Coste: 8.000 d\u00f3lares*.<\/strong><\/h6>\n<p style=\"text-align: center;\">Incluye todo lo que se ofrece en<strong> el Programa Kore +<\/strong> tratamientos osteop\u00e1ticos<strong> ilimitados<\/strong>, masajes, ox\u00edgeno y sesiones cham\u00e1nicas.<\/p>\n<h6 style=\"text-align: center;\"><strong>*Transporte a\u00e9reo<\/strong>y alojamiento no incluidos<\/h6>\n<p>[\/et_pb_text][et_pb_image src=\u00bbhttps:\/\/thefourwinds.com\/wp-content\/uploads\/2021\/08\/Icon-plus-1.png\u00bb title_text=\u00bbIcono&#8212;plus\u00bb url=\u00bbhttps:\/\/thefourwinds.com\/travel-what-to-bring-chile\/\u00bb align=\u00bbcenter\u00bb _builder_version=\u00bb4.10.2&#8243; _module_preset=\u00bbdefault\u00bb width=\u00bb9%\u00bb global_colors_info=\u00bb{}\u00bb][\/et_pb_image][et_pb_text _builder_version=\u00bb4.10.2&#8243; _module_preset=\u00bbdefault\u00bb global_colors_info=\u00bb{}\u00bb]<\/p>\n<h5 style=\"text-align: center;\">Opci\u00f3n complementaria: Desintoxicaci\u00f3n de metales pesados<\/h5>\n<h6 style=\"text-align: center;\"><strong>Costo $2,400<\/strong><\/h6>\n<p style=\"text-align: center;\">Se ofrece como tratamiento opcional durante algunos de nuestros programas. Incluye la quelaci\u00f3n de metales pesados y las infusiones intravenosas con nutrientes esenciales y desintoxicantes bajo supervisi\u00f3n m\u00e9dica.<\/p>\n<p style=\"text-align: center;\">[\/et_pb_text][\/et_pb_column][\/et_pb_row][et_pb_row _builder_version=\u00bb4.10.2&#8243; _module_preset=\u00bbdefault\u00bb custom_margin=\u00bb-17px|auto||auto||\u00bb custom_padding=\u00bb12px|||||\u00bb global_colors_info=\u00bb{}\u00bb][et_pb_column type=\u00bb4_4&#8243; _builder_version=\u00bb4.10.2&#8243; _module_preset=\u00bbdefault\u00bb global_colors_info=\u00bb{}\u00bb][et_pb_button button_text=\u00bbReserve su programa ahora\u00bb button_alignment=\u00bbcenter\u00bb _builder_version=\u00bb4.10.2&#8243; _module_preset=\u00bbdefault\u00bb global_colors_info=\u00bb{}\u00bb][\/et_pb_button][\/et_pb_column][\/et_pb_row][et_pb_row _builder_version=\u00bb4.9.11&#8243; _module_preset=\u00bbdefault\u00bb custom_margin=\u00bb43px|auto||auto||\u00bb global_colors_info=\u00bb{}\u00bb][et_pb_column type=\u00bb4_4&#8243; _builder_version=\u00bb4.9.11&#8243; _module_preset=\u00bbdefault\u00bb global_colors_info=\u00bb{}\u00bb][et_pb_text _builder_version=\u00bb4.10.2&#8243; _module_preset=\u00bbdefault\u00bb global_colors_info=\u00bb{}\u00bb]<\/p>\n<h2 style=\"text-align: center;\">Pr\u00f3ximas fechas de inicio:<\/h2>\n<p>[\/et_pb_text][decm_event_display show_time=\u00bboff\u00bb show_venue=\u00bboff\u00bb show_location=\u00bbon\u00bb show_name=\u00bboff\u00bb show_price=\u00bboff\u00bb show_category=\u00bboff\u00bb show_weburl=\u00bboff\u00bb show_excerpt=\u00bboff\u00bb show_callout_year=\u00bbon\u00bb show_preposition=\u00bbon\u00bb included_categories=\u00bb51&#8243; layout=\u00bblist\u00bb callout_background_color=\u00bbrgba(255,255,255,0.8)\u00bb details_icon_color=\u00bb#BB2026&#8243; event_inner_spacing=\u00bb||20px||false|false\u00bb _builder_version=\u00bb4.9.11&#8243; _module_preset=\u00bbdefault\u00bb title_font_size=\u00bb23px\u00bb callout_date_text_color=\u00bb#BB2026&#8243; callout_date_font_size=\u00bb26px\u00bb callout_month_font_size=\u00bb12px\u00bb callout_year_font_size=\u00bb14px\u00bb border_width_all=\u00bb0px\u00bb border_width_bottom_event_border=\u00bb1px\u00bb border_color_bottom_event_border=\u00bb#d6d6d6&#8243; border_radii_callout_border=\u00bbon|0px|0px|0px|0px\u00bb border_width_all_callout_border=\u00bb0px\u00bb border_color_all_callout_border=\u00bb#ffffff\u00bb box_shadow_style_callout_box_shadow=\u00bbpreset1&#8243; box_shadow_blur_callout_box_shadow=\u00bb10px\u00bb locked=\u00bboff\u00bb global_colors_info=\u00bb{}\u00bb][\/decm_event_display][\/et_pb_column][\/et_pb_row][\/et_pb_section][et_pb_section fb_built=\u00bb1&#8243; _builder_version=\u00bb4.9.10&#8243; _module_preset=\u00bbdefault\u00bb custom_padding=\u00bb2px||0px|||\u00bb global_colors_info=\u00bb{}\u00bb][et_pb_row column_structure=\u00bb1_2,1_2&#8243; _builder_version=\u00bb4.9.10&#8243; _module_preset=\u00bbdefault\u00bb global_colors_info=\u00bb{}\u00bb][et_pb_column type=\u00bb1_2&#8243; _builder_version=\u00bb4.9.10&#8243; _module_preset=\u00bbdefault\u00bb global_colors_info=\u00bb{}\u00bb][et_pb_image src=\u00bbhttps:\/\/thefourwinds.com\/wp-content\/uploads\/2021\/08\/Icons-suitcase.png\u00bb title_text=\u00bbIconos&#8211;malet\u00edn\u00bb url=\u00bbhttps:\/\/thefourwinds.com\/travel-what-to-bring-chile\/\u00bb align=\u00bbcenter\u00bb _builder_version=\u00bb4.10.2&#8243; _module_preset=\u00bbdefault\u00bb width=\u00bb20%\u00bb global_colors_info=\u00bb{}\u00bb][\/et_pb_image][et_pb_text _builder_version=\u00bb4.10.2&#8243; _module_preset=\u00bbdefault\u00bb global_colors_info=\u00bb{}\u00bb]<\/p>\n<h5 style=\"text-align: center;\"><a href=\"https:\/\/thefourwinds.com\/travel-what-to-bring-chile\/\">INFORMACI\u00d3N SOBRE EL VIAJE Y QU\u00c9 LLEVAR<\/a><\/h5>\n<p>[\/et_pb_text][\/et_pb_column][et_pb_column type=\u00bb1_2&#8243; _builder_version=\u00bb4.9.10&#8243; _module_preset=\u00bbdefault\u00bb global_colors_info=\u00bb{}\u00bb][et_pb_image src=\u00bbhttps:\/\/thefourwinds.com\/wp-content\/uploads\/2021\/08\/Icons-schedule.png\u00bb title_text=\u00bbIconos&#8211;programa\u00bb url=\u00bb\/crecer-un-cuerpo-nuevo-calendario-diario\/\u00bb align=\u00bbcenter\u00bb _builder_version=\u00bb4.10.2&#8243; _module_preset=\u00bbdefault\u00bb width=\u00bb20%\u00bb global_colors_info=\u00bb{}\u00bb][\/et_pb_image][et_pb_text _builder_version=\u00bb4.10.2&#8243; _module_preset=\u00bbdefault\u00bb global_colors_info=\u00bb{}\u00bb]<\/p>\n<h5 style=\"text-align: center;\"><a href=\"\/grow-a-new-body-daily-schedule\/\">PROGRAMA DEL D\u00cdA A D\u00cdA<\/a><\/h5>\n<p>[\/et_pb_text][\/et_pb_column][\/et_pb_row][\/et_pb_section][et_pb_section fb_built=\u00bb1&#8243; next_background_color=\u00bb#ffffff\u00bb _builder_version=\u00bb4.10.2&#8243; _module_preset=\u00bbdefault\u00bb background_image=\u00bbhttps:\/\/thefourwinds.com\/wp-content\/uploads\/2021\/08\/Lobos-Background-2.jpg\u00bb custom_margin=\u00bb63px|||||\u00bb custom_padding=\u00bb||140px|||\u00bb bottom_divider_style=\u00bbcurve\u00bb hover_enabled=\u00bb0&#8243; global_colors_info=\u00bb{}\u00bb sticky_enabled=\u00bb0&#8243; title_text=\u00bbLobos-Background\u00bb parallax=\u00bbon\u00bb parallax_method=\u00bboff\u00bb][et_pb_row _builder_version=\u00bb4.10.2&#8243; _module_preset=\u00bbdefault\u00bb background_color=\u00bbRGBA(0,0,0,0)\u00bb custom_padding=\u00bb40px|40px|40px|40px|false|false\u00bb hover_enabled=\u00bb0&#8243; global_colors_info=\u00bb{}\u00bb column_structure=\u00bb1_2,1_2&#8243; sticky_enabled=\u00bb0&#8243;][et_pb_column type=\u00bb1_2&#8243; _builder_version=\u00bb4.9.11&#8243; _module_preset=\u00bbdefault\u00bb global_colors_info=\u00bb{}\u00bb][\/et_pb_column][et_pb_column type=\u00bb1_2&#8243; _builder_version=\u00bb4.9.11&#8243; _module_preset=\u00bbdefault\u00bb global_colors_info=\u00bb{}\u00bb][et_pb_text _builder_version=\u00bb4.10.2&#8243; _module_preset=\u00bbdefault\u00bb hover_enabled=\u00bb0&#8243; global_colors_info=\u00bb{}\u00bb custom_padding=\u00bb|0px||||\u00bb custom_margin=\u00bb|||-174px||\u00bb transform_translate=\u00bb183px|17px\u00bb sticky_enabled=\u00bb0&#8243;]<\/p>\n<p style=\"text-align: center;\">Enclavado en la cordillera costera de Chile y junto a una Reserva Mundial de la Biosfera, el Santuario de Los Lobos es un balneario y un monasterio cham\u00e1nico. Las vistas inspiradoras, los cielos cristalinos y las impresionantes puestas de sol son el tel\u00f3n de fondo para que los hu\u00e9spedes disfruten del lujo \u00edntimo y la serenidad de los terrenos y de la deliciosa comida local y ecol\u00f3gica.<\/p>\n<p style=\"text-align: center;\">Todos los programas en el Santuario de Los Lobos incluyen el transporte el d\u00eda que comienza y termina el programa. El alojamiento no est\u00e1 incluido y debe reservarse por separado.<\/p>\n<p>[\/et_pb_text][et_pb_button button_text=\u00bbVer opciones de alojamiento\u00bb _builder_version=\u00bb4.10.2&#8243; _module_preset=\u00bbdefault\u00bb hover_enabled=\u00bb0&#8243; sticky_enabled=\u00bb0&#8243; button_url=\u00bbhttps:\/\/thefourwinds.com\/los-lobos-sanctuary-rates\/\u00bb transform_translate=\u00bb241px|35px\u00bb][\/et_pb_button][\/et_pb_column][\/et_pb_row][\/et_pb_section][et_pb_section fb_built=\u00bb1&#8243; _builder_version=\u00bb4.9.11&#8243; _module_preset=\u00bbdefault\u00bb global_colors_info=\u00bb{}\u00bb][et_pb_row _builder_version=\u00bb4.10.2&#8243; _module_preset=\u00bbdefault\u00bb custom_margin=\u00bb-49px|auto||auto||\u00bb global_colors_info=\u00bb{}\u00bb][et_pb_column type=\u00bb4_4&#8243; _builder_version=\u00bb4.10.2&#8243; _module_preset=\u00bbdefault\u00bb global_colors_info=\u00bb{}\u00bb][et_pb_image src=\u00bbhttps:\/\/thefourwinds.com\/wp-content\/uploads\/2021\/08\/Icon-veg-2.png\u00bb title_text=\u00bbIcono&#8212;veg\u00bb align=\u00bbcenter\u00bb _builder_version=\u00bb4.10.2&#8243; _module_preset=\u00bbdefault\u00bb transform_scale=\u00bb61%|61%\u00bb global_colors_info=\u00bb{}\u00bb][\/et_pb_image][\/et_pb_column][\/et_pb_row][\/et_pb_section]<\/p>\n","protected":false},"excerpt":{"rendered":"<p>CRECE UN CUERPO NUEVO &#8211; Cambia tu vida Desde el momento en que estamos en el vientre materno, sufrimos un da\u00f1o continuo de los radicales libres en las mitocondrias, las [&hellip;]<\/p>\n","protected":false},"author":283,"featured_media":0,"parent":0,"menu_order":0,"comment_status":"closed","ping_status":"closed","template":"","meta":{"_et_pb_use_builder":"on","_et_pb_old_content":"","_et_gb_content_width":"","_price":"","_stock":"","_tribe_ticket_header":"","_tribe_default_ticket_provider":"","_tribe_ticket_capacity":"0","_ticket_start_date":"","_ticket_end_date":"","_tribe_ticket_show_description":"","_tribe_ticket_show_not_going":false,"_tribe_ticket_use_global_stock":"","_tribe_ticket_global_stock_level":"","_global_stock_mode":"","_global_stock_cap":"","_tribe_rsvp_for_event":"","_tribe_ticket_going_count":"","_tribe_ticket_not_going_count":"","_tribe_tickets_list":"[]","_tribe_ticket_has_attendee_info_fields":false,"footnotes":"","_tec_slr_enabled":"","_tec_slr_layout":""},"class_list":["post-267878","page","type-page","status-publish","hentry"],"yoast_head":"<!-- This site is optimized with the Yoast SEO plugin v27.4 - https:\/\/yoast.com\/product\/yoast-seo-wordpress\/ -->\n<title>HACER CRECER UN NUEVO CUERPO - The Four Winds<\/title>\n<meta name=\"robots\" content=\"index, follow, max-snippet:-1, max-image-preview:large, max-video-preview:-1\" \/>\n<link rel=\"canonical\" href=\"https:\/\/thefourwinds.com\/es\/hacer-crecer-un-nuevo-cuerpo\/\" \/>\n<meta property=\"og:locale\" content=\"es_ES\" \/>\n<meta property=\"og:type\" content=\"article\" \/>\n<meta property=\"og:title\" content=\"HACER CRECER UN NUEVO CUERPO - The Four Winds\" \/>\n<meta property=\"og:description\" content=\"CRECE UN CUERPO NUEVO - Cambia tu vida Desde el momento en que estamos en el vientre materno, sufrimos un da\u00f1o continuo de los radicales libres en las mitocondrias, las [&hellip;]\" \/>\n<meta property=\"og:url\" content=\"https:\/\/thefourwinds.com\/es\/hacer-crecer-un-nuevo-cuerpo\/\" \/>\n<meta property=\"og:site_name\" content=\"The Four Winds\" \/>\n<meta property=\"article:modified_time\" content=\"2022-07-05T07:37:02+00:00\" \/>\n<meta name=\"twitter:card\" content=\"summary_large_image\" \/>\n<meta name=\"twitter:label1\" content=\"Tiempo de lectura\" \/>\n\t<meta name=\"twitter:data1\" content=\"9 minutos\" \/>\n<script type=\"application\/ld+json\" class=\"yoast-schema-graph\">{\"@context\":\"https:\\\/\\\/schema.org\",\"@graph\":[{\"@type\":\"WebPage\",\"@id\":\"https:\\\/\\\/thefourwinds.com\\\/es\\\/hacer-crecer-un-nuevo-cuerpo\\\/\",\"url\":\"https:\\\/\\\/thefourwinds.com\\\/es\\\/hacer-crecer-un-nuevo-cuerpo\\\/\",\"name\":\"HACER CRECER UN NUEVO CUERPO - The Four Winds\",\"isPartOf\":{\"@id\":\"https:\\\/\\\/thefourwinds.com\\\/es\\\/#website\"},\"datePublished\":\"2022-07-05T07:36:58+00:00\",\"dateModified\":\"2022-07-05T07:37:02+00:00\",\"breadcrumb\":{\"@id\":\"https:\\\/\\\/thefourwinds.com\\\/es\\\/hacer-crecer-un-nuevo-cuerpo\\\/#breadcrumb\"},\"inLanguage\":\"es\",\"potentialAction\":[{\"@type\":\"ReadAction\",\"target\":[\"https:\\\/\\\/thefourwinds.com\\\/es\\\/hacer-crecer-un-nuevo-cuerpo\\\/\"]}]},{\"@type\":\"BreadcrumbList\",\"@id\":\"https:\\\/\\\/thefourwinds.com\\\/es\\\/hacer-crecer-un-nuevo-cuerpo\\\/#breadcrumb\",\"itemListElement\":[{\"@type\":\"ListItem\",\"position\":1,\"name\":\"Home\",\"item\":\"https:\\\/\\\/thefourwinds.com\\\/es\\\/\"},{\"@type\":\"ListItem\",\"position\":2,\"name\":\"HACER CRECER UN NUEVO CUERPO\"}]},{\"@type\":\"WebSite\",\"@id\":\"https:\\\/\\\/thefourwinds.com\\\/es\\\/#website\",\"url\":\"https:\\\/\\\/thefourwinds.com\\\/es\\\/\",\"name\":\"The Four Winds\",\"description\":\"World&#039;s Most Renowned School of Energy Medicine\",\"potentialAction\":[{\"@type\":\"SearchAction\",\"target\":{\"@type\":\"EntryPoint\",\"urlTemplate\":\"https:\\\/\\\/thefourwinds.com\\\/es\\\/?s={search_term_string}\"},\"query-input\":{\"@type\":\"PropertyValueSpecification\",\"valueRequired\":true,\"valueName\":\"search_term_string\"}}],\"inLanguage\":\"es\"}]}<\/script>\n<!-- \/ Yoast SEO plugin. -->","yoast_head_json":{"title":"HACER CRECER UN NUEVO CUERPO - The Four Winds","robots":{"index":"index","follow":"follow","max-snippet":"max-snippet:-1","max-image-preview":"max-image-preview:large","max-video-preview":"max-video-preview:-1"},"canonical":"https:\/\/thefourwinds.com\/es\/hacer-crecer-un-nuevo-cuerpo\/","og_locale":"es_ES","og_type":"article","og_title":"HACER CRECER UN NUEVO CUERPO - The Four Winds","og_description":"CRECE UN CUERPO NUEVO - Cambia tu vida Desde el momento en que estamos en el vientre materno, sufrimos un da\u00f1o continuo de los radicales libres en las mitocondrias, las [&hellip;]","og_url":"https:\/\/thefourwinds.com\/es\/hacer-crecer-un-nuevo-cuerpo\/","og_site_name":"The Four Winds","article_modified_time":"2022-07-05T07:37:02+00:00","twitter_card":"summary_large_image","twitter_misc":{"Tiempo de lectura":"9 minutos"},"schema":{"@context":"https:\/\/schema.org","@graph":[{"@type":"WebPage","@id":"https:\/\/thefourwinds.com\/es\/hacer-crecer-un-nuevo-cuerpo\/","url":"https:\/\/thefourwinds.com\/es\/hacer-crecer-un-nuevo-cuerpo\/","name":"HACER CRECER UN NUEVO CUERPO - The Four Winds","isPartOf":{"@id":"https:\/\/thefourwinds.com\/es\/#website"},"datePublished":"2022-07-05T07:36:58+00:00","dateModified":"2022-07-05T07:37:02+00:00","breadcrumb":{"@id":"https:\/\/thefourwinds.com\/es\/hacer-crecer-un-nuevo-cuerpo\/#breadcrumb"},"inLanguage":"es","potentialAction":[{"@type":"ReadAction","target":["https:\/\/thefourwinds.com\/es\/hacer-crecer-un-nuevo-cuerpo\/"]}]},{"@type":"BreadcrumbList","@id":"https:\/\/thefourwinds.com\/es\/hacer-crecer-un-nuevo-cuerpo\/#breadcrumb","itemListElement":[{"@type":"ListItem","position":1,"name":"Home","item":"https:\/\/thefourwinds.com\/es\/"},{"@type":"ListItem","position":2,"name":"HACER CRECER UN NUEVO CUERPO"}]},{"@type":"WebSite","@id":"https:\/\/thefourwinds.com\/es\/#website","url":"https:\/\/thefourwinds.com\/es\/","name":"The Four Winds","description":"World&#039;s Most Renowned School of Energy Medicine","potentialAction":[{"@type":"SearchAction","target":{"@type":"EntryPoint","urlTemplate":"https:\/\/thefourwinds.com\/es\/?s={search_term_string}"},"query-input":{"@type":"PropertyValueSpecification","valueRequired":true,"valueName":"search_term_string"}}],"inLanguage":"es"}]}},"ticketed":false,"_links":{"self":[{"href":"https:\/\/thefourwinds.com\/es\/wp-json\/wp\/v2\/pages\/267878","targetHints":{"allow":["GET"]}}],"collection":[{"href":"https:\/\/thefourwinds.com\/es\/wp-json\/wp\/v2\/pages"}],"about":[{"href":"https:\/\/thefourwinds.com\/es\/wp-json\/wp\/v2\/types\/page"}],"author":[{"embeddable":true,"href":"https:\/\/thefourwinds.com\/es\/wp-json\/wp\/v2\/users\/283"}],"replies":[{"embeddable":true,"href":"https:\/\/thefourwinds.com\/es\/wp-json\/wp\/v2\/comments?post=267878"}],"version-history":[{"count":0,"href":"https:\/\/thefourwinds.com\/es\/wp-json\/wp\/v2\/pages\/267878\/revisions"}],"wp:attachment":[{"href":"https:\/\/thefourwinds.com\/es\/wp-json\/wp\/v2\/media?parent=267878"}],"curies":[{"name":"wp","href":"https:\/\/api.w.org\/{rel}","templated":true}]}}