{"id":268235,"date":"2022-07-05T07:37:17","date_gmt":"2022-07-05T07:37:17","guid":{"rendered":"https:\/\/thefourwinds.com\/los-lobos-tarifas\/"},"modified":"2022-09-29T10:31:39","modified_gmt":"2022-09-29T10:31:39","slug":"los-lobos-tarifas","status":"publish","type":"page","link":"https:\/\/thefourwinds.com\/es\/los-lobos-tarifas\/","title":{"rendered":"LOS LOBOS &#8211; TARIFAS"},"content":{"rendered":"<p>[et_pb_section fb_built=\u00bb1&#8243; _builder_version=\u00bb3.22&#8243; global_colors_info=\u00bb{}\u00bb][et_pb_row _builder_version=\u00bb3.25&#8243; background_size=\u00bbinitial\u00bb background_position=\u00bbtop_left\u00bb background_repeat=\u00bbrepeat\u00bb global_colors_info=\u00bb{}\u00bb][et_pb_column type=\u00bb4_4&#8243; _builder_version=\u00bb3.25&#8243; custom_padding=\u00bb|||\u00bb global_colors_info=\u00bb{}\u00bb custom_padding__hover=\u00bb|||\u00bb][et_pb_text _builder_version=\u00bb4.9.10&#8243; background_size=\u00bbinitial\u00bb background_position=\u00bbtop_left\u00bb background_repeat=\u00bbrepeat\u00bb global_colors_info=\u00bb{}\u00bb]<\/p>\n<p><span style=\"font-size: 18pt;\"><strong><span style=\"color: #000000;\">SANTUARIO DE LOS LOBOS &#8211; TARIFAS<\/span><\/strong><\/span><br \/><span style=\"color: #000000; font-size: 10pt;\">*Todas las comidas est\u00e1n incluidas en el alojamiento. El transporte del d\u00eda de inicio y finalizaci\u00f3n del programa est\u00e1 incluido.<\/span><br \/><span style=\"color: #000000; font-size: 10pt;\">**Para confirmar que su alojamiento preferido est\u00e1 disponible, env\u00ede un correo electr\u00f3nico a Deborah Stucchi a <a href=\"mailto:deborah@thefourwinds.com\"><br \/>\n  <span style=\"color: #993300;\">deborah@thefourwinds.com<\/span><br \/>\n<\/a> o <a href=\"mailto:contact@losloboslodge.com\"><br \/>\n  <span style=\"color: #993300;\">contact@losloboslodge.com<\/span><br \/>\n<\/a>.<\/span><\/p>\n<p>[\/et_pb_text][\/et_pb_column][\/et_pb_row][et_pb_row column_structure=\u00bb1_3,1_3,1_3&#8243; _builder_version=\u00bb4.10.2&#8243; background_size=\u00bbinitial\u00bb background_position=\u00bbtop_left\u00bb background_repeat=\u00bbrepeat\u00bb hover_enabled=\u00bb0&#8243; global_colors_info=\u00bb{}\u00bb make_equal=\u00bbon\u00bb sticky_enabled=\u00bb0&#8243;][et_pb_column type=\u00bb1_3&#8243; _builder_version=\u00bb4.10.2&#8243; custom_padding=\u00bb20px|20px|20px|20px|false|false\u00bb hover_enabled=\u00bb0&#8243; global_colors_info=\u00bb{}\u00bb custom_padding__hover=\u00bb|||\u00bb background_color=\u00bb#f9f9f9&#8243; sticky_enabled=\u00bb0&#8243;][et_pb_text _builder_version=\u00bb4.9.10&#8243; _module_preset=\u00bbdefault\u00bb global_colors_info=\u00bb{}\u00bb]<\/p>\n<p class=\"p1\"><strong>Suite Sunset<\/strong><br \/>S\u00f3lo ocupaci\u00f3n individual<br \/>Cama King size<\/p>\n<p><img loading=\"lazy\" decoding=\"async\" class=\"aligncenter size-full wp-image-18788\" src=\"https:\/\/thefourwinds.com\/wp-content\/uploads\/2016\/12\/Deluxe-Suite.jpg\" alt=\"Suite de lujo\" width=\"322\" height=\"200\"><\/p>\n<p>Suite elegantemente decorada con un balc\u00f3n con vistas a la piscina y a las monta\u00f1as. Tiene una cama de matrimonio y est\u00e1 situada en el alojamiento principal. Lujoso ba\u00f1o, amplio armario y caja fuerte en la habitaci\u00f3n. S\u00e1banas italianas Frette, albornoces de felpa y edredones de plumas europeas. Aproximadamente. 40 metros cuadrados (450 pies cuadrados).<\/p>\n<hr>\n<p><strong>Tarifa por persona y noche<\/strong><br \/>Ocupaci\u00f3n individual<br \/>$650.00<\/p>\n<p>.<\/p>\n<p>[\/et_pb_text][\/et_pb_column][et_pb_column type=\u00bb1_3&#8243; _builder_version=\u00bb4.10.2&#8243; custom_padding=\u00bb20px|20px|20px|20px|false|false\u00bb hover_enabled=\u00bb0&#8243; global_colors_info=\u00bb{}\u00bb custom_padding__hover=\u00bb|||\u00bb sticky_enabled=\u00bb0&#8243; background_color=\u00bb#f9f9f9&#8243;][et_pb_text _builder_version=\u00bb4.10.2&#8243; _module_preset=\u00bbdefault\u00bb hover_enabled=\u00bb0&#8243; global_colors_info=\u00bb{}\u00bb sticky_enabled=\u00bb0&#8243;]<\/p>\n<p><strong>Suite Roble<\/strong><br \/>S\u00f3lo ocupaci\u00f3n individual<br \/>Cama de tama\u00f1o normal<\/p>\n<p><img loading=\"lazy\" decoding=\"async\" class=\"aligncenter size-full wp-image-18792\" src=\"https:\/\/thefourwinds.com\/wp-content\/uploads\/2016\/12\/Single-Room.jpg\" alt=\"Habitaci\u00f3n individual\" width=\"322\" height=\"200\"><\/p>\n<p>Una habitaci\u00f3n individual elegantemente decorada en el Lodge principal. Elegante y confortable, con un lujoso ba\u00f1o y caja fuerte en la habitaci\u00f3n. S\u00e1banas italianas Frette, albornoces de felpa y edredones de plumas europeas. Aproximadamente. 30 metros cuadrados (350 pies cuadrados).<\/p>\n<hr>\n<p><strong>Tarifa por persona y noche<\/strong><br \/>Ocupaci\u00f3n individual<br \/>$450.00<\/p>\n<p>.<\/p>\n<p>[\/et_pb_text][\/et_pb_column][et_pb_column type=\u00bb1_3&#8243; _builder_version=\u00bb4.10.2&#8243; custom_padding=\u00bb20px|20px|20px|20px|false|false\u00bb hover_enabled=\u00bb0&#8243; global_colors_info=\u00bb{}\u00bb custom_padding__hover=\u00bb|||\u00bb background_color=\u00bb#f9f9f9&#8243; sticky_enabled=\u00bb0&#8243;][et_pb_text _builder_version=\u00bb4.9.10&#8243; _module_preset=\u00bbdefault\u00bb global_colors_info=\u00bb{}\u00bb]<\/p>\n<p><strong>Casita de lujo<\/strong><br \/>Ocupaci\u00f3n individual o en pareja<br \/>Cama King size<\/p>\n<p><img loading=\"lazy\" decoding=\"async\" class=\"aligncenter size-full wp-image-18784\" src=\"https:\/\/thefourwinds.com\/wp-content\/uploads\/2016\/12\/LUXURY-CASITA2.jpg\" alt=\"CASITA DE LUJO2\" width=\"322\" height=\"200\"><\/p>\n<p>El alojamiento m\u00e1s lujoso de Los Lobos Lodge, con vistas a los jardines. Est\u00e1n equipadas con estufa de le\u00f1a y ba\u00f1o y ducha independientes. Cada caba\u00f1a tiene una cama king-size, un ba\u00f1o lujosamente equipado, aire acondicionado y cajas de seguridad en la habitaci\u00f3n. Aproximadamente. 75 metros cuadrados (800 pies cuadrados).<\/p>\n<hr>\n<p class=\"p1\"><strong>Tarifa por persona y noche<\/strong><br \/>Ocupaci\u00f3n por parejas<br \/>$400.00<br \/>Ocupaci\u00f3n individual<br \/>$750.00<\/p>\n<p>[\/et_pb_text][\/et_pb_column][\/et_pb_row][et_pb_row column_structure=\u00bb1_3,1_3,1_3&#8243; _builder_version=\u00bb4.10.2&#8243; global_colors_info=\u00bb{}\u00bb make_equal=\u00bbon\u00bb sticky_enabled=\u00bb0&#8243; background_size=\u00bbinitial\u00bb background_position=\u00bbtop_left\u00bb background_repeat=\u00bbrepeat\u00bb hover_enabled=\u00bb0&#8243;][et_pb_column type=\u00bb1_3&#8243; _builder_version=\u00bb4.10.2&#8243; custom_padding=\u00bb20px|20px|20px|20px|false|false\u00bb hover_enabled=\u00bb0&#8243; global_colors_info=\u00bb{}\u00bb custom_padding__hover=\u00bb|||\u00bb sticky_enabled=\u00bb0&#8243; background_color=\u00bb#f9f9f9&#8243;][et_pb_text _builder_version=\u00bb4.9.10&#8243; _module_preset=\u00bbdefault\u00bb global_colors_info=\u00bb{}\u00bb]<\/p>\n<p><strong>Habitaci\u00f3n Superior<\/strong><br \/>Ocupaci\u00f3n individual o doble<\/p>\n<p><img loading=\"lazy\" decoding=\"async\" class=\"aligncenter size-full wp-image-18799\" src=\"https:\/\/thefourwinds.com\/wp-content\/uploads\/2016\/12\/Superior-Room.jpg\" alt=\"Habitaci\u00f3n Superior\" width=\"322\" height=\"200\"><\/p>\n<p>Suite elegantemente decorada con un balc\u00f3n con vistas a las monta\u00f1as. Lujosos ba\u00f1os y amplios armarios. Cada habitaci\u00f3n tiene dos camas individuales o una cama de matrimonio, y cajas de seguridad en la habitaci\u00f3n. S\u00e1banas italianas Frette, albornoces de felpa y edredones de plumas europeas. Aproximadamente. 40 metros cuadrados (450 pies cuadrados).<\/p>\n<hr>\n<p><strong>Tarifa por persona y noche<\/strong><br \/>Doble Ocupaci\u00f3n<br \/>$350.00<\/p>\n<p>Ocupaci\u00f3n individual<br \/>$550.00<\/p>\n<p>[\/et_pb_text][\/et_pb_column][et_pb_column type=\u00bb1_3&#8243; _builder_version=\u00bb4.10.2&#8243; custom_padding=\u00bb20px|20px|20px|20px|false|false\u00bb hover_enabled=\u00bb0&#8243; global_colors_info=\u00bb{}\u00bb custom_padding__hover=\u00bb|||\u00bb background_color=\u00bb#f9f9f9&#8243; sticky_enabled=\u00bb0&#8243;][et_pb_text _builder_version=\u00bb4.9.10&#8243; _module_preset=\u00bbdefault\u00bb global_colors_info=\u00bb{}\u00bb]<\/p>\n<p><strong>Tienda Safari de lujo<\/strong><br \/>Ocupaci\u00f3n individual o doble<\/p>\n<p><img loading=\"lazy\" decoding=\"async\" class=\"aligncenter size-full wp-image-18801\" src=\"https:\/\/thefourwinds.com\/wp-content\/uploads\/2016\/12\/Luxury-Safari-Tent-Double-Occupancy.jpg\" alt=\"Tienda Safari de Lujo-Ocupaci\u00f3n Doble\" width=\"322\" height=\"200\"><\/p>\n<p>Tiendas de campa\u00f1a estilo arbusto africano con ba\u00f1os privados al aire libre. Las ventanas arqueadas con red permiten el paso de la brisa. Finas s\u00e1banas de algod\u00f3n y almohadas de felpa, \u00a1y mucha agua caliente! En el exterior, dos sillas de direcci\u00f3n ofrecen vistas a las monta\u00f1as y al bosque. Aproximadamente. 40 metros cuadrados (450 pies cuadrados).<\/p>\n<hr>\n<p><strong>Tarifa por persona y noche<\/strong><br \/>Doble Ocupaci\u00f3n<br \/>$185.00<\/p>\n<p>Ocupaci\u00f3n individual<br \/>$300.00.<\/p>\n<p>[\/et_pb_text][\/et_pb_column][et_pb_column type=\u00bb1_3&#8243; _builder_version=\u00bb4.10.2&#8243; custom_padding=\u00bb20px|20px|20px|20px|false|false\u00bb hover_enabled=\u00bb0&#8243; global_colors_info=\u00bb{}\u00bb custom_padding__hover=\u00bb|||\u00bb sticky_enabled=\u00bb0&#8243; background_color=\u00bb#f9f9f9&#8243;][et_pb_text _builder_version=\u00bb4.9.10&#8243; _module_preset=\u00bbdefault\u00bb hover_enabled=\u00bb0&#8243; global_colors_info=\u00bb{}\u00bb sticky_enabled=\u00bb0&#8243;]<\/p>\n<p><strong>Tienda Safari<\/strong><br \/>Doble Ocupaci\u00f3n<\/p>\n<p><img loading=\"lazy\" decoding=\"async\" class=\"aligncenter size-full wp-image-18807\" src=\"https:\/\/thefourwinds.com\/wp-content\/uploads\/2016\/12\/Safari-Tent-Double-Occupancy.jpg\" alt=\"Tienda de campa\u00f1a Safari-Ocupaci\u00f3n doble\" width=\"322\" height=\"200\"><\/p>\n<p>Tiendas de campa\u00f1a de estilo arbusto africano con ba\u00f1os compartidos al aire libre. Las ventanas arqueadas con red permiten el paso de la brisa. Finas s\u00e1banas de algod\u00f3n y almohadas de felpa, \u00a1y mucha agua caliente! En el exterior, dos sillas de direcci\u00f3n ofrecen vistas a las monta\u00f1as y al bosque. Aproximadamente. 40 metros cuadrados (450 pies cuadrados).<\/p>\n<hr>\n<p><strong>Tarifa por persona y noche<\/strong><br \/>Doble Ocupaci\u00f3n<br \/>$150.00<\/p>\n<p>[\/et_pb_text][\/et_pb_column][\/et_pb_row][et_pb_row _builder_version=\u00bb4.9.10&#8243; background_size=\u00bbinitial\u00bb background_position=\u00bbtop_left\u00bb background_repeat=\u00bbrepeat\u00bb global_colors_info=\u00bb{}\u00bb][et_pb_column type=\u00bb4_4&#8243; _builder_version=\u00bb3.25&#8243; custom_padding=\u00bb|||\u00bb global_colors_info=\u00bb{}\u00bb custom_padding__hover=\u00bb|||\u00bb][et_pb_text _builder_version=\u00bb4.9.10&#8243; background_size=\u00bbinitial\u00bb background_position=\u00bbtop_left\u00bb background_repeat=\u00bbrepeat\u00bb global_colors_info=\u00bb{}\u00bb]<\/p>\n<p class=\"p1\"><span style=\"color: #000000;\">***Puedes traer tu propia tienda de campa\u00f1a por 125,00 d\u00f3lares por persona y noche.  <\/span><\/p>\n<hr>\n<div style=\"line-height: 19px;\">\n<p><span style=\"color: #000000; font-size: 10pt;\"><strong>Reservas de Los Lobos<\/strong><\/span><br \/><span style=\"color: #000000; font-size: 10pt;\">  T\u00e9rminos y condiciones<\/span><\/p>\n<p><span style=\"color: #000000; font-size: 10pt;\">Todas las reservas se pagan por adelantado. Solicitamos un dep\u00f3sito del 50% para confirmar las reservas, y el saldo restante se pagar\u00e1 30 d\u00edas antes de la llegada a Los Lobos.<\/span><\/p>\n<p><span style=\"color: #000000; font-size: 10pt;\"><strong>Gastos de anulaci\u00f3n<\/strong><\/span><br \/><span style=\"color: #000000; font-size: 10pt;\">  Se aplicar\u00e1n las siguientes penalizaciones por cancelaci\u00f3n, en funci\u00f3n de la notificaci\u00f3n de cancelaci\u00f3n que se realice:<\/span><\/p>\n<ul style=\"padding: 0px 0px 20px 40px;\">\n<li><span style=\"color: #000000; font-size: 10pt;\">De 29 a 0 d\u00edas antes de la llegada prevista: 100% del total de la reserva.<\/span><\/li>\n<\/ul>\n<p><span style=\"color: #000000; font-size: 10pt;\"><strong>Condiciones de Navidad y A\u00f1o Nuevo<\/strong><\/span><br \/><span style=\"color: #000000; font-size: 10pt;\">  Al hacer las reservas para Navidad y A\u00f1o Nuevo en Los Lobos, se requerir\u00e1 el importe total de la reserva para confirmarla. Se aplicar\u00e1n las siguientes penalizaciones por cancelaci\u00f3n en funci\u00f3n de la notificaci\u00f3n de cancelaci\u00f3n realizada:<\/span><\/p>\n<ul style=\"padding: 0px 0px 20px 40px;\">\n<li><span style=\"color: #000000; font-size: 10pt;\">De 90 a 0 d\u00edas antes de la llegada prevista: 100% del total de la reserva.<\/span><\/li>\n<\/ul>\n<p><span style=\"color: #000000; font-size: 10pt;\"><strong>Otras condiciones<\/strong><\/span><br \/><span style=\"color: #000000; font-size: 10pt;\">  No se admiten animales de compa\u00f1\u00eda, ya que nuestras instalaciones no est\u00e1n equipadas para su comodidad y cuidado.<\/span><\/p>\n<p><span style=\"color: #000000; font-size: 10pt;\">Acceso WiFi gratuito en las zonas comunes. Las habitaciones no tienen acceso a Internet, ya que est\u00e1n dise\u00f1adas para garantizar un descanso completo.<\/span><\/p>\n<p><span style=\"color: #000000; font-size: 10pt;\"><strong>Tasa de reembolso  <\/strong><\/span><br \/><span style=\"color: #000000; font-size: 10pt;\">  Si se paga con tarjeta de cr\u00e9dito, retendremos el 3% del total pagado. Si se paga por transferencia bancaria, retendremos una tasa de reembolso de 25 d\u00f3lares por transferencia bancaria.<\/span><\/p>\n<p><span style=\"color: #000000; font-size: 10pt;\"><strong>Descargo de responsabilidad<\/strong><\/span><br \/><span style=\"color: #000000; font-size: 10pt;\">  Los Lobos SPA no se hace responsable y no proporcionar\u00e1 ning\u00fan reembolso por el pago de los servicios de alojamiento perdidos debido a la cancelaci\u00f3n o retraso de los vuelos, los servicios de transporte de terceros, o cualquier otra circunstancia fuera del control o responsabilidad de Los Lobos.<\/span><\/p>\n<\/div>\n<p>[\/et_pb_text][\/et_pb_column][\/et_pb_row][\/et_pb_section]<\/p>\n","protected":false},"excerpt":{"rendered":"<p>SANTUARIO DE LOS LOBOS &#8211; TARIFAS*Todas las comidas est\u00e1n incluidas en el alojamiento. El transporte del d\u00eda de inicio y finalizaci\u00f3n del programa est\u00e1 incluido.**Para confirmar que su alojamiento preferido [&hellip;]<\/p>\n","protected":false},"author":283,"featured_media":0,"parent":0,"menu_order":0,"comment_status":"closed","ping_status":"closed","template":"","meta":{"_et_pb_use_builder":"on","_et_pb_old_content":"","_et_gb_content_width":"","_price":"","_stock":"","_tribe_ticket_header":"","_tribe_default_ticket_provider":"","_tribe_ticket_capacity":"0","_ticket_start_date":"","_ticket_end_date":"","_tribe_ticket_show_description":"","_tribe_ticket_show_not_going":false,"_tribe_ticket_use_global_stock":"","_tribe_ticket_global_stock_level":"","_global_stock_mode":"","_global_stock_cap":"","_tribe_rsvp_for_event":"","_tribe_ticket_going_count":"","_tribe_ticket_not_going_count":"","_tribe_tickets_list":"[]","_tribe_ticket_has_attendee_info_fields":false,"footnotes":"","_tec_slr_enabled":"","_tec_slr_layout":""},"class_list":["post-268235","page","type-page","status-publish","hentry"],"yoast_head":"<!-- This site is optimized with the Yoast SEO plugin v27.4 - https:\/\/yoast.com\/product\/yoast-seo-wordpress\/ -->\n<title>LOS LOBOS - TARIFAS - The Four Winds<\/title>\n<meta name=\"robots\" content=\"index, follow, max-snippet:-1, max-image-preview:large, max-video-preview:-1\" \/>\n<link rel=\"canonical\" href=\"https:\/\/thefourwinds.com\/es\/los-lobos-tarifas\/\" \/>\n<meta property=\"og:locale\" content=\"es_ES\" \/>\n<meta property=\"og:type\" content=\"article\" \/>\n<meta property=\"og:title\" content=\"LOS LOBOS - TARIFAS - The Four Winds\" \/>\n<meta property=\"og:description\" content=\"SANTUARIO DE LOS LOBOS - TARIFAS*Todas las comidas est\u00e1n incluidas en el alojamiento. El transporte del d\u00eda de inicio y finalizaci\u00f3n del programa est\u00e1 incluido.**Para confirmar que su alojamiento preferido [&hellip;]\" \/>\n<meta property=\"og:url\" content=\"https:\/\/thefourwinds.com\/es\/los-lobos-tarifas\/\" \/>\n<meta property=\"og:site_name\" content=\"The Four Winds\" \/>\n<meta property=\"article:modified_time\" content=\"2022-09-29T10:31:39+00:00\" \/>\n<meta property=\"og:image\" content=\"https:\/\/thefourwinds.com\/wp-content\/uploads\/2016\/12\/Deluxe-Suite.jpg\" \/>\n<meta name=\"twitter:card\" content=\"summary_large_image\" \/>\n<meta name=\"twitter:label1\" content=\"Tiempo de lectura\" \/>\n\t<meta name=\"twitter:data1\" content=\"6 minutos\" \/>\n<script type=\"application\/ld+json\" class=\"yoast-schema-graph\">{\"@context\":\"https:\\\/\\\/schema.org\",\"@graph\":[{\"@type\":\"WebPage\",\"@id\":\"https:\\\/\\\/thefourwinds.com\\\/es\\\/los-lobos-tarifas\\\/\",\"url\":\"https:\\\/\\\/thefourwinds.com\\\/es\\\/los-lobos-tarifas\\\/\",\"name\":\"LOS LOBOS - TARIFAS - The Four Winds\",\"isPartOf\":{\"@id\":\"https:\\\/\\\/thefourwinds.com\\\/es\\\/#website\"},\"primaryImageOfPage\":{\"@id\":\"https:\\\/\\\/thefourwinds.com\\\/es\\\/los-lobos-tarifas\\\/#primaryimage\"},\"image\":{\"@id\":\"https:\\\/\\\/thefourwinds.com\\\/es\\\/los-lobos-tarifas\\\/#primaryimage\"},\"thumbnailUrl\":\"https:\\\/\\\/thefourwinds.com\\\/wp-content\\\/uploads\\\/2016\\\/12\\\/Deluxe-Suite.jpg\",\"datePublished\":\"2022-07-05T07:37:17+00:00\",\"dateModified\":\"2022-09-29T10:31:39+00:00\",\"breadcrumb\":{\"@id\":\"https:\\\/\\\/thefourwinds.com\\\/es\\\/los-lobos-tarifas\\\/#breadcrumb\"},\"inLanguage\":\"es\",\"potentialAction\":[{\"@type\":\"ReadAction\",\"target\":[\"https:\\\/\\\/thefourwinds.com\\\/es\\\/los-lobos-tarifas\\\/\"]}]},{\"@type\":\"ImageObject\",\"inLanguage\":\"es\",\"@id\":\"https:\\\/\\\/thefourwinds.com\\\/es\\\/los-lobos-tarifas\\\/#primaryimage\",\"url\":\"https:\\\/\\\/thefourwinds.com\\\/wp-content\\\/uploads\\\/2016\\\/12\\\/Deluxe-Suite.jpg\",\"contentUrl\":\"https:\\\/\\\/thefourwinds.com\\\/wp-content\\\/uploads\\\/2016\\\/12\\\/Deluxe-Suite.jpg\"},{\"@type\":\"BreadcrumbList\",\"@id\":\"https:\\\/\\\/thefourwinds.com\\\/es\\\/los-lobos-tarifas\\\/#breadcrumb\",\"itemListElement\":[{\"@type\":\"ListItem\",\"position\":1,\"name\":\"Home\",\"item\":\"https:\\\/\\\/thefourwinds.com\\\/es\\\/\"},{\"@type\":\"ListItem\",\"position\":2,\"name\":\"LOS LOBOS &#8211; TARIFAS\"}]},{\"@type\":\"WebSite\",\"@id\":\"https:\\\/\\\/thefourwinds.com\\\/es\\\/#website\",\"url\":\"https:\\\/\\\/thefourwinds.com\\\/es\\\/\",\"name\":\"The Four Winds\",\"description\":\"World&#039;s Most Renowned School of Energy Medicine\",\"potentialAction\":[{\"@type\":\"SearchAction\",\"target\":{\"@type\":\"EntryPoint\",\"urlTemplate\":\"https:\\\/\\\/thefourwinds.com\\\/es\\\/?s={search_term_string}\"},\"query-input\":{\"@type\":\"PropertyValueSpecification\",\"valueRequired\":true,\"valueName\":\"search_term_string\"}}],\"inLanguage\":\"es\"}]}<\/script>\n<!-- \/ Yoast SEO plugin. -->","yoast_head_json":{"title":"LOS LOBOS - TARIFAS - The Four Winds","robots":{"index":"index","follow":"follow","max-snippet":"max-snippet:-1","max-image-preview":"max-image-preview:large","max-video-preview":"max-video-preview:-1"},"canonical":"https:\/\/thefourwinds.com\/es\/los-lobos-tarifas\/","og_locale":"es_ES","og_type":"article","og_title":"LOS LOBOS - TARIFAS - The Four Winds","og_description":"SANTUARIO DE LOS LOBOS - TARIFAS*Todas las comidas est\u00e1n incluidas en el alojamiento. El transporte del d\u00eda de inicio y finalizaci\u00f3n del programa est\u00e1 incluido.**Para confirmar que su alojamiento preferido [&hellip;]","og_url":"https:\/\/thefourwinds.com\/es\/los-lobos-tarifas\/","og_site_name":"The Four Winds","article_modified_time":"2022-09-29T10:31:39+00:00","og_image":[{"url":"https:\/\/thefourwinds.com\/wp-content\/uploads\/2016\/12\/Deluxe-Suite.jpg","type":"","width":"","height":""}],"twitter_card":"summary_large_image","twitter_misc":{"Tiempo de lectura":"6 minutos"},"schema":{"@context":"https:\/\/schema.org","@graph":[{"@type":"WebPage","@id":"https:\/\/thefourwinds.com\/es\/los-lobos-tarifas\/","url":"https:\/\/thefourwinds.com\/es\/los-lobos-tarifas\/","name":"LOS LOBOS - TARIFAS - The Four Winds","isPartOf":{"@id":"https:\/\/thefourwinds.com\/es\/#website"},"primaryImageOfPage":{"@id":"https:\/\/thefourwinds.com\/es\/los-lobos-tarifas\/#primaryimage"},"image":{"@id":"https:\/\/thefourwinds.com\/es\/los-lobos-tarifas\/#primaryimage"},"thumbnailUrl":"https:\/\/thefourwinds.com\/wp-content\/uploads\/2016\/12\/Deluxe-Suite.jpg","datePublished":"2022-07-05T07:37:17+00:00","dateModified":"2022-09-29T10:31:39+00:00","breadcrumb":{"@id":"https:\/\/thefourwinds.com\/es\/los-lobos-tarifas\/#breadcrumb"},"inLanguage":"es","potentialAction":[{"@type":"ReadAction","target":["https:\/\/thefourwinds.com\/es\/los-lobos-tarifas\/"]}]},{"@type":"ImageObject","inLanguage":"es","@id":"https:\/\/thefourwinds.com\/es\/los-lobos-tarifas\/#primaryimage","url":"https:\/\/thefourwinds.com\/wp-content\/uploads\/2016\/12\/Deluxe-Suite.jpg","contentUrl":"https:\/\/thefourwinds.com\/wp-content\/uploads\/2016\/12\/Deluxe-Suite.jpg"},{"@type":"BreadcrumbList","@id":"https:\/\/thefourwinds.com\/es\/los-lobos-tarifas\/#breadcrumb","itemListElement":[{"@type":"ListItem","position":1,"name":"Home","item":"https:\/\/thefourwinds.com\/es\/"},{"@type":"ListItem","position":2,"name":"LOS LOBOS &#8211; TARIFAS"}]},{"@type":"WebSite","@id":"https:\/\/thefourwinds.com\/es\/#website","url":"https:\/\/thefourwinds.com\/es\/","name":"The Four Winds","description":"World&#039;s Most Renowned School of Energy Medicine","potentialAction":[{"@type":"SearchAction","target":{"@type":"EntryPoint","urlTemplate":"https:\/\/thefourwinds.com\/es\/?s={search_term_string}"},"query-input":{"@type":"PropertyValueSpecification","valueRequired":true,"valueName":"search_term_string"}}],"inLanguage":"es"}]}},"ticketed":false,"_links":{"self":[{"href":"https:\/\/thefourwinds.com\/es\/wp-json\/wp\/v2\/pages\/268235","targetHints":{"allow":["GET"]}}],"collection":[{"href":"https:\/\/thefourwinds.com\/es\/wp-json\/wp\/v2\/pages"}],"about":[{"href":"https:\/\/thefourwinds.com\/es\/wp-json\/wp\/v2\/types\/page"}],"author":[{"embeddable":true,"href":"https:\/\/thefourwinds.com\/es\/wp-json\/wp\/v2\/users\/283"}],"replies":[{"embeddable":true,"href":"https:\/\/thefourwinds.com\/es\/wp-json\/wp\/v2\/comments?post=268235"}],"version-history":[{"count":0,"href":"https:\/\/thefourwinds.com\/es\/wp-json\/wp\/v2\/pages\/268235\/revisions"}],"wp:attachment":[{"href":"https:\/\/thefourwinds.com\/es\/wp-json\/wp\/v2\/media?parent=268235"}],"curies":[{"name":"wp","href":"https:\/\/api.w.org\/{rel}","templated":true}]}}