{"id":269357,"date":"2022-07-05T07:38:32","date_gmt":"2022-07-05T07:38:32","guid":{"rendered":"https:\/\/thefourwinds.com\/oracion-para-abrir-el-espacio-sagrado\/"},"modified":"2022-09-29T10:31:19","modified_gmt":"2022-09-29T10:31:19","slug":"oracion-para-abrir-el-espacio-sagrado","status":"publish","type":"page","link":"https:\/\/thefourwinds.com\/es\/oracion-para-abrir-el-espacio-sagrado\/","title":{"rendered":"Oraci\u00f3n para abrir el espacio sagrado"},"content":{"rendered":"<p>[et_pb_section fb_built=\u00bb1&#8243; _builder_version=\u00bb3.22&#8243;][et_pb_row _builder_version=\u00bb3.25&#8243; background_size=\u00bbinitial\u00bb background_position=\u00bbtop_left\u00bb background_repeat=\u00bbrepeat\u00bb][et_pb_column type=\u00bb4_4&#8243; _builder_version=\u00bb3.25&#8243; custom_padding=\u00bb|||\u00bb custom_padding__hover=\u00bb|||\u00bb][et_pb_text _builder_version=\u00bb3.27.4&#8243; background_size=\u00bbinitial\u00bb background_position=\u00bbtop_left\u00bb background_repeat=\u00bbrepeat\u00bb]<\/p>\n<p style=\"padding-left: 60px;\"><span style=\"color: #000000; font-family: 'times new roman', times, serif; font-size: 18pt;\"><span style=\"color: #ffffff;\">&#8230;..<\/span>Oraci\u00f3n por<\/span><br \/>\n<span style=\"font-size: 36pt; color: #732a73;\"> <span style=\"font-family: 'times new roman', times, serif;\"> Abrir <\/span><span style=\"font-family: 'times new roman', times, serif;\">Espacio sagrado<\/span><\/span><\/p>\n<hr>\n<p><img loading=\"lazy\" decoding=\"async\" class=\"alignright size-full wp-image-1199\" src=\"\/wp-content\/uploads\/2016\/11\/SACRED-SPACE2.jpg\" alt=\"espacio sagrado2\" width=\"620\" height=\"900\" srcset=\"https:\/\/thefourwinds.com\/wp-content\/uploads\/2016\/11\/SACRED-SPACE2.jpg 620w, https:\/\/thefourwinds.com\/wp-content\/uploads\/2016\/11\/SACRED-SPACE2-207x300.jpg 207w\" sizes=\"(max-width: 620px) 100vw, 620px\" \/><\/p>\n<p>&nbsp;<\/p>\n<p style=\"padding-left: 90px;\"><span style=\"font-size: 14pt;\"><strong><span style=\"color: #000000;\">INVOCACI\u00d3N<\/span><\/strong><\/span><\/p>\n<p style=\"padding-left: 90px;\"><span style=\"font-size: 14pt; color: #732a73;\"><strong>Sur<\/strong><\/span><br \/>\n<span style=\"color: #000000;\">A los vientos del Sur<\/span><br \/>\n<span style=\"color: #000000;\">Gran Serpiente<\/span><br \/>\n<span style=\"color: #000000;\">Envuelve tus bobinas de luz a nuestro alrededor<\/span><br \/>\n<span style=\"color: #000000;\">Ens\u00e9\u00f1anos a desprendernos del pasado como t\u00fa te desprendes de tu piel<\/span><br \/>\n<span style=\"color: #000000;\">Para caminar suavemente sobre la Tierra<\/span><br \/>\n<span style=\"color: #000000;\">Ens\u00e9\u00f1anos el camino de la belleza<\/span><\/p>\n<p style=\"padding-left: 90px;\"><span style=\"font-size: 14pt; color: #732a73;\"><strong>West<\/strong><\/span><br \/>\n<span style=\"color: #000000;\">A los vientos del Oeste<\/span><br \/>\n<span style=\"color: #000000;\">Madre Jaguar<\/span><br \/>\n<span style=\"color: #000000;\">Proteger nuestro espacio m\u00e9dico<\/span><br \/>\n<span style=\"color: #000000;\">Ens\u00e9\u00f1anos el camino de la paz, a vivir impecablemente<\/span><br \/>\n<span style=\"color: #000000;\">Mu\u00e9stranos el camino m\u00e1s all\u00e1 de la muerte<\/span><\/p>\n<p style=\"padding-left: 90px;\"><span style=\"font-size: 14pt; color: #732a73;\"><strong>Norte<\/strong><\/span><br \/>\n<span style=\"color: #000000;\">A los vientos del Norte<\/span><br \/>\n<span style=\"color: #000000;\">Colibr\u00ed, abuelas y abuelos<\/span><br \/>\n<span style=\"color: #000000;\">Antiguos<\/span><br \/>\n<span style=\"color: #000000;\">Ven a calentarte las manos junto a nuestros fuegos<\/span><br \/>\n<span style=\"color: #000000;\">Sus\u00farranos en el viento<\/span><br \/>\n<span style=\"color: #000000;\">Honramos a los que nos han precedido<\/span><br \/>\n<span style=\"color: #000000;\">Y ustedes que vendr\u00e1n despu\u00e9s de nosotros, los hijos de nuestros hijos<\/span><\/p>\n<p style=\"padding-left: 90px;\"><span style=\"font-size: 14pt; color: #732a73;\"><strong>Este<\/strong><\/span><br \/>\n<span style=\"color: #000000;\">A los vientos del Este<\/span><br \/>\n<span style=\"color: #000000;\">\u00c1guila Grande, C\u00f3ndor<\/span><br \/>\n<span style=\"color: #000000;\">Ven a nosotros desde el lugar del Sol naciente<\/span><br \/>\n<span style=\"color: #000000;\">Mant\u00e9nganos bajo su ala<\/span><br \/>\n<span style=\"color: #000000;\">Mu\u00e9stranos las monta\u00f1as que s\u00f3lo nos atrevemos a so\u00f1ar<\/span><br \/>\n<span style=\"color: #000000;\">Ens\u00e9\u00f1anos a volar ala a ala con el Gran Esp\u00edritu<\/span><\/p>\n<p style=\"padding-left: 90px;\"><span style=\"font-size: 14pt; color: #732a73;\"><strong>Madre Tierra<\/strong><\/span><br \/>\n<span style=\"color: #000000;\">Nos hemos reunido para honrar a todos sus hijos<\/span><br \/>\n<span style=\"color: #000000;\">La gente de la piedra, la gente de la planta<\/span><br \/>\n<span style=\"color: #000000;\">Los de cuatro patas, los de dos patas, los rastreros<\/span><br \/>\n<span style=\"color: #000000;\">Los de aleta, los de pelo y los alados<\/span><br \/>\n<span style=\"color: #000000;\">Todas nuestras relaciones<\/span><\/p>\n<p style=\"padding-left: 90px;\"><span style=\"font-size: 14pt; color: #732a73;\"><strong>Padre Sol<\/strong><\/span><br \/>\n<span style=\"color: #000000;\">Padre Sol, Abuela Luna, a las Naciones Estrella<\/span><br \/>\n<span style=\"color: #000000;\">Gran Esp\u00edritu, t\u00fa que eres conocido por mil nombres<\/span><br \/>\n<span style=\"color: #000000;\">Y t\u00fa que eres el innombrable<\/span><br \/>\n<span style=\"color: #000000;\">Gracias por reunirnos<\/span><br \/>\n<span style=\"color: #000000;\">Y nos permite cantar la Canci\u00f3n de la Vida<\/span><\/p>\n<p style=\"padding-left: 90px;\"><span style=\"color: #ffffff;\">.<\/span><\/p>\n<hr>\n<p style=\"padding-left: 90px;\">\n<p style=\"padding-left: 90px;\"><span style=\"font-family: 'times new roman', times, serif; font-size: 36pt; color: #732a73;\">Ceremonia del fuego<\/span><\/p>\n<p style=\"padding-left: 90px;\"><span style=\"color: #000000;\">En las sociedades Inka, Hopi, Tibetana, Maya y otras sociedades ind\u00edgenas de todo el mundo, los ancianos mantienen la tradici\u00f3n de reunirse alrededor del fuego cuando hay luna llena y so\u00f1ar con un mundo que querr\u00edan que heredaran los hijos de sus hijos. Esa noche, llegan en silencio a un c\u00edrculo de so\u00f1adores, sabiendo que aunque lo que tienen que ofrecer es s\u00f3lo una peque\u00f1a pieza del gran rompecabezas, es importante que aparezcan  <\/span><span style=\"color: #000000;\">con amor e intenci\u00f3n y participar en el proceso de sue\u00f1o.<\/span><\/p>\n<p style=\"padding-left: 90px;\"><span style=\"color: #000000;\">En la serpiente (a nivel f\u00edsico), saben que tienen que sentarse junto al fuego. En el jaguar (a nivel emocional), se dan cuenta de que deben llevar consigo su amor y su curiosidad. En el colibr\u00ed (a nivel m\u00edtico) ofrecen su contribuci\u00f3n sin comprender c\u00f3mo encaja en el sue\u00f1o colectivo. En el \u00e1guila (en el nivel del Esp\u00edritu), ven la imagen m\u00e1s amplia que tienen ante s\u00ed y comprenden la totalidad del sue\u00f1o sin poder expresarlo ni definirlo. Se sienten inmersos en el amor, conectados con todo. No  <\/span><span style=\"color: #000000;\">Ya no experimenta el \u00abyo\u00bb, sino el poder y la maravilla del Esp\u00edritu. Se convierten en la luna y las estrellas, en el fuego y el humo, en los dem\u00e1s y en ellos mismos, en nadie y en todos.<\/span><\/p>\n<p style=\"padding-left: 90px;\"><span style=\"color: #000000;\">La ceremonia del fuego transformador se realiza en la luna llena de cada mes. Tradicionalmente, se participaba en una ceremonia del fuego durante un periodo aproximado de tres a\u00f1os antes de empezar a hacerlo por uno mismo. Luego, otro per\u00edodo de tres a\u00f1os lo hizo solo (o con su profesor) antes de  <\/span><span style=\"color: #000000;\">intent\u00f3 hacerlo por otros. Hasta hace poco, este era el proceso de formaci\u00f3n de esta ceremonia. Ahora, los chamanes dicen que \u00abno hay tiempo\u00bb para este largo proceso, que la tierra y nuestra civilizaci\u00f3n est\u00e1n en  <\/span><span style=\"color: #000000;\">un peligro tan grande que los estudiantes deber\u00edan empezar a hacer la ceremonia del fuego tan pronto como se les gu\u00ede a hacerlo. Seg\u00fan mi experiencia, el fuego se convierte entonces en el maestro. Te har\u00e1 saber inmediatamente si tu intenci\u00f3n o actitud no son puras o no est\u00e1n en sinton\u00eda con la tradici\u00f3n.<\/span><\/p>\n<p style=\"padding-left: 150px;\"><span style=\"color: #000000;\"><span style=\"color: #732a73;\">\u25cf <\/span>Antes de llegar al c\u00edrculo de fuego, crea una ofrenda con materiales quemables. Esta Flecha del Esp\u00edritu o Flecha de la Muerte representa un problema o algo que quieres dejar atr\u00e1s. Suelta el tema en la ofrenda. Sirve para centrar la atenci\u00f3n en una meditaci\u00f3n activa.<\/span><\/p>\n<p style=\"padding-left: 150px;\"><span style=\"color: #000000;\"><span style=\"color: #732a73;\">\u25cf <\/span>Elegir un palo de la Pachamama para que circule en el fuego para las oraciones a la Pachamama (este palo es<\/span><br \/>\n<span style=\"color: #000000;\">m\u00e1s grueso y sustancial que un bast\u00f3n de ofrenda personal).<\/span><\/p>\n<p style=\"padding-left: 150px;\"><span style=\"color: #000000;\"><span style=\"color: #732a73;\">\u25cf<\/span> Abrir el espacio sagrado.<\/span><\/p>\n<p style=\"padding-left: 150px;\"><span style=\"color: #000000;\"><span style=\"color: #732a73;\">\u25cf<\/span> Prepara el fuego. Comienza colocando la le\u00f1a en forma de Cruz del Sur y luego<\/span><br \/>\n<span style=\"color: #000000;\">construir un tipi de madera.<\/span><\/p>\n<p style=\"padding-left: 150px;\"><span style=\"color: #000000;\"><span style=\"color: #732a73;\">\u25cf<\/span> Encender el fuego. Una persona debe cuidar el fuego por la noche.<\/span><\/p>\n<p style=\"padding-left: 150px;\"><span style=\"color: #000000;\"><span style=\"color: #732a73;\">\u25cf<\/span> Comienza el canto para llamar al Esp\u00edritu de las Aguas bajo la Tierra:<\/span><\/p>\n<p style=\"padding-left: 180px;\"><span style=\"color: #000000;\">Nitche Tai Tai, N-U-Y<\/span><br \/>\n<span style=\"color: #000000;\">Oro Nika Oro Nika<\/span><br \/>\n<span style=\"color: #000000;\">Hey Hey&#8230;Hey Hey<\/span><br \/>\n<span style=\"color: #000000;\">Ooo Ai.<\/span><\/p>\n<p style=\"padding-left: 180px;\"><span style=\"color: #000000;\">Lo que sigue no es una traducci\u00f3n literal, pero expresa su esencia:<\/span><\/p>\n<p style=\"padding-left: 180px;\"><span style=\"color: #000000;\">Oh, Gran Madre, Madre de las Aguas<\/span><br \/>\n<span style=\"color: #000000;\">Te invocamos, Aguas de nuestro Nacimiento<\/span><br \/>\n<span style=\"color: #000000;\">Aguas de nuestro sustento<\/span><br \/>\n<span style=\"color: #000000;\">Aguas que nos limpian al morir<\/span><br \/>\n<span style=\"color: #000000;\">Aguas de la vida<\/span><\/p>\n<p style=\"padding-left: 150px;\"><span style=\"color: #000000;\"><span style=\"color: #732a73;\">\u25cf<\/span> Alimentar el fuego con aceite de oliva tres veces: ofrecerlo primero a las cuatro direcciones, luego al cielo y a la tierra, y, por \u00faltimo conectar el c\u00edrculo con el fuego honrando a \u00abtodos\u00bb los presentes.<\/span><\/p>\n<p style=\"padding-left: 150px;\"><span style=\"color: #000000;\"><span style=\"color: #732a73;\">\u25cf<\/span> Probar el fuego para ver si es amigable. En el momento en que el fuego se vuelve amistoso cambia de color y  <\/span><span style=\"color: #000000;\">se quema de una manera diferente. Este cambio se aprender\u00e1 de la observaci\u00f3n directa y<\/span><br \/>\n<span style=\"color: #000000;\">experiencia con el fuego; lo descubrir\u00e1 el alumno.<\/span><\/p>\n<p style=\"padding-left: 150px;\"><span style=\"color: #000000;\"><span style=\"color: #732a73;\">\u25cf<\/span> Cuando el fuego es amistoso, el titular del espacio abre la ceremonia de ofrendas haciendo su ofrenda al fuego (con alguien a su espalda).<\/span><\/p>\n<p style=\"padding-left: 150px;\"><span style=\"color: #000000;\"><span style=\"color: #732a73;\">\u25cf<\/span> Todos los dem\u00e1s hacen sus ofrendas al fuego que viene de las cuatro direcciones. Una persona<\/span><br \/>\n<span style=\"color: #000000;\">mantiene el espacio detr\u00e1s de cada uno de ellos. Cada persona se acerca al fuego y pone en silencio su  <\/span><span style=\"color: #000000;\">ofrenda al fuego (con alguien a su espalda). A continuaci\u00f3n, pasan las manos brevemente por el fuego atrayendo la energ\u00eda del mismo hacia el vientre, luego hacia el coraz\u00f3n y despu\u00e9s hacia la frente. La \u00fanica protecci\u00f3n al tocar el fuego es presentarse ante \u00e9l con un coraz\u00f3n puro. Puedes tocarlo ligeramente o adentrarte en la llama. No pretende ser sensacionalista ni dram\u00e1tico, sino una forma de centrar la atenci\u00f3n y la energ\u00eda en la propia transformaci\u00f3n.<\/span><\/p>\n<p style=\"padding-left: 150px;\"><span style=\"color: #000000;\">Mientras tanto, el bast\u00f3n de la Pachamama se pasa alrededor del c\u00edrculo para que todos depositen su bendici\u00f3n<span style=\"color: #732a73;\">.<\/span>  Una vez realizadas todas las ofrendas, la persona de mayor edad o la m\u00e1s joven coloca el palo de la Pachamama en el fuego.<\/span><\/p>\n<p style=\"padding-left: 150px;\"><span style=\"color: #000000;\"><span style=\"color: #732a73;\">\u25cf<\/span> Cerrar el espacio sagrado<\/span><\/p>\n<p style=\"padding-left: 150px;\"><span style=\"color: #000000;\"><span style=\"color: #732a73;\">\u25cf<\/span> Al menos dos personas, idealmente un hombre y una mujer, permanecen junto al fuego hasta que \u00e9ste se convierta en brasas; no se puede echar agua al fuego.<\/span><\/p>\n<p style=\"padding-left: 90px;\"><span style=\"color: #000000;\">Se pide a los estudiantes que consideren esta informaci\u00f3n como el \u00abcoraz\u00f3n\u00bb de la ceremonia. El estilo del propio maestro no debe imitarse literalmente, sino que es un punto de partida para encontrar el propio ritual \u00fanico que a\u00f1adir a esta ceremonia esencial.<\/span><\/p>\n<p style=\"padding-left: 90px;\"><span style=\"color: #000000;\">Hay un periodo de dos semanas tras la ceremonia del incendio en el que aparecen \u00abinstancias de oportunidad\u00bb. Estas \u00abinstancias\u00bb proporcionan la oportunidad de traducir su intenci\u00f3n de curaci\u00f3n en realidad. Se aconseja pensar en la ceremonia del fuego no como un cambio m\u00e1gico instant\u00e1neo, sino como una apertura para sanar h\u00e1bitos y patrones distintivos. Reconozca esta \u00abapertura\u00bb y aproveche la oportunidad de cambiar su comportamiento en el mundo real. Entonces deja que el universo se encargue de los detalles.<\/span><\/p>\n<p style=\"padding-left: 90px;\"><span style=\"color: #000000;\">Esto no se aplica a los incendios de su arquetipo personal. Haces estos fuegos solo (o con otro portador de mesa de este Linaje).<\/span><\/p>\n<p style=\"padding-left: 90px;\"><img loading=\"lazy\" decoding=\"async\" class=\"alignright size-full wp-image-1200\" src=\"\/wp-content\/uploads\/2016\/11\/CHAMANES-ALBERTO.jpg\" alt=\"chamanes-alberto\" width=\"2137\" height=\"1088\" srcset=\"https:\/\/thefourwinds.com\/wp-content\/uploads\/2016\/11\/CHAMANES-ALBERTO.jpg 2137w, https:\/\/thefourwinds.com\/wp-content\/uploads\/2016\/11\/CHAMANES-ALBERTO-300x153.jpg 300w, https:\/\/thefourwinds.com\/wp-content\/uploads\/2016\/11\/CHAMANES-ALBERTO-768x391.jpg 768w, https:\/\/thefourwinds.com\/wp-content\/uploads\/2016\/11\/CHAMANES-ALBERTO-1024x521.jpg 1024w, https:\/\/thefourwinds.com\/wp-content\/uploads\/2016\/11\/CHAMANES-ALBERTO-700x356.jpg 700w\" sizes=\"(max-width: 2137px) 100vw, 2137px\" \/><\/p>\n<p style=\"padding-left: 90px;\"><span style=\"color: #732a73;\"><strong><a style=\"color: #732a73;\" href=\"\/wp-content\/uploads\/Opening-Sacred-Space.pdf\">DESCARGAR LA VERSI\u00d3N IMPRIMIBLE AQU\u00cd<\/a><\/strong><\/span><\/p>\n<p>[\/et_pb_text][\/et_pb_column][\/et_pb_row][\/et_pb_section]<\/p>\n","protected":false},"excerpt":{"rendered":"<p>&#8230;..Oraci\u00f3n por Abrir Espacio sagrado &nbsp; INVOCACI\u00d3N Sur A los vientos del Sur Gran Serpiente Envuelve tus bobinas de luz a nuestro alrededor Ens\u00e9\u00f1anos a desprendernos del pasado como t\u00fa [&hellip;]<\/p>\n","protected":false},"author":283,"featured_media":0,"parent":0,"menu_order":0,"comment_status":"closed","ping_status":"closed","template":"","meta":{"_et_pb_use_builder":"on","_et_pb_old_content":"","_et_gb_content_width":"","_price":"","_stock":"","_tribe_ticket_header":"","_tribe_default_ticket_provider":"","_tribe_ticket_capacity":"0","_ticket_start_date":"","_ticket_end_date":"","_tribe_ticket_show_description":"","_tribe_ticket_show_not_going":false,"_tribe_ticket_use_global_stock":"","_tribe_ticket_global_stock_level":"","_global_stock_mode":"","_global_stock_cap":"","_tribe_rsvp_for_event":"","_tribe_ticket_going_count":"","_tribe_ticket_not_going_count":"","_tribe_tickets_list":"[]","_tribe_ticket_has_attendee_info_fields":false,"footnotes":"","_tec_slr_enabled":"","_tec_slr_layout":""},"class_list":["post-269357","page","type-page","status-publish","hentry"],"yoast_head":"<!-- This site is optimized with the Yoast SEO plugin v27.2 - https:\/\/yoast.com\/product\/yoast-seo-wordpress\/ -->\n<title>Oraci\u00f3n para abrir el espacio sagrado - The Four Winds<\/title>\n<meta name=\"robots\" content=\"index, follow, max-snippet:-1, max-image-preview:large, max-video-preview:-1\" \/>\n<link rel=\"canonical\" href=\"https:\/\/thefourwinds.com\/es\/oracion-para-abrir-el-espacio-sagrado\/\" \/>\n<meta property=\"og:locale\" content=\"es_ES\" \/>\n<meta property=\"og:type\" content=\"article\" \/>\n<meta property=\"og:title\" content=\"Oraci\u00f3n para abrir el espacio sagrado - The Four Winds\" \/>\n<meta property=\"og:description\" content=\".....Oraci\u00f3n por Abrir Espacio sagrado &nbsp; INVOCACI\u00d3N Sur A los vientos del Sur Gran Serpiente Envuelve tus bobinas de luz a nuestro alrededor Ens\u00e9\u00f1anos a desprendernos del pasado como t\u00fa [&hellip;]\" \/>\n<meta property=\"og:url\" content=\"https:\/\/thefourwinds.com\/es\/oracion-para-abrir-el-espacio-sagrado\/\" \/>\n<meta property=\"og:site_name\" content=\"The Four Winds\" \/>\n<meta property=\"article:modified_time\" content=\"2022-09-29T10:31:19+00:00\" \/>\n<meta name=\"twitter:card\" content=\"summary_large_image\" \/>\n<meta name=\"twitter:label1\" content=\"Tiempo de lectura\" \/>\n\t<meta name=\"twitter:data1\" content=\"7 minutos\" \/>\n<script type=\"application\/ld+json\" class=\"yoast-schema-graph\">{\"@context\":\"https:\/\/schema.org\",\"@graph\":[{\"@type\":\"WebPage\",\"@id\":\"https:\/\/thefourwinds.com\/es\/oracion-para-abrir-el-espacio-sagrado\/\",\"url\":\"https:\/\/thefourwinds.com\/es\/oracion-para-abrir-el-espacio-sagrado\/\",\"name\":\"Oraci\u00f3n para abrir el espacio sagrado - The Four Winds\",\"isPartOf\":{\"@id\":\"https:\/\/thefourwinds.com\/es\/#website\"},\"datePublished\":\"2022-07-05T07:38:32+00:00\",\"dateModified\":\"2022-09-29T10:31:19+00:00\",\"breadcrumb\":{\"@id\":\"https:\/\/thefourwinds.com\/es\/oracion-para-abrir-el-espacio-sagrado\/#breadcrumb\"},\"inLanguage\":\"es\",\"potentialAction\":[{\"@type\":\"ReadAction\",\"target\":[\"https:\/\/thefourwinds.com\/es\/oracion-para-abrir-el-espacio-sagrado\/\"]}]},{\"@type\":\"BreadcrumbList\",\"@id\":\"https:\/\/thefourwinds.com\/es\/oracion-para-abrir-el-espacio-sagrado\/#breadcrumb\",\"itemListElement\":[{\"@type\":\"ListItem\",\"position\":1,\"name\":\"Home\",\"item\":\"https:\/\/thefourwinds.com\/es\/\"},{\"@type\":\"ListItem\",\"position\":2,\"name\":\"Oraci\u00f3n para abrir el espacio sagrado\"}]},{\"@type\":\"WebSite\",\"@id\":\"https:\/\/thefourwinds.com\/es\/#website\",\"url\":\"https:\/\/thefourwinds.com\/es\/\",\"name\":\"The Four Winds\",\"description\":\"World&#039;s Most Renowned School of Energy Medicine\",\"potentialAction\":[{\"@type\":\"SearchAction\",\"target\":{\"@type\":\"EntryPoint\",\"urlTemplate\":\"https:\/\/thefourwinds.com\/es\/?s={search_term_string}\"},\"query-input\":{\"@type\":\"PropertyValueSpecification\",\"valueRequired\":true,\"valueName\":\"search_term_string\"}}],\"inLanguage\":\"es\"}]}<\/script>\n<!-- \/ Yoast SEO plugin. -->","yoast_head_json":{"title":"Oraci\u00f3n para abrir el espacio sagrado - The Four Winds","robots":{"index":"index","follow":"follow","max-snippet":"max-snippet:-1","max-image-preview":"max-image-preview:large","max-video-preview":"max-video-preview:-1"},"canonical":"https:\/\/thefourwinds.com\/es\/oracion-para-abrir-el-espacio-sagrado\/","og_locale":"es_ES","og_type":"article","og_title":"Oraci\u00f3n para abrir el espacio sagrado - The Four Winds","og_description":".....Oraci\u00f3n por Abrir Espacio sagrado &nbsp; INVOCACI\u00d3N Sur A los vientos del Sur Gran Serpiente Envuelve tus bobinas de luz a nuestro alrededor Ens\u00e9\u00f1anos a desprendernos del pasado como t\u00fa [&hellip;]","og_url":"https:\/\/thefourwinds.com\/es\/oracion-para-abrir-el-espacio-sagrado\/","og_site_name":"The Four Winds","article_modified_time":"2022-09-29T10:31:19+00:00","twitter_card":"summary_large_image","twitter_misc":{"Tiempo de lectura":"7 minutos"},"schema":{"@context":"https:\/\/schema.org","@graph":[{"@type":"WebPage","@id":"https:\/\/thefourwinds.com\/es\/oracion-para-abrir-el-espacio-sagrado\/","url":"https:\/\/thefourwinds.com\/es\/oracion-para-abrir-el-espacio-sagrado\/","name":"Oraci\u00f3n para abrir el espacio sagrado - The Four Winds","isPartOf":{"@id":"https:\/\/thefourwinds.com\/es\/#website"},"datePublished":"2022-07-05T07:38:32+00:00","dateModified":"2022-09-29T10:31:19+00:00","breadcrumb":{"@id":"https:\/\/thefourwinds.com\/es\/oracion-para-abrir-el-espacio-sagrado\/#breadcrumb"},"inLanguage":"es","potentialAction":[{"@type":"ReadAction","target":["https:\/\/thefourwinds.com\/es\/oracion-para-abrir-el-espacio-sagrado\/"]}]},{"@type":"BreadcrumbList","@id":"https:\/\/thefourwinds.com\/es\/oracion-para-abrir-el-espacio-sagrado\/#breadcrumb","itemListElement":[{"@type":"ListItem","position":1,"name":"Home","item":"https:\/\/thefourwinds.com\/es\/"},{"@type":"ListItem","position":2,"name":"Oraci\u00f3n para abrir el espacio sagrado"}]},{"@type":"WebSite","@id":"https:\/\/thefourwinds.com\/es\/#website","url":"https:\/\/thefourwinds.com\/es\/","name":"The Four Winds","description":"World&#039;s Most Renowned School of Energy Medicine","potentialAction":[{"@type":"SearchAction","target":{"@type":"EntryPoint","urlTemplate":"https:\/\/thefourwinds.com\/es\/?s={search_term_string}"},"query-input":{"@type":"PropertyValueSpecification","valueRequired":true,"valueName":"search_term_string"}}],"inLanguage":"es"}]}},"ticketed":false,"_links":{"self":[{"href":"https:\/\/thefourwinds.com\/es\/wp-json\/wp\/v2\/pages\/269357","targetHints":{"allow":["GET"]}}],"collection":[{"href":"https:\/\/thefourwinds.com\/es\/wp-json\/wp\/v2\/pages"}],"about":[{"href":"https:\/\/thefourwinds.com\/es\/wp-json\/wp\/v2\/types\/page"}],"author":[{"embeddable":true,"href":"https:\/\/thefourwinds.com\/es\/wp-json\/wp\/v2\/users\/283"}],"replies":[{"embeddable":true,"href":"https:\/\/thefourwinds.com\/es\/wp-json\/wp\/v2\/comments?post=269357"}],"version-history":[{"count":0,"href":"https:\/\/thefourwinds.com\/es\/wp-json\/wp\/v2\/pages\/269357\/revisions"}],"wp:attachment":[{"href":"https:\/\/thefourwinds.com\/es\/wp-json\/wp\/v2\/media?parent=269357"}],"curies":[{"name":"wp","href":"https:\/\/api.w.org\/{rel}","templated":true}]}}